{"id":3234,"date":"2019-01-04T23:12:14","date_gmt":"2019-01-04T20:12:14","guid":{"rendered":"https:\/\/www.erdemyorukoglu.com\/tr\/?page_id=3234"},"modified":"2025-08-16T17:04:43","modified_gmt":"2025-08-16T14:04:43","slug":"alexander-teknigi","status":"publish","type":"page","link":"https:\/\/www.erdemyorukoglu.com\/tr\/uzmanliklar\/alexander-teknigi\/","title":{"rendered":"ALEXANDER TEKN\u0130\u011e\u0130"},"content":{"rendered":"<div class=\"wpb-content-wrapper\">[vc_row curly_padding=&#8221;content-padding-none&#8221;][vc_column curly_padding=&#8221;content-padding&#8221;][vc_column_text]\n<h1 style=\"text-align: center;\"><strong>ALEXANDER TEKN\u0130\u011e\u0130<\/strong><\/h1>\n[\/vc_column_text][\/vc_column][\/vc_row][vc_row curly_padding=&#8221;content-padding-none&#8221;][vc_column curly_padding=&#8221;content-padding-none&#8221;][vc_single_image image=&#8221;3806&#8243; img_size=&#8221;full&#8221; style=&#8221;img-frame-large&#8221;][\/vc_column][\/vc_row][vc_row full_width=&#8221;stretch_row&#8221; curly_padding=&#8221;content-padding-xs&#8221;][vc_column width=&#8221;1\/2&#8243; curly_padding=&#8221;content-padding-none&#8221;][vc_single_image image=&#8221;3235&#8243; img_size=&#8221;large&#8221; style=&#8221;img-frame-large&#8221;][\/vc_column][vc_column width=&#8221;1\/2&#8243; curly_padding=&#8221;content-padding-none&#8221;][vc_column_text]Bu teknik Avustralyal\u0131 akt\u00f6r Frederick Matthias Alexander\u2019\u0131n (1869 -1955) sahnede sesinin k\u0131s\u0131lmas\u0131 ve doktorlar\u0131n buna \u00e7are bulamamas\u0131 sonucunda girdi\u011fi uzun soluklu bir kendini izleme d\u00f6neminden sonra ortaya \u00e7\u0131km\u0131\u015ft\u0131r. Daha sonra bu tekni\u011fin di\u011fer sanat\u00e7\u0131lar \u00fczerinde de olumlu sonu\u00e7lar vermesi, tekni\u011fin uluslararas\u0131 alanda h\u0131zla yay\u0131lmas\u0131na yol a\u00e7m\u0131\u015ft\u0131r.<\/p>\n<p>Y\u0131llar s\u00fcren \u00e7al\u0131\u015fmalar sonunda v\u00fccudunun kinestetik (bedensel zeka, akl\u0131n ve v\u00fccudun m\u00fckemmel bir fiziksel performansla birle\u015ftirilerek belli bir amaca y\u00f6nelik faaliyetlerin sergilenebilmesi yetene\u011fi) alg\u0131s\u0131n\u0131 geli\u015ftirerek, onu daha do\u011fru kullanmay\u0131 ba\u015farm\u0131\u015f ve sesiyle ilgili ya\u015fad\u0131\u011f\u0131 s\u0131k\u0131nt\u0131lar da b\u00f6ylece sona ermi\u015ftir. Hayat\u0131 boyunca sahip oldu\u011fu, ses k\u0131s\u0131lmalar\u0131 d\u0131\u015f\u0131ndaki kronik hastal\u0131klar\u0131 da v\u00fccudunu do\u011fru kullanmas\u0131 sonucunda yok olmu\u015ftur. Erkek karde\u015fi Albert Redden Alexander ile birlikte alt\u0131 sene boyunca Sydney\u2019de bu tekni\u011fi \u00f6\u011fretmek \u00fczerine \u00e7al\u0131\u015fm\u0131\u015ft\u0131r.<\/p>\n<p>V\u00fccuttaki pek \u00e7ok a\u011fr\u0131 asl\u0131nda duru\u015fla, post\u00fcrle yak\u0131nda ili\u015fkilidir. Bu konuda bir \u015fey yap\u0131lmad\u0131\u011f\u0131 zaman ise artarak kronik hale gelir. Beden, dengeli ve do\u011fal bir \u015fekilde kullan\u0131larak a\u011fr\u0131 engellenebilir ve deformasyona kar\u015f\u0131 \u00e7\u0131k\u0131labilir. A\u011fr\u0131n\u0131n ger\u00e7ek g\u00f6revi bedende ters giden bir \u015feylerin oldu\u011fu konusunda bizi uyarmakt\u0131r. Gelecekte ya\u015fanabilecek pek \u00e7ok kronik a\u011fr\u0131 ve sakatl\u0131\u011f\u0131n da \u00f6n\u00fcne ge\u00e7ilmesi i\u00e7in bu teknikten yararlan\u0131labilir.[\/vc_column_text][\/vc_column][\/vc_row]\n<\/div>","protected":false},"excerpt":{"rendered":"<p>[vc_row curly_padding=&#8221;content-padding-none&#8221;][vc_column curly_padding=&#8221;content-padding&#8221;][vc_column_text] ALEXANDER TEKN\u0130\u011e\u0130 [\/vc_column_text][\/vc_column][\/vc_row][vc_row curly_padding=&#8221;content-padding-none&#8221;][vc_column curly_padding=&#8221;content-padding-none&#8221;][vc_single_image image=&#8221;3806&#8243; img_size=&#8221;full&#8221; style=&#8221;img-frame-large&#8221;][\/vc_column][\/vc_row][vc_row full_width=&#8221;stretch_row&#8221; curly_padding=&#8221;content-padding-xs&#8221;][vc_column width=&#8221;1\/2&#8243; curly_padding=&#8221;content-padding-none&#8221;][vc_single_image image=&#8221;3235&#8243; img_size=&#8221;large&#8221; style=&#8221;img-frame-large&#8221;][\/vc_column][vc_column width=&#8221;1\/2&#8243; curly_padding=&#8221;content-padding-none&#8221;][vc_column_text]Bu teknik Avustralyal\u0131 akt\u00f6r Frederick Matthias Alexander\u2019\u0131n (1869 -1955) sahnede sesinin k\u0131s\u0131lmas\u0131 ve doktorlar\u0131n buna \u00e7are bulamamas\u0131 sonucunda girdi\u011fi uzun soluklu bir kendini izleme d\u00f6neminden sonra ortaya \u00e7\u0131km\u0131\u015ft\u0131r. Daha sonra bu tekni\u011fin di\u011fer sanat\u00e7\u0131lar \u00fczerinde de olumlu sonu\u00e7lar vermesi, tekni\u011fin uluslararas\u0131 [&hellip;]<\/p>\n","protected":false},"author":1,"featured_media":0,"parent":9,"menu_order":0,"comment_status":"closed","ping_status":"closed","template":"","meta":{"inline_featured_image":false,"footnotes":""},"class_list":["post-3234","page","type-page","status-publish","hentry"],"yoast_head":"<!-- This site is optimized with the Yoast SEO plugin v25.7 - https:\/\/yoast.com\/wordpress\/plugins\/seo\/ -->\n<title>ALEXANDER TEKN\u0130\u011e\u0130ALEXANDER TEKN\u0130\u011e\u0130ALEXANDER TEKN\u0130\u011e\u0130<\/title>\n<meta name=\"description\" content=\"Alexander Tekni\u011fi; v\u00fccuttaki pek \u00e7ok a\u011fr\u0131 asl\u0131nda duru\u015fla, post\u00fcrle yak\u0131nda ili\u015fkili oldu\u011fu ve bu konuda bir \u015fey yap\u0131lmad\u0131\u011f\u0131 takdirde artarak kronikle\u015fti\u011fini buna kar\u015f\u0131l\u0131k beden, dengeli ve do\u011fal bir \u015fekilde kullan\u0131larak a\u011fr\u0131n\u0131n engellenebildi\u011fi ve deformasyona kar\u015f\u0131 \u00e7\u0131k\u0131labildi\u011fini g\u00f6stermektedir. A\u011fr\u0131n\u0131n ger\u00e7ek g\u00f6revi bedende ters giden bir \u015feylerin oldu\u011fu konusunda bizi uyarmakt\u0131r. Gelecekte ya\u015fanabilecek pek \u00e7ok kronik a\u011fr\u0131 ve sakatl\u0131\u011f\u0131n da \u00f6n\u00fcne ge\u00e7ilmesi i\u00e7in bu teknikten yararlan\u0131labilir.\" \/>\n<meta name=\"robots\" content=\"index, follow, max-snippet:-1, max-image-preview:large, max-video-preview:-1\" \/>\n<link rel=\"canonical\" href=\"https:\/\/www.erdemyorukoglu.com\/tr\/uzmanliklar\/alexander-teknigi\/\" \/>\n<meta property=\"og:locale\" content=\"tr_TR\" \/>\n<meta property=\"og:locale:alternate\" content=\"en_US\" \/>\n<meta property=\"og:locale:alternate\" content=\"De_GR\" \/>\n<meta property=\"og:type\" content=\"article\" \/>\n<meta property=\"og:title\" content=\"ALEXANDER TEKN\u0130\u011e\u0130ALEXANDER TEKN\u0130\u011e\u0130ALEXANDER TEKN\u0130\u011e\u0130\" \/>\n<meta property=\"og:description\" content=\"Alexander Tekni\u011fi; v\u00fccuttaki pek \u00e7ok a\u011fr\u0131 asl\u0131nda duru\u015fla, post\u00fcrle yak\u0131nda ili\u015fkili oldu\u011fu ve bu konuda bir \u015fey yap\u0131lmad\u0131\u011f\u0131 takdirde artarak kronikle\u015fti\u011fini buna kar\u015f\u0131l\u0131k beden, dengeli ve do\u011fal bir \u015fekilde kullan\u0131larak a\u011fr\u0131n\u0131n engellenebildi\u011fi ve deformasyona kar\u015f\u0131 \u00e7\u0131k\u0131labildi\u011fini g\u00f6stermektedir. A\u011fr\u0131n\u0131n ger\u00e7ek g\u00f6revi bedende ters giden bir \u015feylerin oldu\u011fu konusunda bizi uyarmakt\u0131r. Gelecekte ya\u015fanabilecek pek \u00e7ok kronik a\u011fr\u0131 ve sakatl\u0131\u011f\u0131n da \u00f6n\u00fcne ge\u00e7ilmesi i\u00e7in bu teknikten yararlan\u0131labilir.\" \/>\n<meta property=\"og:url\" content=\"https:\/\/www.erdemyorukoglu.com\/tr\/uzmanliklar\/alexander-teknigi\/\" \/>\n<meta property=\"og:site_name\" content=\"Erdem Y\u00f6r\u00fcko\u011flu \/\/ Manuel Terapi, Fizyoterapist, Ankara\" \/>\n<meta property=\"article:modified_time\" content=\"2025-08-16T14:04:43+00:00\" \/>\n<meta property=\"og:image\" content=\"https:\/\/www.erdemyorukoglu.com\/wp-content\/uploads\/2019\/01\/alexander_1.jpg\" \/>\n\t<meta property=\"og:image:width\" content=\"1200\" \/>\n\t<meta property=\"og:image:height\" content=\"800\" \/>\n\t<meta property=\"og:image:type\" content=\"image\/jpeg\" \/>\n<meta name=\"twitter:card\" content=\"summary_large_image\" \/>\n<meta name=\"twitter:label1\" content=\"Tahmini okuma s\u00fcresi\" \/>\n\t<meta name=\"twitter:data1\" content=\"2 dakika\" \/>\n<script type=\"application\/ld+json\" class=\"yoast-schema-graph\">{\"@context\":\"https:\/\/schema.org\",\"@graph\":[{\"@type\":\"WebPage\",\"@id\":\"https:\/\/www.erdemyorukoglu.com\/tr\/uzmanliklar\/alexander-teknigi\/\",\"url\":\"https:\/\/www.erdemyorukoglu.com\/tr\/uzmanliklar\/alexander-teknigi\/\",\"name\":\"ALEXANDER TEKN\u0130\u011e\u0130ALEXANDER TEKN\u0130\u011e\u0130ALEXANDER TEKN\u0130\u011e\u0130\",\"isPartOf\":{\"@id\":\"https:\/\/www.erdemyorukoglu.com\/en\/#website\"},\"datePublished\":\"2019-01-04T20:12:14+00:00\",\"dateModified\":\"2025-08-16T14:04:43+00:00\",\"description\":\"Alexander Tekni\u011fi; v\u00fccuttaki pek \u00e7ok a\u011fr\u0131 asl\u0131nda duru\u015fla, post\u00fcrle yak\u0131nda ili\u015fkili oldu\u011fu ve bu konuda bir \u015fey yap\u0131lmad\u0131\u011f\u0131 takdirde artarak kronikle\u015fti\u011fini buna kar\u015f\u0131l\u0131k beden, dengeli ve do\u011fal bir \u015fekilde kullan\u0131larak a\u011fr\u0131n\u0131n engellenebildi\u011fi ve deformasyona kar\u015f\u0131 \u00e7\u0131k\u0131labildi\u011fini g\u00f6stermektedir. A\u011fr\u0131n\u0131n ger\u00e7ek g\u00f6revi bedende ters giden bir \u015feylerin oldu\u011fu konusunda bizi uyarmakt\u0131r. Gelecekte ya\u015fanabilecek pek \u00e7ok kronik a\u011fr\u0131 ve sakatl\u0131\u011f\u0131n da \u00f6n\u00fcne ge\u00e7ilmesi i\u00e7in bu teknikten yararlan\u0131labilir.\",\"breadcrumb\":{\"@id\":\"https:\/\/www.erdemyorukoglu.com\/tr\/uzmanliklar\/alexander-teknigi\/#breadcrumb\"},\"inLanguage\":\"tr-TR\",\"potentialAction\":[{\"@type\":\"ReadAction\",\"target\":[\"https:\/\/www.erdemyorukoglu.com\/tr\/uzmanliklar\/alexander-teknigi\/\"]}]},{\"@type\":\"BreadcrumbList\",\"@id\":\"https:\/\/www.erdemyorukoglu.com\/tr\/uzmanliklar\/alexander-teknigi\/#breadcrumb\",\"itemListElement\":[{\"@type\":\"ListItem\",\"position\":1,\"name\":\"MANUEL TERAP\u0130 ANKARA %%sep%% %%sitename%%\",\"item\":\"https:\/\/www.erdemyorukoglu.com\/de\/\"},{\"@type\":\"ListItem\",\"position\":2,\"name\":\"UZMANLIKLAR\",\"item\":\"https:\/\/www.erdemyorukoglu.com\/de\/uzmanliklar\/\"},{\"@type\":\"ListItem\",\"position\":3,\"name\":\"ALEXANDER TEKN\u0130\u011e\u0130\"}]},{\"@type\":\"WebSite\",\"@id\":\"https:\/\/www.erdemyorukoglu.com\/en\/#website\",\"url\":\"https:\/\/www.erdemyorukoglu.com\/en\/\",\"name\":\"Erdem Y\u00f6r\u00fcko\u011flu \/\/ Manuel Terapi, Fizyoterapist, Ankara\",\"description\":\"Manuel Terapi, Kayropraktik, Fizyoterapi, Bel ve Boyun F\u0131t\u0131\u011f\u0131, Lenf\u00f6dem Tedavisi, Gyrotonic, Skolyoz, Ankara\",\"publisher\":{\"@id\":\"https:\/\/www.erdemyorukoglu.com\/en\/#\/schema\/person\/854314645f5beb1ce61d3d55971d52e1\"},\"potentialAction\":[{\"@type\":\"SearchAction\",\"target\":{\"@type\":\"EntryPoint\",\"urlTemplate\":\"https:\/\/www.erdemyorukoglu.com\/en\/?s={search_term_string}\"},\"query-input\":{\"@type\":\"PropertyValueSpecification\",\"valueRequired\":true,\"valueName\":\"search_term_string\"}}],\"inLanguage\":\"tr-TR\"},{\"@type\":[\"Person\",\"Organization\"],\"@id\":\"https:\/\/www.erdemyorukoglu.com\/en\/#\/schema\/person\/854314645f5beb1ce61d3d55971d52e1\",\"name\":\"Erdem Y\u00f6r\u00fcko\u011flu\",\"image\":{\"@type\":\"ImageObject\",\"inLanguage\":\"tr-TR\",\"@id\":\"https:\/\/www.erdemyorukoglu.com\/en\/#\/schema\/person\/image\/\",\"url\":\"https:\/\/www.erdemyorukoglu.com\/wp-content\/uploads\/2018\/11\/fav-icon-1.png\",\"contentUrl\":\"https:\/\/www.erdemyorukoglu.com\/wp-content\/uploads\/2018\/11\/fav-icon-1.png\",\"width\":512,\"height\":512,\"caption\":\"Erdem Y\u00f6r\u00fcko\u011flu\"},\"logo\":{\"@id\":\"https:\/\/www.erdemyorukoglu.com\/en\/#\/schema\/person\/image\/\"}}]}<\/script>\n<!-- \/ Yoast SEO plugin. -->","yoast_head_json":{"title":"ALEXANDER TEKN\u0130\u011e\u0130ALEXANDER TEKN\u0130\u011e\u0130ALEXANDER TEKN\u0130\u011e\u0130","description":"Alexander Tekni\u011fi; v\u00fccuttaki pek \u00e7ok a\u011fr\u0131 asl\u0131nda duru\u015fla, post\u00fcrle yak\u0131nda ili\u015fkili oldu\u011fu ve bu konuda bir \u015fey yap\u0131lmad\u0131\u011f\u0131 takdirde artarak kronikle\u015fti\u011fini buna kar\u015f\u0131l\u0131k beden, dengeli ve do\u011fal bir \u015fekilde kullan\u0131larak a\u011fr\u0131n\u0131n engellenebildi\u011fi ve deformasyona kar\u015f\u0131 \u00e7\u0131k\u0131labildi\u011fini g\u00f6stermektedir. A\u011fr\u0131n\u0131n ger\u00e7ek g\u00f6revi bedende ters giden bir \u015feylerin oldu\u011fu konusunda bizi uyarmakt\u0131r. Gelecekte ya\u015fanabilecek pek \u00e7ok kronik a\u011fr\u0131 ve sakatl\u0131\u011f\u0131n da \u00f6n\u00fcne ge\u00e7ilmesi i\u00e7in bu teknikten yararlan\u0131labilir.","robots":{"index":"index","follow":"follow","max-snippet":"max-snippet:-1","max-image-preview":"max-image-preview:large","max-video-preview":"max-video-preview:-1"},"canonical":"https:\/\/www.erdemyorukoglu.com\/tr\/uzmanliklar\/alexander-teknigi\/","og_locale":"tr_TR","og_type":"article","og_title":"[:tr][:tr]ALEXANDER TEKN\u0130\u011e\u0130[:en]ALEXANDER TECHNIQUE[:de]ALEXANDER TECHNIK[:] - Erdem Y\u00f6r\u00fcko\u011flu \/\/ Manuel Terapi, Fizyoterapist, Ankara[:en][:tr]ALEXANDER TEKN\u0130\u011e\u0130[:en]ALEXANDER TECHNIQUE[:de]ALEXANDER TECHNIK[:] - Erdem Y\u00f6r\u00fcko\u011flu \/\/ Manuel Terapi, Fizyoterapist, Ankara[:de]Erdem Y\u00f6r\u00fcko\u011flu \/\/ Manuel Terapi, Fizyoterapist, Ankara - [:tr]ALEXANDER TEKN\u0130\u011e\u0130[:en]ALEXANDER TECHNIQUE[:de]ALEXANDER TECHNIK[:][:]","og_description":"[:tr]Alexander Tekni\u011fi; v\u00fccuttaki pek \u00e7ok a\u011fr\u0131 asl\u0131nda duru\u015fla, post\u00fcrle yak\u0131nda ili\u015fkili oldu\u011fu ve bu konuda bir \u015fey yap\u0131lmad\u0131\u011f\u0131 takdirde artarak kronikle\u015fti\u011fini buna kar\u015f\u0131l\u0131k beden, dengeli ve do\u011fal bir \u015fekilde kullan\u0131larak a\u011fr\u0131n\u0131n engellenebildi\u011fi ve deformasyona kar\u015f\u0131 \u00e7\u0131k\u0131labildi\u011fini g\u00f6stermektedir. A\u011fr\u0131n\u0131n ger\u00e7ek g\u00f6revi bedende ters giden bir \u015feylerin oldu\u011fu konusunda bizi uyarmakt\u0131r. Gelecekte ya\u015fanabilecek pek \u00e7ok kronik a\u011fr\u0131 ve sakatl\u0131\u011f\u0131n da \u00f6n\u00fcne ge\u00e7ilmesi i\u00e7in bu teknikten yararlan\u0131labilir.[:]","og_url":"https:\/\/www.erdemyorukoglu.com\/tr\/uzmanliklar\/alexander-teknigi\/","og_site_name":"Erdem Y\u00f6r\u00fcko\u011flu \/\/ Manuel Terapi, Fizyoterapist, Ankara","article_modified_time":"2025-08-16T14:04:43+00:00","og_image":[{"width":1200,"height":800,"url":"https:\/\/www.erdemyorukoglu.com\/wp-content\/uploads\/2019\/01\/alexander_1.jpg","type":"image\/jpeg"}],"twitter_card":"summary_large_image","twitter_misc":{"Tahmini okuma s\u00fcresi":"2 dakika"},"schema":{"@context":"https:\/\/schema.org","@graph":[{"@type":"WebPage","@id":"https:\/\/www.erdemyorukoglu.com\/tr\/uzmanliklar\/alexander-teknigi\/","url":"https:\/\/www.erdemyorukoglu.com\/tr\/uzmanliklar\/alexander-teknigi\/","name":"ALEXANDER TEKN\u0130\u011e\u0130ALEXANDER TEKN\u0130\u011e\u0130ALEXANDER TEKN\u0130\u011e\u0130","isPartOf":{"@id":"https:\/\/www.erdemyorukoglu.com\/en\/#website"},"datePublished":"2019-01-04T20:12:14+00:00","dateModified":"2025-08-16T14:04:43+00:00","description":"Alexander Tekni\u011fi; v\u00fccuttaki pek \u00e7ok a\u011fr\u0131 asl\u0131nda duru\u015fla, post\u00fcrle yak\u0131nda ili\u015fkili oldu\u011fu ve bu konuda bir \u015fey yap\u0131lmad\u0131\u011f\u0131 takdirde artarak kronikle\u015fti\u011fini buna kar\u015f\u0131l\u0131k beden, dengeli ve do\u011fal bir \u015fekilde kullan\u0131larak a\u011fr\u0131n\u0131n engellenebildi\u011fi ve deformasyona kar\u015f\u0131 \u00e7\u0131k\u0131labildi\u011fini g\u00f6stermektedir. A\u011fr\u0131n\u0131n ger\u00e7ek g\u00f6revi bedende ters giden bir \u015feylerin oldu\u011fu konusunda bizi uyarmakt\u0131r. Gelecekte ya\u015fanabilecek pek \u00e7ok kronik a\u011fr\u0131 ve sakatl\u0131\u011f\u0131n da \u00f6n\u00fcne ge\u00e7ilmesi i\u00e7in bu teknikten yararlan\u0131labilir.","breadcrumb":{"@id":"https:\/\/www.erdemyorukoglu.com\/tr\/uzmanliklar\/alexander-teknigi\/#breadcrumb"},"inLanguage":"tr-TR","potentialAction":[{"@type":"ReadAction","target":["https:\/\/www.erdemyorukoglu.com\/tr\/uzmanliklar\/alexander-teknigi\/"]}]},{"@type":"BreadcrumbList","@id":"https:\/\/www.erdemyorukoglu.com\/tr\/uzmanliklar\/alexander-teknigi\/#breadcrumb","itemListElement":[{"@type":"ListItem","position":1,"name":"MANUEL TERAP\u0130 ANKARA %%sep%% %%sitename%%","item":"https:\/\/www.erdemyorukoglu.com\/de\/"},{"@type":"ListItem","position":2,"name":"UZMANLIKLAR","item":"https:\/\/www.erdemyorukoglu.com\/de\/uzmanliklar\/"},{"@type":"ListItem","position":3,"name":"ALEXANDER TEKN\u0130\u011e\u0130"}]},{"@type":"WebSite","@id":"https:\/\/www.erdemyorukoglu.com\/en\/#website","url":"https:\/\/www.erdemyorukoglu.com\/en\/","name":"Erdem Y\u00f6r\u00fcko\u011flu \/\/ Manuel Terapi, Fizyoterapist, Ankara","description":"Manuel Terapi, Kayropraktik, Fizyoterapi, Bel ve Boyun F\u0131t\u0131\u011f\u0131, Lenf\u00f6dem Tedavisi, Gyrotonic, Skolyoz, Ankara","publisher":{"@id":"https:\/\/www.erdemyorukoglu.com\/en\/#\/schema\/person\/854314645f5beb1ce61d3d55971d52e1"},"potentialAction":[{"@type":"SearchAction","target":{"@type":"EntryPoint","urlTemplate":"https:\/\/www.erdemyorukoglu.com\/en\/?s={search_term_string}"},"query-input":{"@type":"PropertyValueSpecification","valueRequired":true,"valueName":"search_term_string"}}],"inLanguage":"tr-TR"},{"@type":["Person","Organization"],"@id":"https:\/\/www.erdemyorukoglu.com\/en\/#\/schema\/person\/854314645f5beb1ce61d3d55971d52e1","name":"Erdem Y\u00f6r\u00fcko\u011flu","image":{"@type":"ImageObject","inLanguage":"tr-TR","@id":"https:\/\/www.erdemyorukoglu.com\/en\/#\/schema\/person\/image\/","url":"https:\/\/www.erdemyorukoglu.com\/wp-content\/uploads\/2018\/11\/fav-icon-1.png","contentUrl":"https:\/\/www.erdemyorukoglu.com\/wp-content\/uploads\/2018\/11\/fav-icon-1.png","width":512,"height":512,"caption":"Erdem Y\u00f6r\u00fcko\u011flu"},"logo":{"@id":"https:\/\/www.erdemyorukoglu.com\/en\/#\/schema\/person\/image\/"}}]}},"_links":{"self":[{"href":"https:\/\/www.erdemyorukoglu.com\/tr\/wp-json\/wp\/v2\/pages\/3234","targetHints":{"allow":["GET"]}}],"collection":[{"href":"https:\/\/www.erdemyorukoglu.com\/tr\/wp-json\/wp\/v2\/pages"}],"about":[{"href":"https:\/\/www.erdemyorukoglu.com\/tr\/wp-json\/wp\/v2\/types\/page"}],"author":[{"embeddable":true,"href":"https:\/\/www.erdemyorukoglu.com\/tr\/wp-json\/wp\/v2\/users\/1"}],"replies":[{"embeddable":true,"href":"https:\/\/www.erdemyorukoglu.com\/tr\/wp-json\/wp\/v2\/comments?post=3234"}],"version-history":[{"count":19,"href":"https:\/\/www.erdemyorukoglu.com\/tr\/wp-json\/wp\/v2\/pages\/3234\/revisions"}],"predecessor-version":[{"id":4075,"href":"https:\/\/www.erdemyorukoglu.com\/tr\/wp-json\/wp\/v2\/pages\/3234\/revisions\/4075"}],"up":[{"embeddable":true,"href":"https:\/\/www.erdemyorukoglu.com\/tr\/wp-json\/wp\/v2\/pages\/9"}],"wp:attachment":[{"href":"https:\/\/www.erdemyorukoglu.com\/tr\/wp-json\/wp\/v2\/media?parent=3234"}],"curies":[{"name":"wp","href":"https:\/\/api.w.org\/{rel}","templated":true}]}}