{"id":3240,"date":"2019-01-04T23:27:50","date_gmt":"2019-01-04T20:27:50","guid":{"rendered":"https:\/\/www.erdemyorukoglu.com\/tr\/?page_id=3240"},"modified":"2025-08-16T17:06:54","modified_gmt":"2025-08-16T14:06:54","slug":"myofascial-release","status":"publish","type":"page","link":"https:\/\/www.erdemyorukoglu.com\/tr\/uzmanliklar\/myofascial-release\/","title":{"rendered":"MYOFASCIAL RELEASE"},"content":{"rendered":"<div class=\"wpb-content-wrapper\">[vc_row curly_padding=&#8221;content-padding-none&#8221;][vc_column curly_padding=&#8221;content-padding&#8221;][vc_column_text]\n<h1 style=\"text-align: center;\"><strong>MYOFASCIAL RELEASE<\/strong><\/h1>\n[\/vc_column_text][\/vc_column][\/vc_row][vc_row content_placement=&#8221;middle&#8221; curly_padding=&#8221;content-padding-xs&#8221;][vc_column width=&#8221;1\/2&#8243;][vc_single_image image=&#8221;3241&#8243; img_size=&#8221;large&#8221; style=&#8221;img-frame-large&#8221;][\/vc_column][vc_column width=&#8221;1\/2&#8243; curly_padding=&#8221;content-padding-xs&#8221;][vc_column_text]Myofascial Release, a\u011fr\u0131y\u0131 gidermek ve hareketi geri almak i\u00e7in Myofascial ba\u011f dokusu k\u0131s\u0131tlamalar\u0131na hafif ve s\u00fcrekli bir bas\u0131n\u00e7 uygulamay\u0131 i\u00e7eren g\u00fcvenli ve \u00e7ok etkili bir uygulamal\u0131 tekniktir. Bu temel \u201czaman eleman\u0131\u201d viskoz ak\u0131\u015f ve piezoelektrik fenomen ile ilgilidir: yava\u015f uygulanan d\u00fc\u015f\u00fck y\u00fck (hafif bas\u0131n\u00e7), viskoelastik ortam\u0131n (fasya) uzamas\u0131n\u0131 sa\u011flar.<\/p>\n<p>Travma, enflamatuar yan\u0131tlar ve \/ veya cerrahi prosed\u00fcrler, bir\u00e7ok standart testte (x-\u0131\u015f\u0131nlar\u0131, miyelogramlar, CAT taramalar\u0131) g\u00f6sterilmeyen a\u011fr\u0131ya duyarl\u0131 yap\u0131lar \u00fczerinde in\u00e7 kare ba\u015f\u0131na yakla\u015f\u0131k 2.000 pound&#8217;luk \u00e7ekme bas\u0131n\u00e7lar\u0131 \u00fcretebilen Myofascial k\u0131s\u0131tlamalar\u0131 olu\u015fturur. (elektromiyografi vb.)[\/vc_column_text][\/vc_column][\/vc_row][vc_row curly_padding=&#8221;content-padding-none&#8221;][vc_column curly_padding=&#8221;content-padding&#8221;][vc_single_image image=&#8221;3242&#8243; img_size=&#8221;full&#8221; style=&#8221;img-frame-large&#8221;][\/vc_column][\/vc_row][vc_row content_placement=&#8221;top&#8221; curly_padding=&#8221;content-padding-none&#8221;][vc_column width=&#8221;1\/2&#8243; curly_padding=&#8221;content-padding-none&#8221;][vc_column_text]Myofascial Release&#8217;in kullan\u0131m\u0131, her hastaya benzersiz bir birey olarak bakmam\u0131z\u0131 sa\u011flar. Bire bir terapi seanslar\u0131m\u0131z, terapistlerimizin \u00e7ok say\u0131da Myofascial Release teknikleri ve hareket terapisi kulland\u0131\u011f\u0131 uygulamal\u0131 tedavilerdir. Uygun v\u00fccut mekani\u011fi ve hareketi, kendi kendine tedavi talimat\u0131, g\u00fcc\u00fcn artt\u0131r\u0131lmas\u0131, geli\u015fmi\u015f esneklik ve post\u00fcrel ve hareket fark\u0131ndal\u0131\u011f\u0131 konular\u0131nda e\u011fitim yoluyla ba\u011f\u0131ms\u0131zl\u0131\u011f\u0131 te\u015fvik ediyoruz.[\/vc_column_text][\/vc_column][vc_column width=&#8221;1\/2&#8243; curly_padding=&#8221;content-padding-none&#8221;][vc_column_text]\n<h3><strong>Uygulamal\u0131 Tedavi<\/strong><\/h3>\n<p>Her Myofascial Release Treatment seans\u0131 do\u011frudan cilt \u00fczerinde ya\u011f, krem \u200b\u200bveya makine olmadan ger\u00e7ekle\u015ftirilir. Bu, terapistin fasiyal k\u0131s\u0131tlamalar\u0131 do\u011fru bir \u015fekilde tespit etmesini ve fasya sal\u0131n\u0131m\u0131n\u0131 kolayla\u015ft\u0131rmak i\u00e7in uygun miktarda s\u00fcrekli bask\u0131 uygulamas\u0131n\u0131 sa\u011flar.[\/vc_column_text][\/vc_column][\/vc_row]\n<\/div>","protected":false},"excerpt":{"rendered":"<p>[vc_row curly_padding=&#8221;content-padding-none&#8221;][vc_column curly_padding=&#8221;content-padding&#8221;][vc_column_text] MYOFASCIAL RELEASE [\/vc_column_text][\/vc_column][\/vc_row][vc_row content_placement=&#8221;middle&#8221; curly_padding=&#8221;content-padding-xs&#8221;][vc_column width=&#8221;1\/2&#8243;][vc_single_image image=&#8221;3241&#8243; img_size=&#8221;large&#8221; style=&#8221;img-frame-large&#8221;][\/vc_column][vc_column width=&#8221;1\/2&#8243; curly_padding=&#8221;content-padding-xs&#8221;][vc_column_text]Myofascial Release, a\u011fr\u0131y\u0131 gidermek ve hareketi geri almak i\u00e7in Myofascial ba\u011f dokusu k\u0131s\u0131tlamalar\u0131na hafif ve s\u00fcrekli bir bas\u0131n\u00e7 uygulamay\u0131 i\u00e7eren g\u00fcvenli ve \u00e7ok etkili bir uygulamal\u0131 tekniktir. Bu temel \u201czaman eleman\u0131\u201d viskoz ak\u0131\u015f ve piezoelektrik fenomen ile ilgilidir: yava\u015f uygulanan d\u00fc\u015f\u00fck y\u00fck (hafif bas\u0131n\u00e7), viskoelastik ortam\u0131n (fasya) [&hellip;]<\/p>\n","protected":false},"author":1,"featured_media":0,"parent":9,"menu_order":0,"comment_status":"closed","ping_status":"closed","template":"","meta":{"inline_featured_image":false,"footnotes":""},"class_list":["post-3240","page","type-page","status-publish","hentry"],"yoast_head":"<!-- This site is optimized with the Yoast SEO plugin v25.7 - https:\/\/yoast.com\/wordpress\/plugins\/seo\/ -->\n<title>MYOFASCIAL RELEASEMYOFASCIAL RELEASEMYOFASCIAL RELEASE<\/title>\n<meta name=\"description\" content=\"Myofascial Release, a\u011fr\u0131y\u0131 gidermek ve hareketi geri almak i\u00e7in Myofascial ba\u011f dokusu k\u0131s\u0131tlamalar\u0131na hafif ve s\u00fcrekli bir bas\u0131n\u00e7 uygulamay\u0131 i\u00e7eren g\u00fcvenli ve \u00e7ok etkili bir uygulamal\u0131 tekniktir. Bu temel \u201czaman eleman\u0131\u201d viskoz ak\u0131\u015f ve piezoelektrik fenomen ile ilgilidir: yava\u015f uygulanan d\u00fc\u015f\u00fck y\u00fck (hafif bas\u0131n\u00e7), viskoelastik ortam\u0131n (fasya) uzamas\u0131n\u0131 sa\u011flar.\" \/>\n<meta name=\"robots\" content=\"index, follow, max-snippet:-1, max-image-preview:large, max-video-preview:-1\" \/>\n<link rel=\"canonical\" href=\"https:\/\/www.erdemyorukoglu.com\/tr\/uzmanliklar\/myofascial-release\/\" \/>\n<meta property=\"og:locale\" content=\"tr_TR\" \/>\n<meta property=\"og:locale:alternate\" content=\"en_US\" \/>\n<meta property=\"og:locale:alternate\" content=\"De_GR\" \/>\n<meta property=\"og:type\" content=\"article\" \/>\n<meta property=\"og:title\" content=\"MYOFASCIAL RELEASEMYOFASCIAL RELEASEMYOFASCIAL RELEASE\" \/>\n<meta property=\"og:description\" content=\"Myofascial Release, a\u011fr\u0131y\u0131 gidermek ve hareketi geri almak i\u00e7in Myofascial ba\u011f dokusu k\u0131s\u0131tlamalar\u0131na hafif ve s\u00fcrekli bir bas\u0131n\u00e7 uygulamay\u0131 i\u00e7eren g\u00fcvenli ve \u00e7ok etkili bir uygulamal\u0131 tekniktir. Bu temel \u201czaman eleman\u0131\u201d viskoz ak\u0131\u015f ve piezoelektrik fenomen ile ilgilidir: yava\u015f uygulanan d\u00fc\u015f\u00fck y\u00fck (hafif bas\u0131n\u00e7), viskoelastik ortam\u0131n (fasya) uzamas\u0131n\u0131 sa\u011flar.\" \/>\n<meta property=\"og:url\" content=\"https:\/\/www.erdemyorukoglu.com\/tr\/uzmanliklar\/myofascial-release\/\" \/>\n<meta property=\"og:site_name\" content=\"Erdem Y\u00f6r\u00fcko\u011flu \/\/ Manuel Terapi, Fizyoterapist, Ankara\" \/>\n<meta property=\"article:modified_time\" content=\"2025-08-16T14:06:54+00:00\" \/>\n<meta property=\"og:image\" content=\"https:\/\/www.erdemyorukoglu.com\/wp-content\/uploads\/2019\/01\/myofascial_1.jpg\" \/>\n\t<meta property=\"og:image:width\" content=\"1200\" \/>\n\t<meta property=\"og:image:height\" content=\"800\" \/>\n\t<meta property=\"og:image:type\" content=\"image\/jpeg\" \/>\n<meta name=\"twitter:card\" content=\"summary_large_image\" \/>\n<meta name=\"twitter:label1\" content=\"Tahmini okuma s\u00fcresi\" \/>\n\t<meta name=\"twitter:data1\" content=\"2 dakika\" \/>\n<script type=\"application\/ld+json\" class=\"yoast-schema-graph\">{\"@context\":\"https:\/\/schema.org\",\"@graph\":[{\"@type\":\"WebPage\",\"@id\":\"https:\/\/www.erdemyorukoglu.com\/tr\/uzmanliklar\/myofascial-release\/\",\"url\":\"https:\/\/www.erdemyorukoglu.com\/tr\/uzmanliklar\/myofascial-release\/\",\"name\":\"MYOFASCIAL RELEASEMYOFASCIAL RELEASEMYOFASCIAL RELEASE\",\"isPartOf\":{\"@id\":\"https:\/\/www.erdemyorukoglu.com\/en\/#website\"},\"datePublished\":\"2019-01-04T20:27:50+00:00\",\"dateModified\":\"2025-08-16T14:06:54+00:00\",\"description\":\"Myofascial Release, a\u011fr\u0131y\u0131 gidermek ve hareketi geri almak i\u00e7in Myofascial ba\u011f dokusu k\u0131s\u0131tlamalar\u0131na hafif ve s\u00fcrekli bir bas\u0131n\u00e7 uygulamay\u0131 i\u00e7eren g\u00fcvenli ve \u00e7ok etkili bir uygulamal\u0131 tekniktir. Bu temel \u201czaman eleman\u0131\u201d viskoz ak\u0131\u015f ve piezoelektrik fenomen ile ilgilidir: yava\u015f uygulanan d\u00fc\u015f\u00fck y\u00fck (hafif bas\u0131n\u00e7), viskoelastik ortam\u0131n (fasya) uzamas\u0131n\u0131 sa\u011flar.\",\"breadcrumb\":{\"@id\":\"https:\/\/www.erdemyorukoglu.com\/tr\/uzmanliklar\/myofascial-release\/#breadcrumb\"},\"inLanguage\":\"tr-TR\",\"potentialAction\":[{\"@type\":\"ReadAction\",\"target\":[\"https:\/\/www.erdemyorukoglu.com\/tr\/uzmanliklar\/myofascial-release\/\"]}]},{\"@type\":\"BreadcrumbList\",\"@id\":\"https:\/\/www.erdemyorukoglu.com\/tr\/uzmanliklar\/myofascial-release\/#breadcrumb\",\"itemListElement\":[{\"@type\":\"ListItem\",\"position\":1,\"name\":\"MANUEL TERAP\u0130 ANKARA %%sep%% %%sitename%%\",\"item\":\"https:\/\/www.erdemyorukoglu.com\/de\/\"},{\"@type\":\"ListItem\",\"position\":2,\"name\":\"UZMANLIKLAR\",\"item\":\"https:\/\/www.erdemyorukoglu.com\/de\/uzmanliklar\/\"},{\"@type\":\"ListItem\",\"position\":3,\"name\":\"MYOFASCIAL RELEASE\"}]},{\"@type\":\"WebSite\",\"@id\":\"https:\/\/www.erdemyorukoglu.com\/en\/#website\",\"url\":\"https:\/\/www.erdemyorukoglu.com\/en\/\",\"name\":\"Erdem Y\u00f6r\u00fcko\u011flu \/\/ Manuel Terapi, Fizyoterapist, Ankara\",\"description\":\"Manuel Terapi, Kayropraktik, Fizyoterapi, Bel ve Boyun F\u0131t\u0131\u011f\u0131, Lenf\u00f6dem Tedavisi, Gyrotonic, Skolyoz, Ankara\",\"publisher\":{\"@id\":\"https:\/\/www.erdemyorukoglu.com\/en\/#\/schema\/person\/854314645f5beb1ce61d3d55971d52e1\"},\"potentialAction\":[{\"@type\":\"SearchAction\",\"target\":{\"@type\":\"EntryPoint\",\"urlTemplate\":\"https:\/\/www.erdemyorukoglu.com\/en\/?s={search_term_string}\"},\"query-input\":{\"@type\":\"PropertyValueSpecification\",\"valueRequired\":true,\"valueName\":\"search_term_string\"}}],\"inLanguage\":\"tr-TR\"},{\"@type\":[\"Person\",\"Organization\"],\"@id\":\"https:\/\/www.erdemyorukoglu.com\/en\/#\/schema\/person\/854314645f5beb1ce61d3d55971d52e1\",\"name\":\"Erdem Y\u00f6r\u00fcko\u011flu\",\"image\":{\"@type\":\"ImageObject\",\"inLanguage\":\"tr-TR\",\"@id\":\"https:\/\/www.erdemyorukoglu.com\/en\/#\/schema\/person\/image\/\",\"url\":\"https:\/\/www.erdemyorukoglu.com\/wp-content\/uploads\/2018\/11\/fav-icon-1.png\",\"contentUrl\":\"https:\/\/www.erdemyorukoglu.com\/wp-content\/uploads\/2018\/11\/fav-icon-1.png\",\"width\":512,\"height\":512,\"caption\":\"Erdem Y\u00f6r\u00fcko\u011flu\"},\"logo\":{\"@id\":\"https:\/\/www.erdemyorukoglu.com\/en\/#\/schema\/person\/image\/\"}}]}<\/script>\n<!-- \/ Yoast SEO plugin. -->","yoast_head_json":{"title":"MYOFASCIAL RELEASEMYOFASCIAL RELEASEMYOFASCIAL RELEASE","description":"Myofascial Release, a\u011fr\u0131y\u0131 gidermek ve hareketi geri almak i\u00e7in Myofascial ba\u011f dokusu k\u0131s\u0131tlamalar\u0131na hafif ve s\u00fcrekli bir bas\u0131n\u00e7 uygulamay\u0131 i\u00e7eren g\u00fcvenli ve \u00e7ok etkili bir uygulamal\u0131 tekniktir. Bu temel \u201czaman eleman\u0131\u201d viskoz ak\u0131\u015f ve piezoelektrik fenomen ile ilgilidir: yava\u015f uygulanan d\u00fc\u015f\u00fck y\u00fck (hafif bas\u0131n\u00e7), viskoelastik ortam\u0131n (fasya) uzamas\u0131n\u0131 sa\u011flar.","robots":{"index":"index","follow":"follow","max-snippet":"max-snippet:-1","max-image-preview":"max-image-preview:large","max-video-preview":"max-video-preview:-1"},"canonical":"https:\/\/www.erdemyorukoglu.com\/tr\/uzmanliklar\/myofascial-release\/","og_locale":"tr_TR","og_type":"article","og_title":"[:tr][:tr]MYOFASCIAL RELEASE[:en]MYOFASCIAL RELEASE[:de]MYOFASCIAL RELEASE[:] - Erdem Y\u00f6r\u00fcko\u011flu \/\/ Manuel Terapi, Fizyoterapist, Ankara[:en][:tr]MYOFASCIAL RELEASE[:en]MYOFASCIAL RELEASE[:de]MYOFASCIAL RELEASE[:] - Erdem Y\u00f6r\u00fcko\u011flu \/\/ Manuel Terapi, Fizyoterapist, Ankara[:de]Erdem Y\u00f6r\u00fcko\u011flu \/\/ Manuel Terapi, Fizyoterapist, Ankara - [:tr]MYOFASCIAL RELEASE[:en]MYOFASCIAL RELEASE[:de]MYOFASCIAL RELEASE[:][:]","og_description":"[:tr]Myofascial Release, a\u011fr\u0131y\u0131 gidermek ve hareketi geri almak i\u00e7in Myofascial ba\u011f dokusu k\u0131s\u0131tlamalar\u0131na hafif ve s\u00fcrekli bir bas\u0131n\u00e7 uygulamay\u0131 i\u00e7eren g\u00fcvenli ve \u00e7ok etkili bir uygulamal\u0131 tekniktir. Bu temel \u201czaman eleman\u0131\u201d viskoz ak\u0131\u015f ve piezoelektrik fenomen ile ilgilidir: yava\u015f uygulanan d\u00fc\u015f\u00fck y\u00fck (hafif bas\u0131n\u00e7), viskoelastik ortam\u0131n (fasya) uzamas\u0131n\u0131 sa\u011flar.[:]","og_url":"https:\/\/www.erdemyorukoglu.com\/tr\/uzmanliklar\/myofascial-release\/","og_site_name":"Erdem Y\u00f6r\u00fcko\u011flu \/\/ Manuel Terapi, Fizyoterapist, Ankara","article_modified_time":"2025-08-16T14:06:54+00:00","og_image":[{"width":1200,"height":800,"url":"https:\/\/www.erdemyorukoglu.com\/wp-content\/uploads\/2019\/01\/myofascial_1.jpg","type":"image\/jpeg"}],"twitter_card":"summary_large_image","twitter_misc":{"Tahmini okuma s\u00fcresi":"2 dakika"},"schema":{"@context":"https:\/\/schema.org","@graph":[{"@type":"WebPage","@id":"https:\/\/www.erdemyorukoglu.com\/tr\/uzmanliklar\/myofascial-release\/","url":"https:\/\/www.erdemyorukoglu.com\/tr\/uzmanliklar\/myofascial-release\/","name":"MYOFASCIAL RELEASEMYOFASCIAL RELEASEMYOFASCIAL RELEASE","isPartOf":{"@id":"https:\/\/www.erdemyorukoglu.com\/en\/#website"},"datePublished":"2019-01-04T20:27:50+00:00","dateModified":"2025-08-16T14:06:54+00:00","description":"Myofascial Release, a\u011fr\u0131y\u0131 gidermek ve hareketi geri almak i\u00e7in Myofascial ba\u011f dokusu k\u0131s\u0131tlamalar\u0131na hafif ve s\u00fcrekli bir bas\u0131n\u00e7 uygulamay\u0131 i\u00e7eren g\u00fcvenli ve \u00e7ok etkili bir uygulamal\u0131 tekniktir. Bu temel \u201czaman eleman\u0131\u201d viskoz ak\u0131\u015f ve piezoelektrik fenomen ile ilgilidir: yava\u015f uygulanan d\u00fc\u015f\u00fck y\u00fck (hafif bas\u0131n\u00e7), viskoelastik ortam\u0131n (fasya) uzamas\u0131n\u0131 sa\u011flar.","breadcrumb":{"@id":"https:\/\/www.erdemyorukoglu.com\/tr\/uzmanliklar\/myofascial-release\/#breadcrumb"},"inLanguage":"tr-TR","potentialAction":[{"@type":"ReadAction","target":["https:\/\/www.erdemyorukoglu.com\/tr\/uzmanliklar\/myofascial-release\/"]}]},{"@type":"BreadcrumbList","@id":"https:\/\/www.erdemyorukoglu.com\/tr\/uzmanliklar\/myofascial-release\/#breadcrumb","itemListElement":[{"@type":"ListItem","position":1,"name":"MANUEL TERAP\u0130 ANKARA %%sep%% %%sitename%%","item":"https:\/\/www.erdemyorukoglu.com\/de\/"},{"@type":"ListItem","position":2,"name":"UZMANLIKLAR","item":"https:\/\/www.erdemyorukoglu.com\/de\/uzmanliklar\/"},{"@type":"ListItem","position":3,"name":"MYOFASCIAL RELEASE"}]},{"@type":"WebSite","@id":"https:\/\/www.erdemyorukoglu.com\/en\/#website","url":"https:\/\/www.erdemyorukoglu.com\/en\/","name":"Erdem Y\u00f6r\u00fcko\u011flu \/\/ Manuel Terapi, Fizyoterapist, Ankara","description":"Manuel Terapi, Kayropraktik, Fizyoterapi, Bel ve Boyun F\u0131t\u0131\u011f\u0131, Lenf\u00f6dem Tedavisi, Gyrotonic, Skolyoz, Ankara","publisher":{"@id":"https:\/\/www.erdemyorukoglu.com\/en\/#\/schema\/person\/854314645f5beb1ce61d3d55971d52e1"},"potentialAction":[{"@type":"SearchAction","target":{"@type":"EntryPoint","urlTemplate":"https:\/\/www.erdemyorukoglu.com\/en\/?s={search_term_string}"},"query-input":{"@type":"PropertyValueSpecification","valueRequired":true,"valueName":"search_term_string"}}],"inLanguage":"tr-TR"},{"@type":["Person","Organization"],"@id":"https:\/\/www.erdemyorukoglu.com\/en\/#\/schema\/person\/854314645f5beb1ce61d3d55971d52e1","name":"Erdem Y\u00f6r\u00fcko\u011flu","image":{"@type":"ImageObject","inLanguage":"tr-TR","@id":"https:\/\/www.erdemyorukoglu.com\/en\/#\/schema\/person\/image\/","url":"https:\/\/www.erdemyorukoglu.com\/wp-content\/uploads\/2018\/11\/fav-icon-1.png","contentUrl":"https:\/\/www.erdemyorukoglu.com\/wp-content\/uploads\/2018\/11\/fav-icon-1.png","width":512,"height":512,"caption":"Erdem Y\u00f6r\u00fcko\u011flu"},"logo":{"@id":"https:\/\/www.erdemyorukoglu.com\/en\/#\/schema\/person\/image\/"}}]}},"_links":{"self":[{"href":"https:\/\/www.erdemyorukoglu.com\/tr\/wp-json\/wp\/v2\/pages\/3240","targetHints":{"allow":["GET"]}}],"collection":[{"href":"https:\/\/www.erdemyorukoglu.com\/tr\/wp-json\/wp\/v2\/pages"}],"about":[{"href":"https:\/\/www.erdemyorukoglu.com\/tr\/wp-json\/wp\/v2\/types\/page"}],"author":[{"embeddable":true,"href":"https:\/\/www.erdemyorukoglu.com\/tr\/wp-json\/wp\/v2\/users\/1"}],"replies":[{"embeddable":true,"href":"https:\/\/www.erdemyorukoglu.com\/tr\/wp-json\/wp\/v2\/comments?post=3240"}],"version-history":[{"count":21,"href":"https:\/\/www.erdemyorukoglu.com\/tr\/wp-json\/wp\/v2\/pages\/3240\/revisions"}],"predecessor-version":[{"id":12078,"href":"https:\/\/www.erdemyorukoglu.com\/tr\/wp-json\/wp\/v2\/pages\/3240\/revisions\/12078"}],"up":[{"embeddable":true,"href":"https:\/\/www.erdemyorukoglu.com\/tr\/wp-json\/wp\/v2\/pages\/9"}],"wp:attachment":[{"href":"https:\/\/www.erdemyorukoglu.com\/tr\/wp-json\/wp\/v2\/media?parent=3240"}],"curies":[{"name":"wp","href":"https:\/\/api.w.org\/{rel}","templated":true}]}}