{"id":3293,"date":"2019-01-05T20:26:29","date_gmt":"2019-01-05T17:26:29","guid":{"rendered":"https:\/\/www.erdemyorukoglu.com\/tr\/?page_id=3293"},"modified":"2025-08-16T17:00:36","modified_gmt":"2025-08-16T14:00:36","slug":"kalca-sikisma-sendromu","status":"publish","type":"page","link":"https:\/\/www.erdemyorukoglu.com\/tr\/tedaviler\/kalca-sikisma-sendromu\/","title":{"rendered":"KAL\u00c7A SIKI\u015eMA SENDROMU"},"content":{"rendered":"<div class=\"wpb-content-wrapper\">[vc_row curly_padding=&#8221;content-padding-none&#8221;][vc_column curly_padding=&#8221;content-padding&#8221;][vc_column_text]\n<h1 style=\"text-align: center;\"><strong>KAL\u00c7A SIKI\u015eMA SENDROMU<\/strong><\/h1>\n[\/vc_column_text][\/vc_column][\/vc_row][vc_row full_width=&#8221;stretch_row&#8221; equal_height=&#8221;yes&#8221; content_placement=&#8221;top&#8221; curly_bg_position=&#8221;bg-pos-center-center&#8221; curly_padding=&#8221;content-padding-none&#8221; css=&#8221;.vc_custom_1549999655565{border-bottom-width: 1px !important;border-bottom-color: #f4f4f4 !important;border-bottom-style: solid !important;}&#8221;][vc_column width=&#8221;1\/2&#8243; curly_bg_position=&#8221;bg-pos-center-center&#8221; curly_padding=&#8221;content-padding-xs&#8221;][vc_single_image image=&#8221;3294&#8243; img_size=&#8221;large&#8221; css=&#8221;.vc_custom_1546708986225{margin-bottom: 0px !important;}&#8221; el_class=&#8221;img-frame-large&#8221;][vc_empty_space height=&#8221;48px&#8221;][vc_column_text curly_padding_side=&#8221;content-side-padding-xxl&#8221;]Kal\u00e7an\u0131n yap\u0131sal sorunlar\u0131 nedeniyle kal\u00e7a eklemi hareketleri s\u0131ras\u0131nda kal\u00e7a eklemini olu\u015fturan iki ana par\u00e7an\u0131n birbirine anormal temas\u0131 ile ortaya \u00e7\u0131kan bir hastal\u0131kt\u0131r.<\/p>\n<p>Eklem yuvas\u0131n\u0131n \u00fcst ucu ile uyluk kemi\u011fi ba\u015f\u0131n\u0131n kenar\u0131n\u0131n kal\u00e7a kar\u0131na do\u011fru b\u00fck\u00fcld\u00fc\u011f\u00fcnde belli bir a\u00e7\u0131dan sonra temas eder. Normal kal\u00e7a ekleminde kal\u00e7a ekleminin kar\u0131na do\u011fru en fazla \u00e7ekildi\u011finde bile bu temas yumu\u015fakt\u0131r ve bu temas noktas\u0131nda kal\u00e7a eklemini \u00e7epe\u00e7evre saran k\u0131k\u0131rdak halka (labrum) vard\u0131r ve temas\u0131 yumu\u015fat\u0131r.<\/p>\n<p>Fakat kal\u00e7a ekleminin yap\u0131s\u0131nda bir yap\u0131sal sorun varsa kal\u00e7an\u0131n b\u00fck\u00fclmesi s\u0131ras\u0131nda bu temas anormaldir, a\u015f\u0131r\u0131 temas s\u0131k\u0131\u015fmaya (impingement) neden olur, a\u011fr\u0131 ve zaman i\u00e7inde eklemde bozulmaya neden olur.<\/p>\n<h3><strong>Belirtileri<\/strong><\/h3>\n<p>\u0130lk yak\u0131nmalar kas\u0131k orta hatta baz\u0131 hareketlerle ani a\u011fr\u0131lard\u0131r. Zaman i\u00e7inde a\u011fr\u0131lar daha uzun s\u00fcrer hal al\u0131r. Baz\u0131 hastalarda a\u011fr\u0131 ile birlikte kas\u0131kta bir atlama ve klik hissi-sesi olabilir. A\u011fr\u0131 \u00f6zellikle spor, yo\u011fun-a\u011f\u0131r i\u015fler sonras\u0131 artar ve istirahat an\u0131nda da bir s\u00fcre devam edebilir. Kire\u00e7lenme geli\u015fmeye ba\u015flad\u0131\u011f\u0131nda hareket k\u0131s\u0131tlan\u0131r, a\u011fr\u0131lar y\u0131llar i\u00e7inde devaml\u0131 bir hal al\u0131r ve gece a\u011fr\u0131s\u0131 da olabilir.Ba\u015flang\u0131\u00e7ta a\u011fr\u0131l\u0131 bir d\u00f6nemin ard\u0131ndan tamamen a\u011fr\u0131s\u0131z bir d\u00f6nem ya\u015fanabilir.[\/vc_column_text][\/vc_column][vc_column width=&#8221;1\/2&#8243; curly_bg_position=&#8221;bg-pos-center-center&#8221; curly_padding=&#8221;content-padding-xs&#8221;][vc_single_image image=&#8221;3295&#8243; img_size=&#8221;large&#8221; css=&#8221;.vc_custom_1546709073542{margin-bottom: 0px !important;}&#8221; el_class=&#8221;img-frame-large&#8221;][vc_empty_space height=&#8221;48px&#8221;][vc_column_text curly_padding_side=&#8221;content-side-padding-xxl&#8221;]\n<h3><strong>Te\u015fhis\u00a0<\/strong><\/h3>\n<p>Kas\u0131k b\u00f6lgesi f\u0131t\u0131k, kad\u0131n hastal\u0131klar\u0131, adale sorunlar\u0131 gibi \u00e7ok say\u0131da probleme ait a\u011fr\u0131lar\u0131n g\u00f6r\u00fcld\u00fc\u011f\u00fc bir yerdir. Kal\u00e7a s\u0131k\u0131\u015fma hastal\u0131\u011f\u0131 olup kas\u0131k f\u0131t\u0131\u011f\u0131- yumurtal\u0131k operasyonu olan hastalar vard\u0131r.<\/p>\n<h3><strong>Nas\u0131l tan\u0131 konulur?<\/strong><\/h3>\n<p>Bu konuda deneyimli bir ortopedist hastay\u0131 dinleyerek ve muayene ederek kal\u00e7a s\u0131k\u0131\u015fma hastal\u0131\u011f\u0131 oldu\u011funu b\u00fcy\u00fck oran\u0131nda tan\u0131r. Daha sonra direkt r\u00f6ntgen filmleri istenir. Direkt filmler &#8220;cam&#8221; ve &#8220;pincer&#8221; deformitelerini b\u00fcy\u00fck oranda ortaya konur.<\/p>\n<p>Daha sonra MR g\u00f6r\u00fcl\u00fcr. Burada MR \u0131n iyi makinelerde ve ekstra baz\u0131 soft ware (programlar) kullan\u0131larak yap\u0131lamazsa yanl\u0131\u015f sonu\u00e7 verebilece\u011fi unutulmamal\u0131d\u0131r. MR uygun ko\u015fullarda bile yap\u0131lsa bile tan\u0131da \u00e7ok \u00f6nemli bir kriter olan labrum y\u0131rt\u0131\u011f\u0131n\u0131n %20 oran\u0131nda atlanabilece\u011fi unutulmamakt\u0131r. Bu t\u00fcr durumlarda eklem i\u00e7ine ila\u00e7 verilerek yap\u0131lan &#8220;artro MR&#8221; tetkiki de %20 oran\u0131nda sa\u011flam labrumu y\u0131rt\u0131k olarak g\u00f6sterebildi\u011fi i\u00e7in pop\u00fclerli\u011fi azalm\u0131\u015ft\u0131r.<\/p>\n<h3><strong>Tedavi<\/strong><\/h3>\n<p>Operasyon d\u0131\u015f\u0131 tedavi<\/p>\n<p>Kal\u00e7a s\u0131k\u0131\u015fma hastal\u0131\u011f\u0131 tesbit edilen ve hafif yak\u0131malar\u0131 olan hastalarda &#8220;pelvis stabilizat\u00f6rleri&#8221; denen adale gruplar\u0131 sportif rehabilitasyonda deneyimli merkezlerde kuvvetlendirilmelidir. Buna ek olarak verilen a\u011f\u0131zdan \u00f6dem giderici non-steroid anti enflamatuar grubundan ila\u00e7larla vakalar\u0131n \u00f6nemli k\u0131sm\u0131nda yak\u0131nmalar kal\u0131c\u0131 veya ge\u00e7ici olarak ge\u00e7ebilir.<\/p>\n<p>Yak\u0131nmalar\u0131 devam eden veya tan\u0131da \u015f\u00fcphe olan vakalarda eklem i\u00e7i enjeksiyon yap\u0131l\u0131r.[\/vc_column_text][\/vc_column][\/vc_row]\n<\/div>","protected":false},"excerpt":{"rendered":"<p>[vc_row curly_padding=&#8221;content-padding-none&#8221;][vc_column curly_padding=&#8221;content-padding&#8221;][vc_column_text] KAL\u00c7A SIKI\u015eMA SENDROMU [\/vc_column_text][\/vc_column][\/vc_row][vc_row full_width=&#8221;stretch_row&#8221; equal_height=&#8221;yes&#8221; content_placement=&#8221;top&#8221; curly_bg_position=&#8221;bg-pos-center-center&#8221; curly_padding=&#8221;content-padding-none&#8221; css=&#8221;.vc_custom_1549999655565{border-bottom-width: 1px !important;border-bottom-color: #f4f4f4 !important;border-bottom-style: solid !important;}&#8221;][vc_column width=&#8221;1\/2&#8243; curly_bg_position=&#8221;bg-pos-center-center&#8221; curly_padding=&#8221;content-padding-xs&#8221;][vc_single_image image=&#8221;3294&#8243; img_size=&#8221;large&#8221; css=&#8221;.vc_custom_1546708986225{margin-bottom: 0px !important;}&#8221; el_class=&#8221;img-frame-large&#8221;][vc_empty_space height=&#8221;48px&#8221;][vc_column_text curly_padding_side=&#8221;content-side-padding-xxl&#8221;]Kal\u00e7an\u0131n yap\u0131sal sorunlar\u0131 nedeniyle kal\u00e7a eklemi hareketleri s\u0131ras\u0131nda kal\u00e7a eklemini olu\u015fturan iki ana par\u00e7an\u0131n birbirine anormal temas\u0131 ile ortaya \u00e7\u0131kan bir hastal\u0131kt\u0131r. Eklem yuvas\u0131n\u0131n \u00fcst ucu ile uyluk kemi\u011fi ba\u015f\u0131n\u0131n kenar\u0131n\u0131n [&hellip;]<\/p>\n","protected":false},"author":1,"featured_media":0,"parent":2995,"menu_order":0,"comment_status":"closed","ping_status":"closed","template":"","meta":{"inline_featured_image":false,"footnotes":""},"class_list":["post-3293","page","type-page","status-publish","hentry"],"yoast_head":"<!-- This site is optimized with the Yoast SEO plugin v25.7 - https:\/\/yoast.com\/wordpress\/plugins\/seo\/ -->\n<title>KAL\u00c7A SIKI\u015eMA SENDROMUKAL\u00c7A SIKI\u015eMA SENDROMUKAL\u00c7A SIKI\u015eMA SENDROMU<\/title>\n<meta name=\"description\" content=\"Kal\u00e7an\u0131n yap\u0131sal sorunlar\u0131 nedeniyle kal\u00e7a eklemi hareketleri s\u0131ras\u0131nda kal\u00e7a eklemini olu\u015fturan iki ana par\u00e7an\u0131n birbirine anormal temas\u0131 ile ortaya \u00e7\u0131kan bir hastal\u0131kt\u0131r.\" \/>\n<meta name=\"robots\" content=\"index, follow, max-snippet:-1, max-image-preview:large, max-video-preview:-1\" \/>\n<link rel=\"canonical\" href=\"https:\/\/www.erdemyorukoglu.com\/tr\/tedaviler\/kalca-sikisma-sendromu\/\" \/>\n<meta property=\"og:locale\" content=\"tr_TR\" \/>\n<meta property=\"og:locale:alternate\" content=\"en_US\" \/>\n<meta property=\"og:locale:alternate\" content=\"De_GR\" \/>\n<meta property=\"og:type\" content=\"article\" \/>\n<meta property=\"og:title\" content=\"KAL\u00c7A SIKI\u015eMA SENDROMUKAL\u00c7A SIKI\u015eMA SENDROMUKAL\u00c7A SIKI\u015eMA SENDROMU\" \/>\n<meta property=\"og:description\" content=\"Kal\u00e7an\u0131n yap\u0131sal sorunlar\u0131 nedeniyle kal\u00e7a eklemi hareketleri s\u0131ras\u0131nda kal\u00e7a eklemini olu\u015fturan iki ana par\u00e7an\u0131n birbirine anormal temas\u0131 ile ortaya \u00e7\u0131kan bir hastal\u0131kt\u0131r.\" \/>\n<meta property=\"og:url\" content=\"https:\/\/www.erdemyorukoglu.com\/tr\/tedaviler\/kalca-sikisma-sendromu\/\" \/>\n<meta property=\"og:site_name\" content=\"Erdem Y\u00f6r\u00fcko\u011flu \/\/ Manuel Terapi, Fizyoterapist, Ankara\" \/>\n<meta property=\"article:modified_time\" content=\"2025-08-16T14:00:36+00:00\" \/>\n<meta name=\"twitter:card\" content=\"summary_large_image\" \/>\n<meta name=\"twitter:label1\" content=\"Tahmini okuma s\u00fcresi\" \/>\n\t<meta name=\"twitter:data1\" content=\"3 dakika\" \/>\n<script type=\"application\/ld+json\" class=\"yoast-schema-graph\">{\"@context\":\"https:\/\/schema.org\",\"@graph\":[{\"@type\":\"WebPage\",\"@id\":\"https:\/\/www.erdemyorukoglu.com\/tr\/tedaviler\/kalca-sikisma-sendromu\/\",\"url\":\"https:\/\/www.erdemyorukoglu.com\/tr\/tedaviler\/kalca-sikisma-sendromu\/\",\"name\":\"KAL\u00c7A SIKI\u015eMA SENDROMUKAL\u00c7A SIKI\u015eMA SENDROMUKAL\u00c7A SIKI\u015eMA SENDROMU\",\"isPartOf\":{\"@id\":\"https:\/\/www.erdemyorukoglu.com\/en\/#website\"},\"datePublished\":\"2019-01-05T17:26:29+00:00\",\"dateModified\":\"2025-08-16T14:00:36+00:00\",\"description\":\"Kal\u00e7an\u0131n yap\u0131sal sorunlar\u0131 nedeniyle kal\u00e7a eklemi hareketleri s\u0131ras\u0131nda kal\u00e7a eklemini olu\u015fturan iki ana par\u00e7an\u0131n birbirine anormal temas\u0131 ile ortaya \u00e7\u0131kan bir hastal\u0131kt\u0131r.\",\"breadcrumb\":{\"@id\":\"https:\/\/www.erdemyorukoglu.com\/tr\/tedaviler\/kalca-sikisma-sendromu\/#breadcrumb\"},\"inLanguage\":\"tr-TR\",\"potentialAction\":[{\"@type\":\"ReadAction\",\"target\":[\"https:\/\/www.erdemyorukoglu.com\/tr\/tedaviler\/kalca-sikisma-sendromu\/\"]}]},{\"@type\":\"BreadcrumbList\",\"@id\":\"https:\/\/www.erdemyorukoglu.com\/tr\/tedaviler\/kalca-sikisma-sendromu\/#breadcrumb\",\"itemListElement\":[{\"@type\":\"ListItem\",\"position\":1,\"name\":\"MANUEL TERAP\u0130 ANKARA %%sep%% %%sitename%%\",\"item\":\"https:\/\/www.erdemyorukoglu.com\/de\/\"},{\"@type\":\"ListItem\",\"position\":2,\"name\":\"TEDAV\u0130LER\",\"item\":\"https:\/\/www.erdemyorukoglu.com\/en\/tedaviler\/\"},{\"@type\":\"ListItem\",\"position\":3,\"name\":\"KAL\u00c7A SIKI\u015eMA SENDROMU\"}]},{\"@type\":\"WebSite\",\"@id\":\"https:\/\/www.erdemyorukoglu.com\/en\/#website\",\"url\":\"https:\/\/www.erdemyorukoglu.com\/en\/\",\"name\":\"Erdem Y\u00f6r\u00fcko\u011flu \/\/ Manuel Terapi, Fizyoterapist, Ankara\",\"description\":\"Manuel Terapi, Kayropraktik, Fizyoterapi, Bel ve Boyun F\u0131t\u0131\u011f\u0131, Lenf\u00f6dem Tedavisi, Gyrotonic, Skolyoz, Ankara\",\"publisher\":{\"@id\":\"https:\/\/www.erdemyorukoglu.com\/en\/#\/schema\/person\/854314645f5beb1ce61d3d55971d52e1\"},\"potentialAction\":[{\"@type\":\"SearchAction\",\"target\":{\"@type\":\"EntryPoint\",\"urlTemplate\":\"https:\/\/www.erdemyorukoglu.com\/en\/?s={search_term_string}\"},\"query-input\":{\"@type\":\"PropertyValueSpecification\",\"valueRequired\":true,\"valueName\":\"search_term_string\"}}],\"inLanguage\":\"tr-TR\"},{\"@type\":[\"Person\",\"Organization\"],\"@id\":\"https:\/\/www.erdemyorukoglu.com\/en\/#\/schema\/person\/854314645f5beb1ce61d3d55971d52e1\",\"name\":\"Erdem Y\u00f6r\u00fcko\u011flu\",\"image\":{\"@type\":\"ImageObject\",\"inLanguage\":\"tr-TR\",\"@id\":\"https:\/\/www.erdemyorukoglu.com\/en\/#\/schema\/person\/image\/\",\"url\":\"https:\/\/www.erdemyorukoglu.com\/wp-content\/uploads\/2018\/11\/fav-icon-1.png\",\"contentUrl\":\"https:\/\/www.erdemyorukoglu.com\/wp-content\/uploads\/2018\/11\/fav-icon-1.png\",\"width\":512,\"height\":512,\"caption\":\"Erdem Y\u00f6r\u00fcko\u011flu\"},\"logo\":{\"@id\":\"https:\/\/www.erdemyorukoglu.com\/en\/#\/schema\/person\/image\/\"}}]}<\/script>\n<!-- \/ Yoast SEO plugin. -->","yoast_head_json":{"title":"KAL\u00c7A SIKI\u015eMA SENDROMUKAL\u00c7A SIKI\u015eMA SENDROMUKAL\u00c7A SIKI\u015eMA SENDROMU","description":"Kal\u00e7an\u0131n yap\u0131sal sorunlar\u0131 nedeniyle kal\u00e7a eklemi hareketleri s\u0131ras\u0131nda kal\u00e7a eklemini olu\u015fturan iki ana par\u00e7an\u0131n birbirine anormal temas\u0131 ile ortaya \u00e7\u0131kan bir hastal\u0131kt\u0131r.","robots":{"index":"index","follow":"follow","max-snippet":"max-snippet:-1","max-image-preview":"max-image-preview:large","max-video-preview":"max-video-preview:-1"},"canonical":"https:\/\/www.erdemyorukoglu.com\/tr\/tedaviler\/kalca-sikisma-sendromu\/","og_locale":"tr_TR","og_type":"article","og_title":"[:tr][:tr]KAL\u00c7A SIKI\u015eMA SENDROMU[:en]HIP IMPINGEMENT[:de]H\u00dcFTE \u0130MP\u0130NGEMENT[:] - Erdem Y\u00f6r\u00fcko\u011flu \/\/ Manuel Terapi, Fizyoterapist, Ankara[:en][:tr]KAL\u00c7A SIKI\u015eMA SENDROMU[:en]HIP IMPINGEMENT[:de]H\u00dcFTE \u0130MP\u0130NGEMENT[:] - Erdem Y\u00f6r\u00fcko\u011flu \/\/ Manuel Terapi, Fizyoterapist, Ankara[:de]Erdem Y\u00f6r\u00fcko\u011flu \/\/ Manuel Terapi, Fizyoterapist, Ankara - [:tr]KAL\u00c7A SIKI\u015eMA SENDROMU[:en]HIP IMPINGEMENT[:de]H\u00dcFTE \u0130MP\u0130NGEMENT[:][:]","og_description":"Kal\u00e7an\u0131n yap\u0131sal sorunlar\u0131 nedeniyle kal\u00e7a eklemi hareketleri s\u0131ras\u0131nda kal\u00e7a eklemini olu\u015fturan iki ana par\u00e7an\u0131n birbirine anormal temas\u0131 ile ortaya \u00e7\u0131kan bir hastal\u0131kt\u0131r.","og_url":"https:\/\/www.erdemyorukoglu.com\/tr\/tedaviler\/kalca-sikisma-sendromu\/","og_site_name":"Erdem Y\u00f6r\u00fcko\u011flu \/\/ Manuel Terapi, Fizyoterapist, Ankara","article_modified_time":"2025-08-16T14:00:36+00:00","twitter_card":"summary_large_image","twitter_misc":{"Tahmini okuma s\u00fcresi":"3 dakika"},"schema":{"@context":"https:\/\/schema.org","@graph":[{"@type":"WebPage","@id":"https:\/\/www.erdemyorukoglu.com\/tr\/tedaviler\/kalca-sikisma-sendromu\/","url":"https:\/\/www.erdemyorukoglu.com\/tr\/tedaviler\/kalca-sikisma-sendromu\/","name":"KAL\u00c7A SIKI\u015eMA SENDROMUKAL\u00c7A SIKI\u015eMA SENDROMUKAL\u00c7A SIKI\u015eMA SENDROMU","isPartOf":{"@id":"https:\/\/www.erdemyorukoglu.com\/en\/#website"},"datePublished":"2019-01-05T17:26:29+00:00","dateModified":"2025-08-16T14:00:36+00:00","description":"Kal\u00e7an\u0131n yap\u0131sal sorunlar\u0131 nedeniyle kal\u00e7a eklemi hareketleri s\u0131ras\u0131nda kal\u00e7a eklemini olu\u015fturan iki ana par\u00e7an\u0131n birbirine anormal temas\u0131 ile ortaya \u00e7\u0131kan bir hastal\u0131kt\u0131r.","breadcrumb":{"@id":"https:\/\/www.erdemyorukoglu.com\/tr\/tedaviler\/kalca-sikisma-sendromu\/#breadcrumb"},"inLanguage":"tr-TR","potentialAction":[{"@type":"ReadAction","target":["https:\/\/www.erdemyorukoglu.com\/tr\/tedaviler\/kalca-sikisma-sendromu\/"]}]},{"@type":"BreadcrumbList","@id":"https:\/\/www.erdemyorukoglu.com\/tr\/tedaviler\/kalca-sikisma-sendromu\/#breadcrumb","itemListElement":[{"@type":"ListItem","position":1,"name":"MANUEL TERAP\u0130 ANKARA %%sep%% %%sitename%%","item":"https:\/\/www.erdemyorukoglu.com\/de\/"},{"@type":"ListItem","position":2,"name":"TEDAV\u0130LER","item":"https:\/\/www.erdemyorukoglu.com\/en\/tedaviler\/"},{"@type":"ListItem","position":3,"name":"KAL\u00c7A SIKI\u015eMA SENDROMU"}]},{"@type":"WebSite","@id":"https:\/\/www.erdemyorukoglu.com\/en\/#website","url":"https:\/\/www.erdemyorukoglu.com\/en\/","name":"Erdem Y\u00f6r\u00fcko\u011flu \/\/ Manuel Terapi, Fizyoterapist, Ankara","description":"Manuel Terapi, Kayropraktik, Fizyoterapi, Bel ve Boyun F\u0131t\u0131\u011f\u0131, Lenf\u00f6dem Tedavisi, Gyrotonic, Skolyoz, Ankara","publisher":{"@id":"https:\/\/www.erdemyorukoglu.com\/en\/#\/schema\/person\/854314645f5beb1ce61d3d55971d52e1"},"potentialAction":[{"@type":"SearchAction","target":{"@type":"EntryPoint","urlTemplate":"https:\/\/www.erdemyorukoglu.com\/en\/?s={search_term_string}"},"query-input":{"@type":"PropertyValueSpecification","valueRequired":true,"valueName":"search_term_string"}}],"inLanguage":"tr-TR"},{"@type":["Person","Organization"],"@id":"https:\/\/www.erdemyorukoglu.com\/en\/#\/schema\/person\/854314645f5beb1ce61d3d55971d52e1","name":"Erdem Y\u00f6r\u00fcko\u011flu","image":{"@type":"ImageObject","inLanguage":"tr-TR","@id":"https:\/\/www.erdemyorukoglu.com\/en\/#\/schema\/person\/image\/","url":"https:\/\/www.erdemyorukoglu.com\/wp-content\/uploads\/2018\/11\/fav-icon-1.png","contentUrl":"https:\/\/www.erdemyorukoglu.com\/wp-content\/uploads\/2018\/11\/fav-icon-1.png","width":512,"height":512,"caption":"Erdem Y\u00f6r\u00fcko\u011flu"},"logo":{"@id":"https:\/\/www.erdemyorukoglu.com\/en\/#\/schema\/person\/image\/"}}]}},"_links":{"self":[{"href":"https:\/\/www.erdemyorukoglu.com\/tr\/wp-json\/wp\/v2\/pages\/3293","targetHints":{"allow":["GET"]}}],"collection":[{"href":"https:\/\/www.erdemyorukoglu.com\/tr\/wp-json\/wp\/v2\/pages"}],"about":[{"href":"https:\/\/www.erdemyorukoglu.com\/tr\/wp-json\/wp\/v2\/types\/page"}],"author":[{"embeddable":true,"href":"https:\/\/www.erdemyorukoglu.com\/tr\/wp-json\/wp\/v2\/users\/1"}],"replies":[{"embeddable":true,"href":"https:\/\/www.erdemyorukoglu.com\/tr\/wp-json\/wp\/v2\/comments?post=3293"}],"version-history":[{"count":12,"href":"https:\/\/www.erdemyorukoglu.com\/tr\/wp-json\/wp\/v2\/pages\/3293\/revisions"}],"predecessor-version":[{"id":3735,"href":"https:\/\/www.erdemyorukoglu.com\/tr\/wp-json\/wp\/v2\/pages\/3293\/revisions\/3735"}],"up":[{"embeddable":true,"href":"https:\/\/www.erdemyorukoglu.com\/tr\/wp-json\/wp\/v2\/pages\/2995"}],"wp:attachment":[{"href":"https:\/\/www.erdemyorukoglu.com\/tr\/wp-json\/wp\/v2\/media?parent=3293"}],"curies":[{"name":"wp","href":"https:\/\/api.w.org\/{rel}","templated":true}]}}