{"id":3303,"date":"2019-01-05T21:12:12","date_gmt":"2019-01-05T18:12:12","guid":{"rendered":"https:\/\/www.erdemyorukoglu.com\/tr\/?page_id=3303"},"modified":"2025-08-16T16:47:18","modified_gmt":"2025-08-16T13:47:18","slug":"cene-eklemi-problemleri","status":"publish","type":"page","link":"https:\/\/www.erdemyorukoglu.com\/tr\/tedaviler\/cene-eklemi-problemleri\/","title":{"rendered":"\u00c7ENE EKLEM\u0130 PROBLEMLER\u0130"},"content":{"rendered":"<div class=\"wpb-content-wrapper\">[vc_row full_width=&#8221;stretch_row&#8221; curly_padding=&#8221;content-padding-none&#8221;][vc_column curly_padding=&#8221;content-padding&#8221;][vc_column_text]\n<h1 style=\"text-align: center;\"><strong>\u00c7ENE EKLEM\u0130 PROBLEMLER\u0130<\/strong><\/h1>\n[\/vc_column_text][\/vc_column][\/vc_row][vc_row curly_padding=&#8221;content-padding-xs&#8221;][vc_column width=&#8221;1\/2&#8243;][vc_single_image image=&#8221;3305&#8243; img_size=&#8221;large&#8221; style=&#8221;img-frame-large&#8221; css_animation=&#8221;none&#8221;][vc_empty_space height=&#8221;48px&#8221;][vc_column_text]\u00c7ene eklemi\u00a0yani\u00a0temporomandibular eklem rahats\u0131zl\u0131klar\u0131n\u0131n tan\u0131s\u0131 ve tedavisi i\u00e7in mutlaka bir hekime muayene olmakta fayda vard\u0131r. Bir insan\u00a0hayat\u0131n\u0131n bir d\u00f6neminde \u00e7ene ekleminde (temporomandibular) bir rahats\u0131zl\u0131k ya\u015famaktad\u0131r. \u00c7ene eklem bozukluklar\u0131, alt ve \u00fcst \u00e7eneyi birbirine ba\u011flayan eklem ve kaslar\u0131n do\u011fru \u00e7al\u0131\u015fmamas\u0131ndan kaynaklan\u0131r. \u00c7ene eklemi bozuklu\u011funun en bilinen belirtisi \u00e7ene ekleminde ve \u00e7i\u011fneme kaslar\u0131nda hissedilen a\u011fr\u0131 ve k\u0131t\u0131rt\u0131d\u0131r.<\/p>\n<h3><strong>Tedavi Y\u00f6ntemleri<\/strong><\/h3>\n<p>\u00c7ene eklemi tedavisinde \u00f6ncelikle ameliyats\u0131z tedaviler denenmelidir. \u00d6ncelikle\u00a0yumu\u015fak g\u0131dalar t\u00fcketilmeli, eklem istirahati denenmeli,\u00a0a\u011fr\u0131 ve kas spazmlar\u0131n\u0131 azaltmak i\u00e7in\u00a0ila\u00e7 ve fizik tedavi uygulanmal\u0131d\u0131r. Bu y\u00f6ntemler denendi\u011fi halde \u015fikayetler ge\u00e7miyorsa bir \u00e7ene cerrah\u0131na muayene olmak gerekir.<\/p>\n<p>3-6 ay i\u00e7inde ameliyats\u0131z tedavi ile semptomlar\u0131 gerilemeyen hastalarda cerrahi m\u00fcdahale gerekebilir. \u00c7ene eklemi rahats\u0131zl\u0131klar\u0131nda hastalar\u0131n sadece %5\u2019inde cerrahi m\u00fcdahale yap\u0131l\u0131r. Daha \u00e7ok gen\u00e7 ve orta ya\u015flarda ortaya \u00e7\u0131kar. Kad\u0131nlarda g\u00f6r\u00fclme oran\u0131 daha y\u00fcksektir.[\/vc_column_text][\/vc_column][vc_column width=&#8221;1\/2&#8243;][vc_single_image image=&#8221;3304&#8243; img_size=&#8221;large&#8221; style=&#8221;img-frame-large&#8221; css_animation=&#8221;none&#8221;][vc_empty_space height=&#8221;48px&#8221;][vc_column_text]\n<h3><strong>Belirtileri<\/strong><\/h3>\n<ul>\n<li>A\u011fz\u0131n tam a\u00e7\u0131lamamas\u0131 ve a\u011f\u0131zda kayma<\/li>\n<li>Yemek yeme esnas\u0131nda \u00e7ene ekleminde a\u011fr\u0131 ve ses<\/li>\n<li>Ba\u015f ve kulak a\u011fr\u0131s\u0131<\/li>\n<li>Kilitlenen veya tak\u0131lan \u00e7ene<\/li>\n<li>\u00c7ene hareketlerinde de\u011fi\u015fiklik ve \u00e7ene kaslar\u0131nda hassasiyet<\/li>\n<li>Daha ileri vakalarda da yemek yeme haricinde konu\u015furken bile eklem a\u011fr\u0131s\u0131n\u0131n olu\u015fmas\u0131 ve a\u011f\u0131z hareketlerini yapamama gibi\u00a0belirtilerle kendini g\u00f6sterir.<\/li>\n<\/ul>\n<h3><strong>Nedenleri<\/strong><\/h3>\n<ul>\n<li>S\u00fcrekli di\u015fleri s\u0131kmak ve geceleri di\u015fleri g\u0131c\u0131rdatma (bruksizm)<\/li>\n<li>Duru\u015f bozukluklar\u0131, uzun s\u00fcre ba\u015f\u0131n ve omuzlar\u0131n \u00f6nde oldu\u011fu pozisyonlar<\/li>\n<li>\u00c7enenin kapan\u0131\u015f bozukluklar\u0131, eksik bir di\u015f, y\u00fcksek dolgu<\/li>\n<li>Di\u015f hastal\u0131klar\u0131 ve tek tarafl\u0131 \u00e7i\u011fneme<\/li>\n<li>Stres, \u00fcz\u00fcnt\u00fc<\/li>\n<li>Bir kaza sonucu olu\u015fan \u00e7ene k\u0131r\u0131klar\u0131 ve ba\u015f, boyun ve \u00e7ene travmalar\u0131<\/li>\n<li>T\u0131rnak yeme, esneme, sak\u0131z \u00e7i\u011fneme, s\u00fcrekli a\u011f\u0131zdan nefes al\u0131p verme, uzun s\u00fcre telefonla konu\u015fma<\/li>\n<li>Do\u011fu\u015ftan gelen bozukluklar<\/li>\n<li>Ender olsa da bazen t\u00fcm\u00f6r, enfeksiyon ve iltihapl\u0131 romatizma gibi hastal\u0131klar\u0131n belirtisi olabilir.<\/li>\n<\/ul>\n<p>\u00c7ene eklemi hastal\u0131klar\u0131n\u0131n tedavisinde \u00f6ncelikli tedavi yakla\u015f\u0131m\u0131, cerrahi olmayan (konservatif) tedavidir. Bu tedavi yakla\u015f\u0131m\u0131nda, Kas gev\u015fetici ve antienflamatuar ila\u00e7lar ve splint uygulamas\u0131 kullan\u0131labilinir.[\/vc_column_text][\/vc_column][\/vc_row]\n<\/div>","protected":false},"excerpt":{"rendered":"<p>[vc_row full_width=&#8221;stretch_row&#8221; curly_padding=&#8221;content-padding-none&#8221;][vc_column curly_padding=&#8221;content-padding&#8221;][vc_column_text] \u00c7ENE EKLEM\u0130 PROBLEMLER\u0130 [\/vc_column_text][\/vc_column][\/vc_row][vc_row curly_padding=&#8221;content-padding-xs&#8221;][vc_column width=&#8221;1\/2&#8243;][vc_single_image image=&#8221;3305&#8243; img_size=&#8221;large&#8221; style=&#8221;img-frame-large&#8221; css_animation=&#8221;none&#8221;][vc_empty_space height=&#8221;48px&#8221;][vc_column_text]\u00c7ene eklemi\u00a0yani\u00a0temporomandibular eklem rahats\u0131zl\u0131klar\u0131n\u0131n tan\u0131s\u0131 ve tedavisi i\u00e7in mutlaka bir hekime muayene olmakta fayda vard\u0131r. Bir insan\u00a0hayat\u0131n\u0131n bir d\u00f6neminde \u00e7ene ekleminde (temporomandibular) bir rahats\u0131zl\u0131k ya\u015famaktad\u0131r. \u00c7ene eklem bozukluklar\u0131, alt ve \u00fcst \u00e7eneyi birbirine ba\u011flayan eklem ve kaslar\u0131n do\u011fru \u00e7al\u0131\u015fmamas\u0131ndan kaynaklan\u0131r. \u00c7ene eklemi bozuklu\u011funun en bilinen belirtisi [&hellip;]<\/p>\n","protected":false},"author":1,"featured_media":0,"parent":2995,"menu_order":0,"comment_status":"closed","ping_status":"closed","template":"","meta":{"inline_featured_image":false,"footnotes":""},"class_list":["post-3303","page","type-page","status-publish","hentry"],"yoast_head":"<!-- This site is optimized with the Yoast SEO plugin v25.7 - https:\/\/yoast.com\/wordpress\/plugins\/seo\/ -->\n<title>\u00c7ENE EKLEM\u0130 PROBLEMLER\u0130\u00c7ENE EKLEM\u0130 PROBLEMLER\u0130\u00c7ENE EKLEM\u0130 PROBLEMLER\u0130<\/title>\n<meta name=\"description\" content=\"\u00c7ene eklem problemleri; alt ve \u00fcst \u00e7eneyi birbirine ba\u011flayan eklem ve kaslar\u0131n do\u011fru \u00e7al\u0131\u015fmamas\u0131ndan kaynaklan\u0131r. \u00c7ene eklemi bozuklu\u011funun en bilinen belirtisi \u00e7ene ekleminde ve \u00e7i\u011fneme kaslar\u0131nda hissedilen a\u011fr\u0131 ve k\u0131t\u0131rt\u0131d\u0131r.\" \/>\n<meta name=\"robots\" content=\"index, follow, max-snippet:-1, max-image-preview:large, max-video-preview:-1\" \/>\n<link rel=\"canonical\" href=\"https:\/\/www.erdemyorukoglu.com\/tr\/tedaviler\/cene-eklemi-problemleri\/\" \/>\n<meta property=\"og:locale\" content=\"tr_TR\" \/>\n<meta property=\"og:locale:alternate\" content=\"en_US\" \/>\n<meta property=\"og:locale:alternate\" content=\"De_GR\" \/>\n<meta property=\"og:type\" content=\"article\" \/>\n<meta property=\"og:title\" content=\"\u00c7ENE EKLEM\u0130 PROBLEMLER\u0130\u00c7ENE EKLEM\u0130 PROBLEMLER\u0130\u00c7ENE EKLEM\u0130 PROBLEMLER\u0130\" \/>\n<meta property=\"og:description\" content=\"\u00c7ene eklem problemleri; alt ve \u00fcst \u00e7eneyi birbirine ba\u011flayan eklem ve kaslar\u0131n do\u011fru \u00e7al\u0131\u015fmamas\u0131ndan kaynaklan\u0131r. \u00c7ene eklemi bozuklu\u011funun en bilinen belirtisi \u00e7ene ekleminde ve \u00e7i\u011fneme kaslar\u0131nda hissedilen a\u011fr\u0131 ve k\u0131t\u0131rt\u0131d\u0131r.\" \/>\n<meta property=\"og:url\" content=\"https:\/\/www.erdemyorukoglu.com\/tr\/tedaviler\/cene-eklemi-problemleri\/\" \/>\n<meta property=\"og:site_name\" content=\"Erdem Y\u00f6r\u00fcko\u011flu \/\/ Manuel Terapi, Fizyoterapist, Ankara\" \/>\n<meta property=\"article:modified_time\" content=\"2025-08-16T13:47:18+00:00\" \/>\n<meta property=\"og:image\" content=\"https:\/\/www.erdemyorukoglu.com\/wp-content\/uploads\/2019\/01\/cene_slider.jpg\" \/>\n\t<meta property=\"og:image:width\" content=\"1640\" \/>\n\t<meta property=\"og:image:height\" content=\"600\" \/>\n\t<meta property=\"og:image:type\" content=\"image\/jpeg\" \/>\n<meta name=\"twitter:card\" content=\"summary_large_image\" \/>\n<meta name=\"twitter:label1\" content=\"Tahmini okuma s\u00fcresi\" \/>\n\t<meta name=\"twitter:data1\" content=\"2 dakika\" \/>\n<script type=\"application\/ld+json\" class=\"yoast-schema-graph\">{\"@context\":\"https:\/\/schema.org\",\"@graph\":[{\"@type\":\"WebPage\",\"@id\":\"https:\/\/www.erdemyorukoglu.com\/tr\/tedaviler\/cene-eklemi-problemleri\/\",\"url\":\"https:\/\/www.erdemyorukoglu.com\/tr\/tedaviler\/cene-eklemi-problemleri\/\",\"name\":\"\u00c7ENE EKLEM\u0130 PROBLEMLER\u0130\u00c7ENE EKLEM\u0130 PROBLEMLER\u0130\u00c7ENE EKLEM\u0130 PROBLEMLER\u0130\",\"isPartOf\":{\"@id\":\"https:\/\/www.erdemyorukoglu.com\/en\/#website\"},\"datePublished\":\"2019-01-05T18:12:12+00:00\",\"dateModified\":\"2025-08-16T13:47:18+00:00\",\"description\":\"\u00c7ene eklem problemleri; alt ve \u00fcst \u00e7eneyi birbirine ba\u011flayan eklem ve kaslar\u0131n do\u011fru \u00e7al\u0131\u015fmamas\u0131ndan kaynaklan\u0131r. \u00c7ene eklemi bozuklu\u011funun en bilinen belirtisi \u00e7ene ekleminde ve \u00e7i\u011fneme kaslar\u0131nda hissedilen a\u011fr\u0131 ve k\u0131t\u0131rt\u0131d\u0131r.\",\"breadcrumb\":{\"@id\":\"https:\/\/www.erdemyorukoglu.com\/tr\/tedaviler\/cene-eklemi-problemleri\/#breadcrumb\"},\"inLanguage\":\"tr-TR\",\"potentialAction\":[{\"@type\":\"ReadAction\",\"target\":[\"https:\/\/www.erdemyorukoglu.com\/tr\/tedaviler\/cene-eklemi-problemleri\/\"]}]},{\"@type\":\"BreadcrumbList\",\"@id\":\"https:\/\/www.erdemyorukoglu.com\/tr\/tedaviler\/cene-eklemi-problemleri\/#breadcrumb\",\"itemListElement\":[{\"@type\":\"ListItem\",\"position\":1,\"name\":\"MANUEL TERAP\u0130 ANKARA %%sep%% %%sitename%%\",\"item\":\"https:\/\/www.erdemyorukoglu.com\/de\/\"},{\"@type\":\"ListItem\",\"position\":2,\"name\":\"TEDAV\u0130LER\",\"item\":\"https:\/\/www.erdemyorukoglu.com\/en\/tedaviler\/\"},{\"@type\":\"ListItem\",\"position\":3,\"name\":\"\u00c7ENE EKLEM\u0130 PROBLEMLER\u0130\"}]},{\"@type\":\"WebSite\",\"@id\":\"https:\/\/www.erdemyorukoglu.com\/en\/#website\",\"url\":\"https:\/\/www.erdemyorukoglu.com\/en\/\",\"name\":\"Erdem Y\u00f6r\u00fcko\u011flu \/\/ Manuel Terapi, Fizyoterapist, Ankara\",\"description\":\"Manuel Terapi, Kayropraktik, Fizyoterapi, Bel ve Boyun F\u0131t\u0131\u011f\u0131, Lenf\u00f6dem Tedavisi, Gyrotonic, Skolyoz, Ankara\",\"publisher\":{\"@id\":\"https:\/\/www.erdemyorukoglu.com\/en\/#\/schema\/person\/854314645f5beb1ce61d3d55971d52e1\"},\"potentialAction\":[{\"@type\":\"SearchAction\",\"target\":{\"@type\":\"EntryPoint\",\"urlTemplate\":\"https:\/\/www.erdemyorukoglu.com\/en\/?s={search_term_string}\"},\"query-input\":{\"@type\":\"PropertyValueSpecification\",\"valueRequired\":true,\"valueName\":\"search_term_string\"}}],\"inLanguage\":\"tr-TR\"},{\"@type\":[\"Person\",\"Organization\"],\"@id\":\"https:\/\/www.erdemyorukoglu.com\/en\/#\/schema\/person\/854314645f5beb1ce61d3d55971d52e1\",\"name\":\"Erdem Y\u00f6r\u00fcko\u011flu\",\"image\":{\"@type\":\"ImageObject\",\"inLanguage\":\"tr-TR\",\"@id\":\"https:\/\/www.erdemyorukoglu.com\/en\/#\/schema\/person\/image\/\",\"url\":\"https:\/\/www.erdemyorukoglu.com\/wp-content\/uploads\/2018\/11\/fav-icon-1.png\",\"contentUrl\":\"https:\/\/www.erdemyorukoglu.com\/wp-content\/uploads\/2018\/11\/fav-icon-1.png\",\"width\":512,\"height\":512,\"caption\":\"Erdem Y\u00f6r\u00fcko\u011flu\"},\"logo\":{\"@id\":\"https:\/\/www.erdemyorukoglu.com\/en\/#\/schema\/person\/image\/\"}}]}<\/script>\n<!-- \/ Yoast SEO plugin. -->","yoast_head_json":{"title":"\u00c7ENE EKLEM\u0130 PROBLEMLER\u0130\u00c7ENE EKLEM\u0130 PROBLEMLER\u0130\u00c7ENE EKLEM\u0130 PROBLEMLER\u0130","description":"\u00c7ene eklem problemleri; alt ve \u00fcst \u00e7eneyi birbirine ba\u011flayan eklem ve kaslar\u0131n do\u011fru \u00e7al\u0131\u015fmamas\u0131ndan kaynaklan\u0131r. \u00c7ene eklemi bozuklu\u011funun en bilinen belirtisi \u00e7ene ekleminde ve \u00e7i\u011fneme kaslar\u0131nda hissedilen a\u011fr\u0131 ve k\u0131t\u0131rt\u0131d\u0131r.","robots":{"index":"index","follow":"follow","max-snippet":"max-snippet:-1","max-image-preview":"max-image-preview:large","max-video-preview":"max-video-preview:-1"},"canonical":"https:\/\/www.erdemyorukoglu.com\/tr\/tedaviler\/cene-eklemi-problemleri\/","og_locale":"tr_TR","og_type":"article","og_title":"[:tr][:tr]\u00c7ENE EKLEM\u0130 PROBLEMLER\u0130[:en]JAW JOINTS PROBLEMS[:de]K\u0130EFERGELENK PROBLEME[:] - Erdem Y\u00f6r\u00fcko\u011flu \/\/ Manuel Terapi, Fizyoterapist, Ankara[:en][:tr]\u00c7ENE EKLEM\u0130 PROBLEMLER\u0130[:en]JAW JOINTS PROBLEMS[:de]K\u0130EFERGELENK PROBLEME[:] - Erdem Y\u00f6r\u00fcko\u011flu \/\/ Manuel Terapi, Fizyoterapist, Ankara[:de]Erdem Y\u00f6r\u00fcko\u011flu \/\/ Manuel Terapi, Fizyoterapist, Ankara - [:tr]\u00c7ENE EKLEM\u0130 PROBLEMLER\u0130[:en]JAW JOINTS PROBLEMS[:de]K\u0130EFERGELENK PROBLEME[:][:]","og_description":"[:tr]\u00c7ene eklem problemleri; alt ve \u00fcst \u00e7eneyi birbirine ba\u011flayan eklem ve kaslar\u0131n do\u011fru \u00e7al\u0131\u015fmamas\u0131ndan kaynaklan\u0131r. \u00c7ene eklemi bozuklu\u011funun en bilinen belirtisi \u00e7ene ekleminde ve \u00e7i\u011fneme kaslar\u0131nda hissedilen a\u011fr\u0131 ve k\u0131t\u0131rt\u0131d\u0131r.[:]","og_url":"https:\/\/www.erdemyorukoglu.com\/tr\/tedaviler\/cene-eklemi-problemleri\/","og_site_name":"Erdem Y\u00f6r\u00fcko\u011flu \/\/ Manuel Terapi, Fizyoterapist, Ankara","article_modified_time":"2025-08-16T13:47:18+00:00","og_image":[{"width":1640,"height":600,"url":"https:\/\/www.erdemyorukoglu.com\/wp-content\/uploads\/2019\/01\/cene_slider.jpg","type":"image\/jpeg"}],"twitter_card":"summary_large_image","twitter_misc":{"Tahmini okuma s\u00fcresi":"2 dakika"},"schema":{"@context":"https:\/\/schema.org","@graph":[{"@type":"WebPage","@id":"https:\/\/www.erdemyorukoglu.com\/tr\/tedaviler\/cene-eklemi-problemleri\/","url":"https:\/\/www.erdemyorukoglu.com\/tr\/tedaviler\/cene-eklemi-problemleri\/","name":"\u00c7ENE EKLEM\u0130 PROBLEMLER\u0130\u00c7ENE EKLEM\u0130 PROBLEMLER\u0130\u00c7ENE EKLEM\u0130 PROBLEMLER\u0130","isPartOf":{"@id":"https:\/\/www.erdemyorukoglu.com\/en\/#website"},"datePublished":"2019-01-05T18:12:12+00:00","dateModified":"2025-08-16T13:47:18+00:00","description":"\u00c7ene eklem problemleri; alt ve \u00fcst \u00e7eneyi birbirine ba\u011flayan eklem ve kaslar\u0131n do\u011fru \u00e7al\u0131\u015fmamas\u0131ndan kaynaklan\u0131r. \u00c7ene eklemi bozuklu\u011funun en bilinen belirtisi \u00e7ene ekleminde ve \u00e7i\u011fneme kaslar\u0131nda hissedilen a\u011fr\u0131 ve k\u0131t\u0131rt\u0131d\u0131r.","breadcrumb":{"@id":"https:\/\/www.erdemyorukoglu.com\/tr\/tedaviler\/cene-eklemi-problemleri\/#breadcrumb"},"inLanguage":"tr-TR","potentialAction":[{"@type":"ReadAction","target":["https:\/\/www.erdemyorukoglu.com\/tr\/tedaviler\/cene-eklemi-problemleri\/"]}]},{"@type":"BreadcrumbList","@id":"https:\/\/www.erdemyorukoglu.com\/tr\/tedaviler\/cene-eklemi-problemleri\/#breadcrumb","itemListElement":[{"@type":"ListItem","position":1,"name":"MANUEL TERAP\u0130 ANKARA %%sep%% %%sitename%%","item":"https:\/\/www.erdemyorukoglu.com\/de\/"},{"@type":"ListItem","position":2,"name":"TEDAV\u0130LER","item":"https:\/\/www.erdemyorukoglu.com\/en\/tedaviler\/"},{"@type":"ListItem","position":3,"name":"\u00c7ENE EKLEM\u0130 PROBLEMLER\u0130"}]},{"@type":"WebSite","@id":"https:\/\/www.erdemyorukoglu.com\/en\/#website","url":"https:\/\/www.erdemyorukoglu.com\/en\/","name":"Erdem Y\u00f6r\u00fcko\u011flu \/\/ Manuel Terapi, Fizyoterapist, Ankara","description":"Manuel Terapi, Kayropraktik, Fizyoterapi, Bel ve Boyun F\u0131t\u0131\u011f\u0131, Lenf\u00f6dem Tedavisi, Gyrotonic, Skolyoz, Ankara","publisher":{"@id":"https:\/\/www.erdemyorukoglu.com\/en\/#\/schema\/person\/854314645f5beb1ce61d3d55971d52e1"},"potentialAction":[{"@type":"SearchAction","target":{"@type":"EntryPoint","urlTemplate":"https:\/\/www.erdemyorukoglu.com\/en\/?s={search_term_string}"},"query-input":{"@type":"PropertyValueSpecification","valueRequired":true,"valueName":"search_term_string"}}],"inLanguage":"tr-TR"},{"@type":["Person","Organization"],"@id":"https:\/\/www.erdemyorukoglu.com\/en\/#\/schema\/person\/854314645f5beb1ce61d3d55971d52e1","name":"Erdem Y\u00f6r\u00fcko\u011flu","image":{"@type":"ImageObject","inLanguage":"tr-TR","@id":"https:\/\/www.erdemyorukoglu.com\/en\/#\/schema\/person\/image\/","url":"https:\/\/www.erdemyorukoglu.com\/wp-content\/uploads\/2018\/11\/fav-icon-1.png","contentUrl":"https:\/\/www.erdemyorukoglu.com\/wp-content\/uploads\/2018\/11\/fav-icon-1.png","width":512,"height":512,"caption":"Erdem Y\u00f6r\u00fcko\u011flu"},"logo":{"@id":"https:\/\/www.erdemyorukoglu.com\/en\/#\/schema\/person\/image\/"}}]}},"_links":{"self":[{"href":"https:\/\/www.erdemyorukoglu.com\/tr\/wp-json\/wp\/v2\/pages\/3303","targetHints":{"allow":["GET"]}}],"collection":[{"href":"https:\/\/www.erdemyorukoglu.com\/tr\/wp-json\/wp\/v2\/pages"}],"about":[{"href":"https:\/\/www.erdemyorukoglu.com\/tr\/wp-json\/wp\/v2\/types\/page"}],"author":[{"embeddable":true,"href":"https:\/\/www.erdemyorukoglu.com\/tr\/wp-json\/wp\/v2\/users\/1"}],"replies":[{"embeddable":true,"href":"https:\/\/www.erdemyorukoglu.com\/tr\/wp-json\/wp\/v2\/comments?post=3303"}],"version-history":[{"count":10,"href":"https:\/\/www.erdemyorukoglu.com\/tr\/wp-json\/wp\/v2\/pages\/3303\/revisions"}],"predecessor-version":[{"id":3729,"href":"https:\/\/www.erdemyorukoglu.com\/tr\/wp-json\/wp\/v2\/pages\/3303\/revisions\/3729"}],"up":[{"embeddable":true,"href":"https:\/\/www.erdemyorukoglu.com\/tr\/wp-json\/wp\/v2\/pages\/2995"}],"wp:attachment":[{"href":"https:\/\/www.erdemyorukoglu.com\/tr\/wp-json\/wp\/v2\/media?parent=3303"}],"curies":[{"name":"wp","href":"https:\/\/api.w.org\/{rel}","templated":true}]}}