{"id":3525,"date":"2019-02-10T00:44:43","date_gmt":"2019-02-09T21:44:43","guid":{"rendered":"https:\/\/www.erdemyorukoglu.com\/tr\/?page_id=3525"},"modified":"2025-08-16T17:03:40","modified_gmt":"2025-08-16T14:03:40","slug":"mulligan-konsepti","status":"publish","type":"page","link":"https:\/\/www.erdemyorukoglu.com\/tr\/uzmanliklar\/mulligan-konsepti\/","title":{"rendered":"MULLIGAN KONSEPT\u0130"},"content":{"rendered":"<div class=\"wpb-content-wrapper\">[vc_row][vc_column][vc_column_text]\n<h1 style=\"text-align: center;\"><strong>MULLIGAN KONSEPT<\/strong><\/h1>\n[\/vc_column_text][\/vc_column][\/vc_row][vc_row full_width=&#8221;stretch_row&#8221; curly_bg_position=&#8221;bg-pos-center-center&#8221; curly_padding=&#8221;content-padding-xs&#8221;][vc_column width=&#8221;1\/2&#8243; curly_bg_position=&#8221;bg-pos-center-center&#8221; curly_padding=&#8221;content-padding-none&#8221;][vc_single_image image=&#8221;3526&#8243; img_size=&#8221;large&#8221; css=&#8221;.vc_custom_1549748351893{margin-bottom: 0px !important;}&#8221; el_class=&#8221;img-frame-large&#8221;][\/vc_column][vc_column width=&#8221;1\/2&#8243; curly_bg_position=&#8221;bg-pos-center-center&#8221; curly_padding=&#8221;content-padding-none&#8221;][vc_column_text curly_padding_side=&#8221;content-side-padding-xxl&#8221;]Mulligan Konsepti, 1980\u2019lerde Yeni Zelandal\u0131 fizyoterapist Brian Mulligan taraf\u0131ndan geli\u015ftirilmeye ba\u015flanm\u0131\u015ft\u0131r. Konsepte \u00f6zg\u00fc teknikler kas-iskelet-sinir sistemi hastal\u0131klar\u0131nda g\u00fcvenle ve etkin \u015fekilde uygulanmaktad\u0131r. Konsept, bug\u00fcne kadar bilinen Manuel Terapi yakla\u015f\u0131mlar\u0131n\u0131n ortak bilgisi olan biyomekanik, artrokinematik kinezyolojik prensiplere uygun olmakla beraber teknikler ve uygulama prensipleri olarak di\u011fer yakla\u015f\u0131mlarla \u00f6nemli farkl\u0131l\u0131klar g\u00f6stermektedir. Teknikler fonksiyonel pozisyonlarda uygulanmaktad\u0131r, b\u00f6ylece kazan\u0131mlar\u0131n g\u00fcnl\u00fck hayata d\u00f6n\u00fck olmas\u0131 hedeflenmektedir.<\/p>\n<p>Normal eklemler,<\/p>\n<p>eklem y\u00fczeylerinin \u015fekilleri,<\/p>\n<p>k\u0131k\u0131rdak kal\u0131nl\u0131\u011f\u0131,<\/p>\n<p>ba\u011f ve kaps\u00fcl liflerinin oryantasyonu,<\/p>\n<p>kaslar\u0131n ve tendonlar\u0131n \u00e7ekme y\u00f6n\u00fcn\u00fc, ayn\u0131 anda en aza indirirken serbest fakat kontroll\u00fc bir hareket sa\u011flamas\u0131n\u0131 sa\u011flayacak \u015fekilde tasarlanm\u0131\u015ft\u0131r. Bu hareket taraf\u0131ndan olu\u015fturulan bas\u0131n\u00e7 kuvvetleri, normal propriyoseptif geribildirim bu dengeyi korur. Yukar\u0131daki fakt\u00f6rlerin herhangi birinde veya hepsinde de\u011fi\u015fiklik, hareket s\u0131ras\u0131ndaki eklem pozisyonunu de\u011fi\u015ftirir ve hastada a\u011fr\u0131, sertlik veya zay\u0131fl\u0131k semptomlar\u0131na neden olur. O zaman, bir terapistin eklem y\u00fczeylerini yeniden hizalamaya \u00e7al\u0131\u015faca\u011f\u0131 genel bir fikirdir.[\/vc_column_text][\/vc_column][\/vc_row][vc_row full_width=&#8221;stretch_row&#8221; curly_padding=&#8221;content-padding-xs&#8221; css=&#8221;.vc_custom_1550004540615{border-bottom-width: 1px !important;}&#8221;][vc_column width=&#8221;1\/2&#8243; curly_padding=&#8221;content-padding-none&#8221;][vc_column_text curly_padding_side=&#8221;content-side-padding-xxl&#8221;]Mulligan konsepti; Kaltenborn, Maitland Cyriax, Butler..gibi pasif mobilizasyon konseptleri ile Pilates, PNF ve Kinetik Kontrol gibi aktif y\u00f6ntemlerin bir kombinasyonu olarakta tan\u0131mlanabilmektedir. Bu yakla\u015f\u0131m\u0131n ay\u0131rt edici \u00f6zelli\u011fi, do\u011fru vaka se\u00e7ildi\u011finde a\u011fr\u0131n\u0131n k\u0131lavuzlu\u011funda, fonksiyonel kazan\u0131mlar\u0131n \u00e7ok k\u0131sa s\u00fcrede ve uzun vadeli olarak elde edilebilmesidir.<\/p>\n<p>Mulligan Konseptini temel hedefi fonksiyonel restorasyonudur. Kas-iskelet ve sinir sistemini etkileyen, eklemlerin a\u011fr\u0131l\u0131 durumlar\u0131 ile a\u00e7\u0131sal kay\u0131plar\u0131n\u0131 i\u00e7eren problemlerde rahatl\u0131kla uygulanabilmektedir. A\u011fr\u0131s\u0131z ve son derece g\u00fcvenli bir yakla\u015f\u0131md\u0131r.[\/vc_column_text][\/vc_column][vc_column width=&#8221;1\/2&#8243; curly_padding=&#8221;content-padding-none&#8221;][vc_single_image image=&#8221;3527&#8243; img_size=&#8221;large&#8221; css=&#8221;.vc_custom_1549748579712{margin-bottom: 0px !important;}&#8221; el_class=&#8221;img-frame-large&#8221;][\/vc_column][\/vc_row]\n<\/div>","protected":false},"excerpt":{"rendered":"<p>[vc_row][vc_column][vc_column_text] MULLIGAN KONSEPT [\/vc_column_text][\/vc_column][\/vc_row][vc_row full_width=&#8221;stretch_row&#8221; curly_bg_position=&#8221;bg-pos-center-center&#8221; curly_padding=&#8221;content-padding-xs&#8221;][vc_column width=&#8221;1\/2&#8243; curly_bg_position=&#8221;bg-pos-center-center&#8221; curly_padding=&#8221;content-padding-none&#8221;][vc_single_image image=&#8221;3526&#8243; img_size=&#8221;large&#8221; css=&#8221;.vc_custom_1549748351893{margin-bottom: 0px !important;}&#8221; el_class=&#8221;img-frame-large&#8221;][\/vc_column][vc_column width=&#8221;1\/2&#8243; curly_bg_position=&#8221;bg-pos-center-center&#8221; curly_padding=&#8221;content-padding-none&#8221;][vc_column_text curly_padding_side=&#8221;content-side-padding-xxl&#8221;]Mulligan Konsepti, 1980\u2019lerde Yeni Zelandal\u0131 fizyoterapist Brian Mulligan taraf\u0131ndan geli\u015ftirilmeye ba\u015flanm\u0131\u015ft\u0131r. Konsepte \u00f6zg\u00fc teknikler kas-iskelet-sinir sistemi hastal\u0131klar\u0131nda g\u00fcvenle ve etkin \u015fekilde uygulanmaktad\u0131r. Konsept, bug\u00fcne kadar bilinen Manuel Terapi yakla\u015f\u0131mlar\u0131n\u0131n ortak bilgisi olan biyomekanik, artrokinematik kinezyolojik prensiplere uygun olmakla beraber teknikler ve [&hellip;]<\/p>\n","protected":false},"author":1,"featured_media":0,"parent":9,"menu_order":0,"comment_status":"closed","ping_status":"closed","template":"","meta":{"inline_featured_image":false,"footnotes":""},"class_list":["post-3525","page","type-page","status-publish","hentry"],"yoast_head":"<!-- This site is optimized with the Yoast SEO plugin v25.7 - https:\/\/yoast.com\/wordpress\/plugins\/seo\/ -->\n<title>MULLIGAN KONSEPT\u0130MULLIGAN KONSEPT\u0130MULLIGAN KONSEPT\u0130<\/title>\n<meta name=\"description\" content=\"Konsept, bug\u00fcne kadar bilinen Manuel Terapi yakla\u015f\u0131mlar\u0131n\u0131n ortak bilgisi olan biyomekanik, artrokinematik kinezyolojik prensiplere uygun olmakla beraber teknikler ve uygulama prensipleri olarak di\u011fer yakla\u015f\u0131mlarla \u00f6nemli farkl\u0131l\u0131klar g\u00f6stermektedir.\" \/>\n<meta name=\"robots\" content=\"index, follow, max-snippet:-1, max-image-preview:large, max-video-preview:-1\" \/>\n<link rel=\"canonical\" href=\"https:\/\/www.erdemyorukoglu.com\/tr\/uzmanliklar\/mulligan-konsepti\/\" \/>\n<meta property=\"og:locale\" content=\"tr_TR\" \/>\n<meta property=\"og:locale:alternate\" content=\"en_US\" \/>\n<meta property=\"og:locale:alternate\" content=\"De_GR\" \/>\n<meta property=\"og:type\" content=\"article\" \/>\n<meta property=\"og:title\" content=\"MULLIGAN KONSEPT\u0130MULLIGAN KONSEPT\u0130MULLIGAN KONSEPT\u0130\" \/>\n<meta property=\"og:description\" content=\"Konsept, bug\u00fcne kadar bilinen Manuel Terapi yakla\u015f\u0131mlar\u0131n\u0131n ortak bilgisi olan biyomekanik, artrokinematik kinezyolojik prensiplere uygun olmakla beraber teknikler ve uygulama prensipleri olarak di\u011fer yakla\u015f\u0131mlarla \u00f6nemli farkl\u0131l\u0131klar g\u00f6stermektedir.\" \/>\n<meta property=\"og:url\" content=\"https:\/\/www.erdemyorukoglu.com\/tr\/uzmanliklar\/mulligan-konsepti\/\" \/>\n<meta property=\"og:site_name\" content=\"Erdem Y\u00f6r\u00fcko\u011flu \/\/ Manuel Terapi, Fizyoterapist, Ankara\" \/>\n<meta property=\"article:modified_time\" content=\"2025-08-16T14:03:40+00:00\" \/>\n<meta property=\"og:image\" content=\"https:\/\/www.erdemyorukoglu.com\/wp-content\/uploads\/2019\/02\/mulligan_2.jpg\" \/>\n\t<meta property=\"og:image:width\" content=\"800\" \/>\n\t<meta property=\"og:image:height\" content=\"800\" \/>\n\t<meta property=\"og:image:type\" content=\"image\/jpeg\" \/>\n<meta name=\"twitter:card\" content=\"summary_large_image\" \/>\n<meta name=\"twitter:label1\" content=\"Tahmini okuma s\u00fcresi\" \/>\n\t<meta name=\"twitter:data1\" content=\"2 dakika\" \/>\n<script type=\"application\/ld+json\" class=\"yoast-schema-graph\">{\"@context\":\"https:\/\/schema.org\",\"@graph\":[{\"@type\":\"WebPage\",\"@id\":\"https:\/\/www.erdemyorukoglu.com\/tr\/uzmanliklar\/mulligan-konsepti\/\",\"url\":\"https:\/\/www.erdemyorukoglu.com\/tr\/uzmanliklar\/mulligan-konsepti\/\",\"name\":\"MULLIGAN KONSEPT\u0130MULLIGAN KONSEPT\u0130MULLIGAN KONSEPT\u0130\",\"isPartOf\":{\"@id\":\"https:\/\/www.erdemyorukoglu.com\/en\/#website\"},\"datePublished\":\"2019-02-09T21:44:43+00:00\",\"dateModified\":\"2025-08-16T14:03:40+00:00\",\"description\":\"Konsept, bug\u00fcne kadar bilinen Manuel Terapi yakla\u015f\u0131mlar\u0131n\u0131n ortak bilgisi olan biyomekanik, artrokinematik kinezyolojik prensiplere uygun olmakla beraber teknikler ve uygulama prensipleri olarak di\u011fer yakla\u015f\u0131mlarla \u00f6nemli farkl\u0131l\u0131klar g\u00f6stermektedir.\",\"breadcrumb\":{\"@id\":\"https:\/\/www.erdemyorukoglu.com\/tr\/uzmanliklar\/mulligan-konsepti\/#breadcrumb\"},\"inLanguage\":\"tr-TR\",\"potentialAction\":[{\"@type\":\"ReadAction\",\"target\":[\"https:\/\/www.erdemyorukoglu.com\/tr\/uzmanliklar\/mulligan-konsepti\/\"]}]},{\"@type\":\"BreadcrumbList\",\"@id\":\"https:\/\/www.erdemyorukoglu.com\/tr\/uzmanliklar\/mulligan-konsepti\/#breadcrumb\",\"itemListElement\":[{\"@type\":\"ListItem\",\"position\":1,\"name\":\"MANUEL TERAP\u0130 ANKARA %%sep%% %%sitename%%\",\"item\":\"https:\/\/www.erdemyorukoglu.com\/de\/\"},{\"@type\":\"ListItem\",\"position\":2,\"name\":\"UZMANLIKLAR\",\"item\":\"https:\/\/www.erdemyorukoglu.com\/de\/uzmanliklar\/\"},{\"@type\":\"ListItem\",\"position\":3,\"name\":\"MULLIGAN KONSEPT\u0130\"}]},{\"@type\":\"WebSite\",\"@id\":\"https:\/\/www.erdemyorukoglu.com\/en\/#website\",\"url\":\"https:\/\/www.erdemyorukoglu.com\/en\/\",\"name\":\"Erdem Y\u00f6r\u00fcko\u011flu \/\/ Manuel Terapi, Fizyoterapist, Ankara\",\"description\":\"Manuel Terapi, Kayropraktik, Fizyoterapi, Bel ve Boyun F\u0131t\u0131\u011f\u0131, Lenf\u00f6dem Tedavisi, Gyrotonic, Skolyoz, Ankara\",\"publisher\":{\"@id\":\"https:\/\/www.erdemyorukoglu.com\/en\/#\/schema\/person\/854314645f5beb1ce61d3d55971d52e1\"},\"potentialAction\":[{\"@type\":\"SearchAction\",\"target\":{\"@type\":\"EntryPoint\",\"urlTemplate\":\"https:\/\/www.erdemyorukoglu.com\/en\/?s={search_term_string}\"},\"query-input\":{\"@type\":\"PropertyValueSpecification\",\"valueRequired\":true,\"valueName\":\"search_term_string\"}}],\"inLanguage\":\"tr-TR\"},{\"@type\":[\"Person\",\"Organization\"],\"@id\":\"https:\/\/www.erdemyorukoglu.com\/en\/#\/schema\/person\/854314645f5beb1ce61d3d55971d52e1\",\"name\":\"Erdem Y\u00f6r\u00fcko\u011flu\",\"image\":{\"@type\":\"ImageObject\",\"inLanguage\":\"tr-TR\",\"@id\":\"https:\/\/www.erdemyorukoglu.com\/en\/#\/schema\/person\/image\/\",\"url\":\"https:\/\/www.erdemyorukoglu.com\/wp-content\/uploads\/2018\/11\/fav-icon-1.png\",\"contentUrl\":\"https:\/\/www.erdemyorukoglu.com\/wp-content\/uploads\/2018\/11\/fav-icon-1.png\",\"width\":512,\"height\":512,\"caption\":\"Erdem Y\u00f6r\u00fcko\u011flu\"},\"logo\":{\"@id\":\"https:\/\/www.erdemyorukoglu.com\/en\/#\/schema\/person\/image\/\"}}]}<\/script>\n<!-- \/ Yoast SEO plugin. -->","yoast_head_json":{"title":"MULLIGAN KONSEPT\u0130MULLIGAN KONSEPT\u0130MULLIGAN KONSEPT\u0130","description":"Konsept, bug\u00fcne kadar bilinen Manuel Terapi yakla\u015f\u0131mlar\u0131n\u0131n ortak bilgisi olan biyomekanik, artrokinematik kinezyolojik prensiplere uygun olmakla beraber teknikler ve uygulama prensipleri olarak di\u011fer yakla\u015f\u0131mlarla \u00f6nemli farkl\u0131l\u0131klar g\u00f6stermektedir.","robots":{"index":"index","follow":"follow","max-snippet":"max-snippet:-1","max-image-preview":"max-image-preview:large","max-video-preview":"max-video-preview:-1"},"canonical":"https:\/\/www.erdemyorukoglu.com\/tr\/uzmanliklar\/mulligan-konsepti\/","og_locale":"tr_TR","og_type":"article","og_title":"[:tr][:tr]MULLIGAN KONSEPT\u0130[:en]MULLIGAN CONCEPT[:de]MULLIGAN[:] - Erdem Y\u00f6r\u00fcko\u011flu \/\/ Manuel Terapi, Fizyoterapist, Ankara[:en][:tr]MULLIGAN KONSEPT\u0130[:en]MULLIGAN CONCEPT[:de]MULLIGAN[:] - Erdem Y\u00f6r\u00fcko\u011flu \/\/ Manuel Terapi, Fizyoterapist, Ankara[:de]Erdem Y\u00f6r\u00fcko\u011flu \/\/ Manuel Terapi, Fizyoterapist, Ankara - [:tr]MULLIGAN KONSEPT\u0130[:en]MULLIGAN CONCEPT[:de]MULLIGAN[:][:]","og_description":"[:tr]Konsept, bug\u00fcne kadar bilinen Manuel Terapi yakla\u015f\u0131mlar\u0131n\u0131n ortak bilgisi olan biyomekanik, artrokinematik kinezyolojik prensiplere uygun olmakla beraber teknikler ve uygulama prensipleri olarak di\u011fer yakla\u015f\u0131mlarla \u00f6nemli farkl\u0131l\u0131klar g\u00f6stermektedir.[:]","og_url":"https:\/\/www.erdemyorukoglu.com\/tr\/uzmanliklar\/mulligan-konsepti\/","og_site_name":"Erdem Y\u00f6r\u00fcko\u011flu \/\/ Manuel Terapi, Fizyoterapist, Ankara","article_modified_time":"2025-08-16T14:03:40+00:00","og_image":[{"width":800,"height":800,"url":"https:\/\/www.erdemyorukoglu.com\/wp-content\/uploads\/2019\/02\/mulligan_2.jpg","type":"image\/jpeg"}],"twitter_card":"summary_large_image","twitter_misc":{"Tahmini okuma s\u00fcresi":"2 dakika"},"schema":{"@context":"https:\/\/schema.org","@graph":[{"@type":"WebPage","@id":"https:\/\/www.erdemyorukoglu.com\/tr\/uzmanliklar\/mulligan-konsepti\/","url":"https:\/\/www.erdemyorukoglu.com\/tr\/uzmanliklar\/mulligan-konsepti\/","name":"MULLIGAN KONSEPT\u0130MULLIGAN KONSEPT\u0130MULLIGAN KONSEPT\u0130","isPartOf":{"@id":"https:\/\/www.erdemyorukoglu.com\/en\/#website"},"datePublished":"2019-02-09T21:44:43+00:00","dateModified":"2025-08-16T14:03:40+00:00","description":"Konsept, bug\u00fcne kadar bilinen Manuel Terapi yakla\u015f\u0131mlar\u0131n\u0131n ortak bilgisi olan biyomekanik, artrokinematik kinezyolojik prensiplere uygun olmakla beraber teknikler ve uygulama prensipleri olarak di\u011fer yakla\u015f\u0131mlarla \u00f6nemli farkl\u0131l\u0131klar g\u00f6stermektedir.","breadcrumb":{"@id":"https:\/\/www.erdemyorukoglu.com\/tr\/uzmanliklar\/mulligan-konsepti\/#breadcrumb"},"inLanguage":"tr-TR","potentialAction":[{"@type":"ReadAction","target":["https:\/\/www.erdemyorukoglu.com\/tr\/uzmanliklar\/mulligan-konsepti\/"]}]},{"@type":"BreadcrumbList","@id":"https:\/\/www.erdemyorukoglu.com\/tr\/uzmanliklar\/mulligan-konsepti\/#breadcrumb","itemListElement":[{"@type":"ListItem","position":1,"name":"MANUEL TERAP\u0130 ANKARA %%sep%% %%sitename%%","item":"https:\/\/www.erdemyorukoglu.com\/de\/"},{"@type":"ListItem","position":2,"name":"UZMANLIKLAR","item":"https:\/\/www.erdemyorukoglu.com\/de\/uzmanliklar\/"},{"@type":"ListItem","position":3,"name":"MULLIGAN KONSEPT\u0130"}]},{"@type":"WebSite","@id":"https:\/\/www.erdemyorukoglu.com\/en\/#website","url":"https:\/\/www.erdemyorukoglu.com\/en\/","name":"Erdem Y\u00f6r\u00fcko\u011flu \/\/ Manuel Terapi, Fizyoterapist, Ankara","description":"Manuel Terapi, Kayropraktik, Fizyoterapi, Bel ve Boyun F\u0131t\u0131\u011f\u0131, Lenf\u00f6dem Tedavisi, Gyrotonic, Skolyoz, Ankara","publisher":{"@id":"https:\/\/www.erdemyorukoglu.com\/en\/#\/schema\/person\/854314645f5beb1ce61d3d55971d52e1"},"potentialAction":[{"@type":"SearchAction","target":{"@type":"EntryPoint","urlTemplate":"https:\/\/www.erdemyorukoglu.com\/en\/?s={search_term_string}"},"query-input":{"@type":"PropertyValueSpecification","valueRequired":true,"valueName":"search_term_string"}}],"inLanguage":"tr-TR"},{"@type":["Person","Organization"],"@id":"https:\/\/www.erdemyorukoglu.com\/en\/#\/schema\/person\/854314645f5beb1ce61d3d55971d52e1","name":"Erdem Y\u00f6r\u00fcko\u011flu","image":{"@type":"ImageObject","inLanguage":"tr-TR","@id":"https:\/\/www.erdemyorukoglu.com\/en\/#\/schema\/person\/image\/","url":"https:\/\/www.erdemyorukoglu.com\/wp-content\/uploads\/2018\/11\/fav-icon-1.png","contentUrl":"https:\/\/www.erdemyorukoglu.com\/wp-content\/uploads\/2018\/11\/fav-icon-1.png","width":512,"height":512,"caption":"Erdem Y\u00f6r\u00fcko\u011flu"},"logo":{"@id":"https:\/\/www.erdemyorukoglu.com\/en\/#\/schema\/person\/image\/"}}]}},"_links":{"self":[{"href":"https:\/\/www.erdemyorukoglu.com\/tr\/wp-json\/wp\/v2\/pages\/3525","targetHints":{"allow":["GET"]}}],"collection":[{"href":"https:\/\/www.erdemyorukoglu.com\/tr\/wp-json\/wp\/v2\/pages"}],"about":[{"href":"https:\/\/www.erdemyorukoglu.com\/tr\/wp-json\/wp\/v2\/types\/page"}],"author":[{"embeddable":true,"href":"https:\/\/www.erdemyorukoglu.com\/tr\/wp-json\/wp\/v2\/users\/1"}],"replies":[{"embeddable":true,"href":"https:\/\/www.erdemyorukoglu.com\/tr\/wp-json\/wp\/v2\/comments?post=3525"}],"version-history":[{"count":9,"href":"https:\/\/www.erdemyorukoglu.com\/tr\/wp-json\/wp\/v2\/pages\/3525\/revisions"}],"predecessor-version":[{"id":3843,"href":"https:\/\/www.erdemyorukoglu.com\/tr\/wp-json\/wp\/v2\/pages\/3525\/revisions\/3843"}],"up":[{"embeddable":true,"href":"https:\/\/www.erdemyorukoglu.com\/tr\/wp-json\/wp\/v2\/pages\/9"}],"wp:attachment":[{"href":"https:\/\/www.erdemyorukoglu.com\/tr\/wp-json\/wp\/v2\/media?parent=3525"}],"curies":[{"name":"wp","href":"https:\/\/api.w.org\/{rel}","templated":true}]}}