{"id":3529,"date":"2019-02-10T01:03:49","date_gmt":"2019-02-09T22:03:49","guid":{"rendered":"https:\/\/www.erdemyorukoglu.com\/tr\/?page_id=3529"},"modified":"2025-08-16T17:04:00","modified_gmt":"2025-08-16T14:04:00","slug":"mckenzie-teknigi","status":"publish","type":"page","link":"https:\/\/www.erdemyorukoglu.com\/tr\/uzmanliklar\/mckenzie-teknigi\/","title":{"rendered":"MCKENZIE TEKN\u0130\u011e\u0130"},"content":{"rendered":"<div class=\"wpb-content-wrapper\">[vc_row full_width=&#8221;stretch_row&#8221; curly_padding=&#8221;content-padding-none&#8221;][vc_column curly_padding=&#8221;content-padding&#8221;][vc_column_text]\n<h1 style=\"text-align: center;\"><strong>McKENZIE TEKN\u0130\u011e\u0130<\/strong><\/h1>\n[\/vc_column_text][\/vc_column][\/vc_row][vc_row full_width=&#8221;stretch_row&#8221; content_placement=&#8221;middle&#8221; curly_bg_position=&#8221;bg-pos-center-center&#8221; curly_padding=&#8221;content-padding-xs&#8221; css=&#8221;.vc_custom_1550003760913{border-bottom-width: 1px !important;}&#8221;][vc_column width=&#8221;1\/2&#8243; curly_bg_position=&#8221;bg-pos-center-center&#8221; curly_padding=&#8221;content-padding-none&#8221;][vc_single_image image=&#8221;3530&#8243; img_size=&#8221;large&#8221; css=&#8221;.vc_custom_1549749603392{margin-bottom: 0px !important;}&#8221; el_class=&#8221;img-frame-large&#8221;][\/vc_column][vc_column width=&#8221;1\/2&#8243; curly_bg_position=&#8221;bg-pos-center-center&#8221; curly_padding=&#8221;content-padding-none&#8221;][vc_column_text curly_padding_side=&#8221;content-side-padding-xxl&#8221;]McKenzie Method, kas g\u00fc\u00e7lendirme ve hastan\u0131n g\u00fc\u00e7lenmesini ve kendi kendine tedaviyi vurgulayan bir biyopsikososyal sistemdir. Yeni Zelanda\u2019da Fizyoterapist Robin McKenzie taraf\u0131ndan geli\u015ftirilen spinal ve ekstremite a\u011fr\u0131lar\u0131 i\u00e7in uluslararas\u0131 olarak kabul edilmi\u015f bir de\u011ferlendirme ve tedavi y\u00f6ntemidir. 30 y\u0131ldan fazla bir s\u00fcredir t\u00fcm d\u00fcnyada yayg\u0131n olarak kullan\u0131lmaktad\u0131r.<\/p>\n<p>McKenzie tekni\u011fini kullanan klinisyenler, kas-iskelet sisteminin t\u00fcm alanlar\u0131n\u0131 de\u011ferlendirmek ve te\u015fhis etmek i\u00e7in e\u011fitilmi\u015ftir. Bu, omurga, eklem veya kas i\u00e7inde veya \u00e7evresinde bir sorun varsa, MDT de\u011ferlendirmesinin uygun olabilece\u011fi anlam\u0131na gelir.<\/p>\n<p>MDT, t\u00fcm d\u00fcnyada klinisyenler ve hastalar taraf\u0131ndan s\u0131rt, boyun ve ekstremite problemleri i\u00e7in g\u00fcvenilen ve kullan\u0131lan, aktif hasta kat\u0131l\u0131m\u0131 ve e\u011fitimi felsefesidir. Bu yakla\u015f\u0131m mevcut en \u00e7ok ara\u015ft\u0131r\u0131lan fizik tedavi y\u00f6ntemlerinden biri olmaya devam ediyor.[\/vc_column_text][\/vc_column][\/vc_row][vc_row full_width=&#8221;stretch_row&#8221; content_placement=&#8221;middle&#8221; curly_padding=&#8221;content-padding-xs&#8221;][vc_column width=&#8221;1\/2&#8243; curly_padding=&#8221;content-padding-none&#8221;][vc_column_text curly_padding_side=&#8221;content-side-padding-xxl&#8221;]Bu tan\u0131 ve hasta y\u00f6netimi sistemi, omurgan\u0131n ve ekstremitelerin akut, subakut ve kronik durumlar\u0131na uygulanan kan\u0131ta dayal\u0131 bir de\u011ferlendirme ve y\u00f6netim protokol\u00fcd\u00fcr. Hastan\u0131n ihtiya\u00e7lar\u0131n\u0131 ilk s\u0131raya koyan ve klinisyene bu ihtiya\u00e7lar\u0131 kar\u015f\u0131lamada rehberlik eden g\u00fcvenilir bir ve pratik yakla\u015f\u0131m sunar. MDT de\u011ferlendirmesi, klinisyenlerin hastalar\u0131 gereken uygun hizmetlere do\u011fru ve verimli \u015fekilde triyaj etmesini sa\u011flar. Kas-iskelet sistemi a\u011fr\u0131s\u0131n\u0131n erken tespit edilmesini veya hemen y\u00f6nlendirmenin gerekli oldu\u011fu durumlarda tedaviye kontrendikasyonlar\u0131n g\u00f6sterilmesini sa\u011flar.<\/p>\n<p>E\u011fitimli bir klinisyen taraf\u0131ndan teslim edildi\u011finde postural tavsiyenin benzersiz kombinasyonu ve \u00f6zel bireysel egzersizlerin uygulanmas\u0131, hastalar\u0131n \u00e7o\u011funlu\u011funun durumlar\u0131n\u0131 etkin bir \u015fekilde kendi kendine y\u00f6netmelerini sa\u011flar. Bu s\u00fcre\u00e7 hastan\u0131n g\u00fc\u00e7lenmesini te\u015fvik eder, tedaviden memnuniyeti artt\u0131r\u0131r ve maliyet etkindir.[\/vc_column_text][\/vc_column][vc_column width=&#8221;1\/2&#8243; curly_padding=&#8221;content-padding-none&#8221;][vc_single_image image=&#8221;3531&#8243; img_size=&#8221;large&#8221; css=&#8221;.vc_custom_1549749730635{margin-bottom: 0px !important;}&#8221; el_class=&#8221;img-frame-large&#8221;][\/vc_column][\/vc_row]\n<\/div>","protected":false},"excerpt":{"rendered":"<p>[vc_row full_width=&#8221;stretch_row&#8221; curly_padding=&#8221;content-padding-none&#8221;][vc_column curly_padding=&#8221;content-padding&#8221;][vc_column_text] McKENZIE TEKN\u0130\u011e\u0130 [\/vc_column_text][\/vc_column][\/vc_row][vc_row full_width=&#8221;stretch_row&#8221; content_placement=&#8221;middle&#8221; curly_bg_position=&#8221;bg-pos-center-center&#8221; curly_padding=&#8221;content-padding-xs&#8221; css=&#8221;.vc_custom_1550003760913{border-bottom-width: 1px !important;}&#8221;][vc_column width=&#8221;1\/2&#8243; curly_bg_position=&#8221;bg-pos-center-center&#8221; curly_padding=&#8221;content-padding-none&#8221;][vc_single_image image=&#8221;3530&#8243; img_size=&#8221;large&#8221; css=&#8221;.vc_custom_1549749603392{margin-bottom: 0px !important;}&#8221; el_class=&#8221;img-frame-large&#8221;][\/vc_column][vc_column width=&#8221;1\/2&#8243; curly_bg_position=&#8221;bg-pos-center-center&#8221; curly_padding=&#8221;content-padding-none&#8221;][vc_column_text curly_padding_side=&#8221;content-side-padding-xxl&#8221;]McKenzie Method, kas g\u00fc\u00e7lendirme ve hastan\u0131n g\u00fc\u00e7lenmesini ve kendi kendine tedaviyi vurgulayan bir biyopsikososyal sistemdir. Yeni Zelanda\u2019da Fizyoterapist Robin McKenzie taraf\u0131ndan geli\u015ftirilen spinal ve ekstremite a\u011fr\u0131lar\u0131 i\u00e7in uluslararas\u0131 olarak kabul edilmi\u015f bir de\u011ferlendirme ve [&hellip;]<\/p>\n","protected":false},"author":1,"featured_media":0,"parent":9,"menu_order":0,"comment_status":"closed","ping_status":"closed","template":"","meta":{"inline_featured_image":false,"footnotes":""},"class_list":["post-3529","page","type-page","status-publish","hentry"],"yoast_head":"<!-- This site is optimized with the Yoast SEO plugin v25.7 - https:\/\/yoast.com\/wordpress\/plugins\/seo\/ -->\n<title>MCKENZIE TEKN\u0130\u011e\u0130 - Erdem Y\u00f6r\u00fcko\u011flu \/\/ Manuel Terapi, Fizyoterapist, AnkaraMCKENZIE TEKN\u0130\u011e\u0130MCKENZIE TEKN\u0130\u011e\u0130<\/title>\n<meta name=\"description\" content=\"Omuz a\u011fr\u0131s\u0131n\u0131n en \u00e7ok g\u00f6r\u00fclen nedeni kaslar, tendonlar ve omuz yap\u0131s\u0131n\u0131 olu\u015fturan di\u011fer yumu\u015fak dokulardaki zedelenmelerdir. Bu durum b\u00f6lgeye al\u0131nan darbeler, ters hareketler veya omuza a\u015f\u0131r\u0131 y\u00fck bindiren egzersizler neticesinde olu\u015fur.\" \/>\n<meta name=\"robots\" content=\"index, follow, max-snippet:-1, max-image-preview:large, max-video-preview:-1\" \/>\n<link rel=\"canonical\" href=\"https:\/\/www.erdemyorukoglu.com\/tr\/uzmanliklar\/mckenzie-teknigi\/\" \/>\n<meta property=\"og:locale\" content=\"tr_TR\" \/>\n<meta property=\"og:locale:alternate\" content=\"en_US\" \/>\n<meta property=\"og:locale:alternate\" content=\"De_GR\" \/>\n<meta property=\"og:type\" content=\"article\" \/>\n<meta property=\"og:title\" content=\"MCKENZIE TEKN\u0130\u011e\u0130 - Erdem Y\u00f6r\u00fcko\u011flu \/\/ Manuel Terapi, Fizyoterapist, AnkaraMCKENZIE TEKN\u0130\u011e\u0130MCKENZIE TEKN\u0130\u011e\u0130\" \/>\n<meta property=\"og:description\" content=\"Omuz a\u011fr\u0131s\u0131n\u0131n en \u00e7ok g\u00f6r\u00fclen nedeni kaslar, tendonlar ve omuz yap\u0131s\u0131n\u0131 olu\u015fturan di\u011fer yumu\u015fak dokulardaki zedelenmelerdir. Bu durum b\u00f6lgeye al\u0131nan darbeler, ters hareketler veya omuza a\u015f\u0131r\u0131 y\u00fck bindiren egzersizler neticesinde olu\u015fur.\" \/>\n<meta property=\"og:url\" content=\"https:\/\/www.erdemyorukoglu.com\/tr\/uzmanliklar\/mckenzie-teknigi\/\" \/>\n<meta property=\"og:site_name\" content=\"Erdem Y\u00f6r\u00fcko\u011flu \/\/ Manuel Terapi, Fizyoterapist, Ankara\" \/>\n<meta property=\"article:modified_time\" content=\"2025-08-16T14:04:00+00:00\" \/>\n<meta property=\"og:image\" content=\"https:\/\/www.erdemyorukoglu.com\/wp-content\/uploads\/2019\/02\/mckenzie_4a.jpg\" \/>\n\t<meta property=\"og:image:width\" content=\"1200\" \/>\n\t<meta property=\"og:image:height\" content=\"800\" \/>\n\t<meta property=\"og:image:type\" content=\"image\/jpeg\" \/>\n<meta name=\"twitter:card\" content=\"summary_large_image\" \/>\n<meta name=\"twitter:label1\" content=\"Tahmini okuma s\u00fcresi\" \/>\n\t<meta name=\"twitter:data1\" content=\"2 dakika\" \/>\n<script type=\"application\/ld+json\" class=\"yoast-schema-graph\">{\"@context\":\"https:\/\/schema.org\",\"@graph\":[{\"@type\":\"WebPage\",\"@id\":\"https:\/\/www.erdemyorukoglu.com\/tr\/uzmanliklar\/mckenzie-teknigi\/\",\"url\":\"https:\/\/www.erdemyorukoglu.com\/tr\/uzmanliklar\/mckenzie-teknigi\/\",\"name\":\"MCKENZIE TEKN\u0130\u011e\u0130 - Erdem Y\u00f6r\u00fcko\u011flu \/\/ Manuel Terapi, Fizyoterapist, AnkaraMCKENZIE TEKN\u0130\u011e\u0130MCKENZIE TEKN\u0130\u011e\u0130\",\"isPartOf\":{\"@id\":\"https:\/\/www.erdemyorukoglu.com\/en\/#website\"},\"datePublished\":\"2019-02-09T22:03:49+00:00\",\"dateModified\":\"2025-08-16T14:04:00+00:00\",\"description\":\"Omuz a\u011fr\u0131s\u0131n\u0131n en \u00e7ok g\u00f6r\u00fclen nedeni kaslar, tendonlar ve omuz yap\u0131s\u0131n\u0131 olu\u015fturan di\u011fer yumu\u015fak dokulardaki zedelenmelerdir. Bu durum b\u00f6lgeye al\u0131nan darbeler, ters hareketler veya omuza a\u015f\u0131r\u0131 y\u00fck bindiren egzersizler neticesinde olu\u015fur.\",\"breadcrumb\":{\"@id\":\"https:\/\/www.erdemyorukoglu.com\/tr\/uzmanliklar\/mckenzie-teknigi\/#breadcrumb\"},\"inLanguage\":\"tr-TR\",\"potentialAction\":[{\"@type\":\"ReadAction\",\"target\":[\"https:\/\/www.erdemyorukoglu.com\/tr\/uzmanliklar\/mckenzie-teknigi\/\"]}]},{\"@type\":\"BreadcrumbList\",\"@id\":\"https:\/\/www.erdemyorukoglu.com\/tr\/uzmanliklar\/mckenzie-teknigi\/#breadcrumb\",\"itemListElement\":[{\"@type\":\"ListItem\",\"position\":1,\"name\":\"MANUEL TERAP\u0130 ANKARA %%sep%% %%sitename%%\",\"item\":\"https:\/\/www.erdemyorukoglu.com\/de\/\"},{\"@type\":\"ListItem\",\"position\":2,\"name\":\"UZMANLIKLAR\",\"item\":\"https:\/\/www.erdemyorukoglu.com\/de\/uzmanliklar\/\"},{\"@type\":\"ListItem\",\"position\":3,\"name\":\"MCKENZIE TEKN\u0130\u011e\u0130\"}]},{\"@type\":\"WebSite\",\"@id\":\"https:\/\/www.erdemyorukoglu.com\/en\/#website\",\"url\":\"https:\/\/www.erdemyorukoglu.com\/en\/\",\"name\":\"Erdem Y\u00f6r\u00fcko\u011flu \/\/ Manuel Terapi, Fizyoterapist, Ankara\",\"description\":\"Manuel Terapi, Kayropraktik, Fizyoterapi, Bel ve Boyun F\u0131t\u0131\u011f\u0131, Lenf\u00f6dem Tedavisi, Gyrotonic, Skolyoz, Ankara\",\"publisher\":{\"@id\":\"https:\/\/www.erdemyorukoglu.com\/en\/#\/schema\/person\/854314645f5beb1ce61d3d55971d52e1\"},\"potentialAction\":[{\"@type\":\"SearchAction\",\"target\":{\"@type\":\"EntryPoint\",\"urlTemplate\":\"https:\/\/www.erdemyorukoglu.com\/en\/?s={search_term_string}\"},\"query-input\":{\"@type\":\"PropertyValueSpecification\",\"valueRequired\":true,\"valueName\":\"search_term_string\"}}],\"inLanguage\":\"tr-TR\"},{\"@type\":[\"Person\",\"Organization\"],\"@id\":\"https:\/\/www.erdemyorukoglu.com\/en\/#\/schema\/person\/854314645f5beb1ce61d3d55971d52e1\",\"name\":\"Erdem Y\u00f6r\u00fcko\u011flu\",\"image\":{\"@type\":\"ImageObject\",\"inLanguage\":\"tr-TR\",\"@id\":\"https:\/\/www.erdemyorukoglu.com\/en\/#\/schema\/person\/image\/\",\"url\":\"https:\/\/www.erdemyorukoglu.com\/wp-content\/uploads\/2018\/11\/fav-icon-1.png\",\"contentUrl\":\"https:\/\/www.erdemyorukoglu.com\/wp-content\/uploads\/2018\/11\/fav-icon-1.png\",\"width\":512,\"height\":512,\"caption\":\"Erdem Y\u00f6r\u00fcko\u011flu\"},\"logo\":{\"@id\":\"https:\/\/www.erdemyorukoglu.com\/en\/#\/schema\/person\/image\/\"}}]}<\/script>\n<!-- \/ Yoast SEO plugin. -->","yoast_head_json":{"title":"MCKENZIE TEKN\u0130\u011e\u0130 - Erdem Y\u00f6r\u00fcko\u011flu \/\/ Manuel Terapi, Fizyoterapist, AnkaraMCKENZIE TEKN\u0130\u011e\u0130MCKENZIE TEKN\u0130\u011e\u0130","description":"Omuz a\u011fr\u0131s\u0131n\u0131n en \u00e7ok g\u00f6r\u00fclen nedeni kaslar, tendonlar ve omuz yap\u0131s\u0131n\u0131 olu\u015fturan di\u011fer yumu\u015fak dokulardaki zedelenmelerdir. Bu durum b\u00f6lgeye al\u0131nan darbeler, ters hareketler veya omuza a\u015f\u0131r\u0131 y\u00fck bindiren egzersizler neticesinde olu\u015fur.","robots":{"index":"index","follow":"follow","max-snippet":"max-snippet:-1","max-image-preview":"max-image-preview:large","max-video-preview":"max-video-preview:-1"},"canonical":"https:\/\/www.erdemyorukoglu.com\/tr\/uzmanliklar\/mckenzie-teknigi\/","og_locale":"tr_TR","og_type":"article","og_title":"[:tr]MCKENZIE TEKN\u0130\u011e\u0130 - Erdem Y\u00f6r\u00fcko\u011flu \/\/ Manuel Terapi, Fizyoterapist, Ankara[:en][:tr]MCKENZIE TEKN\u0130\u011e\u0130[:en]McKENZIE TECHNIQUE[:de]McKENZIE - TECHNIK[:] - Erdem Y\u00f6r\u00fcko\u011flu \/\/ Manuel Terapi, Fizyoterapist, Ankara[:de]Erdem Y\u00f6r\u00fcko\u011flu \/\/ Manuel Terapi, Fizyoterapist, Ankara - [:tr]MCKENZIE TEKN\u0130\u011e\u0130[:en]McKENZIE TECHNIQUE[:de]McKENZIE - TECHNIK[:][:]","og_description":"Omuz a\u011fr\u0131s\u0131n\u0131n en \u00e7ok g\u00f6r\u00fclen nedeni kaslar, tendonlar ve omuz yap\u0131s\u0131n\u0131 olu\u015fturan di\u011fer yumu\u015fak dokulardaki zedelenmelerdir. Bu durum b\u00f6lgeye al\u0131nan darbeler, ters hareketler veya omuza a\u015f\u0131r\u0131 y\u00fck bindiren egzersizler neticesinde olu\u015fur.","og_url":"https:\/\/www.erdemyorukoglu.com\/tr\/uzmanliklar\/mckenzie-teknigi\/","og_site_name":"Erdem Y\u00f6r\u00fcko\u011flu \/\/ Manuel Terapi, Fizyoterapist, Ankara","article_modified_time":"2025-08-16T14:04:00+00:00","og_image":[{"width":1200,"height":800,"url":"https:\/\/www.erdemyorukoglu.com\/wp-content\/uploads\/2019\/02\/mckenzie_4a.jpg","type":"image\/jpeg"}],"twitter_card":"summary_large_image","twitter_misc":{"Tahmini okuma s\u00fcresi":"2 dakika"},"schema":{"@context":"https:\/\/schema.org","@graph":[{"@type":"WebPage","@id":"https:\/\/www.erdemyorukoglu.com\/tr\/uzmanliklar\/mckenzie-teknigi\/","url":"https:\/\/www.erdemyorukoglu.com\/tr\/uzmanliklar\/mckenzie-teknigi\/","name":"MCKENZIE TEKN\u0130\u011e\u0130 - Erdem Y\u00f6r\u00fcko\u011flu \/\/ Manuel Terapi, Fizyoterapist, AnkaraMCKENZIE TEKN\u0130\u011e\u0130MCKENZIE TEKN\u0130\u011e\u0130","isPartOf":{"@id":"https:\/\/www.erdemyorukoglu.com\/en\/#website"},"datePublished":"2019-02-09T22:03:49+00:00","dateModified":"2025-08-16T14:04:00+00:00","description":"Omuz a\u011fr\u0131s\u0131n\u0131n en \u00e7ok g\u00f6r\u00fclen nedeni kaslar, tendonlar ve omuz yap\u0131s\u0131n\u0131 olu\u015fturan di\u011fer yumu\u015fak dokulardaki zedelenmelerdir. Bu durum b\u00f6lgeye al\u0131nan darbeler, ters hareketler veya omuza a\u015f\u0131r\u0131 y\u00fck bindiren egzersizler neticesinde olu\u015fur.","breadcrumb":{"@id":"https:\/\/www.erdemyorukoglu.com\/tr\/uzmanliklar\/mckenzie-teknigi\/#breadcrumb"},"inLanguage":"tr-TR","potentialAction":[{"@type":"ReadAction","target":["https:\/\/www.erdemyorukoglu.com\/tr\/uzmanliklar\/mckenzie-teknigi\/"]}]},{"@type":"BreadcrumbList","@id":"https:\/\/www.erdemyorukoglu.com\/tr\/uzmanliklar\/mckenzie-teknigi\/#breadcrumb","itemListElement":[{"@type":"ListItem","position":1,"name":"MANUEL TERAP\u0130 ANKARA %%sep%% %%sitename%%","item":"https:\/\/www.erdemyorukoglu.com\/de\/"},{"@type":"ListItem","position":2,"name":"UZMANLIKLAR","item":"https:\/\/www.erdemyorukoglu.com\/de\/uzmanliklar\/"},{"@type":"ListItem","position":3,"name":"MCKENZIE TEKN\u0130\u011e\u0130"}]},{"@type":"WebSite","@id":"https:\/\/www.erdemyorukoglu.com\/en\/#website","url":"https:\/\/www.erdemyorukoglu.com\/en\/","name":"Erdem Y\u00f6r\u00fcko\u011flu \/\/ Manuel Terapi, Fizyoterapist, Ankara","description":"Manuel Terapi, Kayropraktik, Fizyoterapi, Bel ve Boyun F\u0131t\u0131\u011f\u0131, Lenf\u00f6dem Tedavisi, Gyrotonic, Skolyoz, Ankara","publisher":{"@id":"https:\/\/www.erdemyorukoglu.com\/en\/#\/schema\/person\/854314645f5beb1ce61d3d55971d52e1"},"potentialAction":[{"@type":"SearchAction","target":{"@type":"EntryPoint","urlTemplate":"https:\/\/www.erdemyorukoglu.com\/en\/?s={search_term_string}"},"query-input":{"@type":"PropertyValueSpecification","valueRequired":true,"valueName":"search_term_string"}}],"inLanguage":"tr-TR"},{"@type":["Person","Organization"],"@id":"https:\/\/www.erdemyorukoglu.com\/en\/#\/schema\/person\/854314645f5beb1ce61d3d55971d52e1","name":"Erdem Y\u00f6r\u00fcko\u011flu","image":{"@type":"ImageObject","inLanguage":"tr-TR","@id":"https:\/\/www.erdemyorukoglu.com\/en\/#\/schema\/person\/image\/","url":"https:\/\/www.erdemyorukoglu.com\/wp-content\/uploads\/2018\/11\/fav-icon-1.png","contentUrl":"https:\/\/www.erdemyorukoglu.com\/wp-content\/uploads\/2018\/11\/fav-icon-1.png","width":512,"height":512,"caption":"Erdem Y\u00f6r\u00fcko\u011flu"},"logo":{"@id":"https:\/\/www.erdemyorukoglu.com\/en\/#\/schema\/person\/image\/"}}]}},"_links":{"self":[{"href":"https:\/\/www.erdemyorukoglu.com\/tr\/wp-json\/wp\/v2\/pages\/3529","targetHints":{"allow":["GET"]}}],"collection":[{"href":"https:\/\/www.erdemyorukoglu.com\/tr\/wp-json\/wp\/v2\/pages"}],"about":[{"href":"https:\/\/www.erdemyorukoglu.com\/tr\/wp-json\/wp\/v2\/types\/page"}],"author":[{"embeddable":true,"href":"https:\/\/www.erdemyorukoglu.com\/tr\/wp-json\/wp\/v2\/users\/1"}],"replies":[{"embeddable":true,"href":"https:\/\/www.erdemyorukoglu.com\/tr\/wp-json\/wp\/v2\/comments?post=3529"}],"version-history":[{"count":10,"href":"https:\/\/www.erdemyorukoglu.com\/tr\/wp-json\/wp\/v2\/pages\/3529\/revisions"}],"predecessor-version":[{"id":3662,"href":"https:\/\/www.erdemyorukoglu.com\/tr\/wp-json\/wp\/v2\/pages\/3529\/revisions\/3662"}],"up":[{"embeddable":true,"href":"https:\/\/www.erdemyorukoglu.com\/tr\/wp-json\/wp\/v2\/pages\/9"}],"wp:attachment":[{"href":"https:\/\/www.erdemyorukoglu.com\/tr\/wp-json\/wp\/v2\/media?parent=3529"}],"curies":[{"name":"wp","href":"https:\/\/api.w.org\/{rel}","templated":true}]}}