{"id":3763,"date":"2019-02-23T14:10:58","date_gmt":"2019-02-23T11:10:58","guid":{"rendered":"https:\/\/www.erdemyorukoglu.com\/en\/?page_id=3763"},"modified":"2025-08-16T17:02:25","modified_gmt":"2025-08-16T14:02:25","slug":"kayropraktik","status":"publish","type":"page","link":"https:\/\/www.erdemyorukoglu.com\/tr\/uzmanliklar\/kayropraktik\/","title":{"rendered":"KAYROPRAKT\u0130K"},"content":{"rendered":"<div class=\"wpb-content-wrapper\">[vc_row curly_padding=&#8221;content-padding-none&#8221;][vc_column curly_padding=&#8221;content-padding&#8221;][vc_column_text]\n<h1 style=\"text-align: center;\"><strong>KAYROPRAKT\u0130K<\/strong><\/h1>\n[\/vc_column_text][\/vc_column][\/vc_row][vc_row curly_padding=&#8221;content-padding-none&#8221;][vc_column curly_padding=&#8221;content-padding&#8221;][vc_single_image image=&#8221;3770&#8243; img_size=&#8221;full&#8221; alignment=&#8221;center&#8221; style=&#8221;img-frame-large&#8221;][\/vc_column][\/vc_row][vc_row content_placement=&#8221;top&#8221; curly_padding=&#8221;content-padding-none&#8221;][vc_column width=&#8221;1\/2&#8243; curly_padding=&#8221;content-padding-none&#8221;][vc_column_text]Kayropraktik; kas, omurga ve iskelet sisteminin biyomekanik bozukluklar\u0131 ve bunun sinir sistemi \u00fczerinde olu\u015fturdu\u011fu sorunlar\u0131 \u00f6nlemesiyle ilgilenen destekleyici bir uygulama alan\u0131d\u0131r. Yunanca bir ifade olup \u201cel ile yap\u0131lan uygulama\u201d anlam\u0131na gelmektedir. Kayropraksi y\u00f6ntemiyle tedavi, v\u00fccut sa\u011fl\u0131\u011f\u0131n\u0131n do\u011fal yollardan korunmas\u0131n\u0131 ve direncinin geli\u015ftirilmesini ama\u00e7lar. Kayropraktik tedavinin en \u00f6nemli prensibi hastan\u0131n fonksiyonel kapasitesini artt\u0131rarak ya\u015fam aktivitesine ve kalitesine katk\u0131da bulunmakt\u0131r.<\/p>\n<p><strong>Modern kayropraktinin temel hipotezi \u00f6zetlenirse;<\/strong><\/p>\n<ul>\n<li>\u00a0Omurga ve sinir sistemi arac\u0131l\u0131\u011f\u0131 ile sa\u011flanan organizman\u0131n sa\u011fl\u0131\u011f\u0131 aras\u0131nda i\u015flevsel bir ili\u015fki vard\u0131r.<\/li>\n<li>\u00a0Omurgan\u0131n mekanik bozukluklar\u0131, organizman\u0131n i\u015flevlerini olumsuz etkilemektedir.<\/li>\n<li>\u00a0Omurgaya uygulanan manuel \u00a0uygulamalar ile omurgan\u0131n i\u015flevsel bozukluklar\u0131n\u0131n d\u00fczeltilmesi<\/li>\n<\/ul>\n<p>hastal\u0131\u011f\u0131 iyile\u015ftirir veya sa\u011fl\u0131\u011f\u0131 d\u00fczeltir.[\/vc_column_text][\/vc_column][vc_column width=&#8221;1\/2&#8243; curly_padding=&#8221;content-padding-none&#8221;][vc_column_text]<strong>Kayropraksi uygulanabilecek durumlar:<\/strong><\/p>\n<ul>\n<li>Akut ve kronik boyun ve bel a\u011fr\u0131s\u0131<\/li>\n<li>Kronik servikal b\u00f6lge kaynakl\u0131 ba\u015f a\u011fr\u0131s\u0131<\/li>\n<li>Ani fleksiyon-ekstansiyon zorlanmalar\u0131yla ili\u015fkili a\u011fr\u0131lar<\/li>\n<li>Lomberspinalstenozun erken konservatif tedavisi<\/li>\n<li>Lomberitorakal ve servikal disk hernilerinin erken konservatif tedavisi<\/li>\n<li>Akut ve kronik yumu\u015fak doku zorlanmalar\u0131<\/li>\n<li>Miyofasiyal a\u011fr\u0131 sendromu<\/li>\n<li>Mesleki ve spor ile ili\u015fkili rekreasyonel kas-iskelet sistemi yaralanmalar\u0131<\/li>\n<li>Geriatrik ya\u015f grubunun osteoartrit vb. kas-iskelet sistemi sorunlar\u0131<\/li>\n<li>Mekanik faset eklem kaynakl\u0131, biyomekanik disfonksiyonlar<\/li>\n<li>Koksiks a\u011fr\u0131s\u0131<\/li>\n<li>Post\u00fcrel Skolyoz<\/li>\n<li>Progresif motor defisit ve kaudaequinesendromu saptanmayan sinir k\u00f6k\u00fc irritasyonlar\u0131<\/li>\n<li>Omuz, sakroiliak eklem, temporamandibuler eklem, kal\u00e7a, diz, el, ayak eklem disfonksiyonlar\u0131<\/li>\n<\/ul>\n[\/vc_column_text][\/vc_column][\/vc_row]\n<\/div>","protected":false},"excerpt":{"rendered":"<p>[vc_row curly_padding=&#8221;content-padding-none&#8221;][vc_column curly_padding=&#8221;content-padding&#8221;][vc_column_text] KAYROPRAKT\u0130K [\/vc_column_text][\/vc_column][\/vc_row][vc_row curly_padding=&#8221;content-padding-none&#8221;][vc_column curly_padding=&#8221;content-padding&#8221;][vc_single_image image=&#8221;3770&#8243; img_size=&#8221;full&#8221; alignment=&#8221;center&#8221; style=&#8221;img-frame-large&#8221;][\/vc_column][\/vc_row][vc_row content_placement=&#8221;top&#8221; curly_padding=&#8221;content-padding-none&#8221;][vc_column width=&#8221;1\/2&#8243; curly_padding=&#8221;content-padding-none&#8221;][vc_column_text]Kayropraktik; kas, omurga ve iskelet sisteminin biyomekanik bozukluklar\u0131 ve bunun sinir sistemi \u00fczerinde olu\u015fturdu\u011fu sorunlar\u0131 \u00f6nlemesiyle ilgilenen destekleyici bir uygulama alan\u0131d\u0131r. Yunanca bir ifade olup \u201cel ile yap\u0131lan uygulama\u201d anlam\u0131na gelmektedir. Kayropraksi y\u00f6ntemiyle tedavi, v\u00fccut sa\u011fl\u0131\u011f\u0131n\u0131n do\u011fal yollardan korunmas\u0131n\u0131 ve direncinin geli\u015ftirilmesini ama\u00e7lar. Kayropraktik tedavinin en [&hellip;]<\/p>\n","protected":false},"author":1,"featured_media":0,"parent":9,"menu_order":0,"comment_status":"closed","ping_status":"closed","template":"","meta":{"inline_featured_image":false,"footnotes":""},"class_list":["post-3763","page","type-page","status-publish","hentry"],"yoast_head":"<!-- This site is optimized with the Yoast SEO plugin v25.7 - https:\/\/yoast.com\/wordpress\/plugins\/seo\/ -->\n<title>KAYROPRAKT\u0130KKAYROPRAKT\u0130KKAYROPRAKT\u0130K<\/title>\n<meta name=\"description\" content=\"Kayropraktik; kas, omurga ve iskelet sisteminin biyomekanik bozukluklar\u0131 ve bunun sinir sistemi \u00fczerinde olu\u015fturdu\u011fu sorunlar\u0131 \u00f6nlemesiyle ilgilenen destekleyici bir uygulama alan\u0131d\u0131r. Kayropraksi y\u00f6ntemiyle tedavi, v\u00fccut sa\u011fl\u0131\u011f\u0131n\u0131n do\u011fal yollardan korunmas\u0131n\u0131 ve direncinin geli\u015ftirilmesini ama\u00e7lar.\" \/>\n<meta name=\"robots\" content=\"index, follow, max-snippet:-1, max-image-preview:large, max-video-preview:-1\" \/>\n<link rel=\"canonical\" href=\"https:\/\/www.erdemyorukoglu.com\/tr\/uzmanliklar\/kayropraktik\/\" \/>\n<meta property=\"og:locale\" content=\"tr_TR\" \/>\n<meta property=\"og:locale:alternate\" content=\"en_US\" \/>\n<meta property=\"og:locale:alternate\" content=\"De_GR\" \/>\n<meta property=\"og:type\" content=\"article\" \/>\n<meta property=\"og:title\" content=\"KAYROPRAKT\u0130KKAYROPRAKT\u0130KKAYROPRAKT\u0130K\" \/>\n<meta property=\"og:description\" content=\"Kayropraktik; kas, omurga ve iskelet sisteminin biyomekanik bozukluklar\u0131 ve bunun sinir sistemi \u00fczerinde olu\u015fturdu\u011fu sorunlar\u0131 \u00f6nlemesiyle ilgilenen destekleyici bir uygulama alan\u0131d\u0131r. Kayropraksi y\u00f6ntemiyle tedavi, v\u00fccut sa\u011fl\u0131\u011f\u0131n\u0131n do\u011fal yollardan korunmas\u0131n\u0131 ve direncinin geli\u015ftirilmesini ama\u00e7lar.\" \/>\n<meta property=\"og:url\" content=\"https:\/\/www.erdemyorukoglu.com\/tr\/uzmanliklar\/kayropraktik\/\" \/>\n<meta property=\"og:site_name\" content=\"Erdem Y\u00f6r\u00fcko\u011flu \/\/ Manuel Terapi, Fizyoterapist, Ankara\" \/>\n<meta property=\"article:modified_time\" content=\"2025-08-16T14:02:25+00:00\" \/>\n<meta property=\"og:image\" content=\"https:\/\/www.erdemyorukoglu.com\/wp-content\/uploads\/2019\/02\/kayropratik_1.jpg\" \/>\n\t<meta property=\"og:image:width\" content=\"1140\" \/>\n\t<meta property=\"og:image:height\" content=\"760\" \/>\n\t<meta property=\"og:image:type\" content=\"image\/jpeg\" \/>\n<meta name=\"twitter:card\" content=\"summary_large_image\" \/>\n<meta name=\"twitter:label1\" content=\"Tahmini okuma s\u00fcresi\" \/>\n\t<meta name=\"twitter:data1\" content=\"2 dakika\" \/>\n<script type=\"application\/ld+json\" class=\"yoast-schema-graph\">{\"@context\":\"https:\/\/schema.org\",\"@graph\":[{\"@type\":\"WebPage\",\"@id\":\"https:\/\/www.erdemyorukoglu.com\/tr\/uzmanliklar\/kayropraktik\/\",\"url\":\"https:\/\/www.erdemyorukoglu.com\/tr\/uzmanliklar\/kayropraktik\/\",\"name\":\"KAYROPRAKT\u0130KKAYROPRAKT\u0130KKAYROPRAKT\u0130K\",\"isPartOf\":{\"@id\":\"https:\/\/www.erdemyorukoglu.com\/en\/#website\"},\"datePublished\":\"2019-02-23T11:10:58+00:00\",\"dateModified\":\"2025-08-16T14:02:25+00:00\",\"description\":\"Kayropraktik; kas, omurga ve iskelet sisteminin biyomekanik bozukluklar\u0131 ve bunun sinir sistemi \u00fczerinde olu\u015fturdu\u011fu sorunlar\u0131 \u00f6nlemesiyle ilgilenen destekleyici bir uygulama alan\u0131d\u0131r. Kayropraksi y\u00f6ntemiyle tedavi, v\u00fccut sa\u011fl\u0131\u011f\u0131n\u0131n do\u011fal yollardan korunmas\u0131n\u0131 ve direncinin geli\u015ftirilmesini ama\u00e7lar.\",\"breadcrumb\":{\"@id\":\"https:\/\/www.erdemyorukoglu.com\/tr\/uzmanliklar\/kayropraktik\/#breadcrumb\"},\"inLanguage\":\"tr-TR\",\"potentialAction\":[{\"@type\":\"ReadAction\",\"target\":[\"https:\/\/www.erdemyorukoglu.com\/tr\/uzmanliklar\/kayropraktik\/\"]}]},{\"@type\":\"BreadcrumbList\",\"@id\":\"https:\/\/www.erdemyorukoglu.com\/tr\/uzmanliklar\/kayropraktik\/#breadcrumb\",\"itemListElement\":[{\"@type\":\"ListItem\",\"position\":1,\"name\":\"MANUEL TERAP\u0130 ANKARA %%sep%% %%sitename%%\",\"item\":\"https:\/\/www.erdemyorukoglu.com\/de\/\"},{\"@type\":\"ListItem\",\"position\":2,\"name\":\"UZMANLIKLAR\",\"item\":\"https:\/\/www.erdemyorukoglu.com\/de\/uzmanliklar\/\"},{\"@type\":\"ListItem\",\"position\":3,\"name\":\"KAYROPRAKT\u0130K\"}]},{\"@type\":\"WebSite\",\"@id\":\"https:\/\/www.erdemyorukoglu.com\/en\/#website\",\"url\":\"https:\/\/www.erdemyorukoglu.com\/en\/\",\"name\":\"Erdem Y\u00f6r\u00fcko\u011flu \/\/ Manuel Terapi, Fizyoterapist, Ankara\",\"description\":\"Manuel Terapi, Kayropraktik, Fizyoterapi, Bel ve Boyun F\u0131t\u0131\u011f\u0131, Lenf\u00f6dem Tedavisi, Gyrotonic, Skolyoz, Ankara\",\"publisher\":{\"@id\":\"https:\/\/www.erdemyorukoglu.com\/en\/#\/schema\/person\/854314645f5beb1ce61d3d55971d52e1\"},\"potentialAction\":[{\"@type\":\"SearchAction\",\"target\":{\"@type\":\"EntryPoint\",\"urlTemplate\":\"https:\/\/www.erdemyorukoglu.com\/en\/?s={search_term_string}\"},\"query-input\":{\"@type\":\"PropertyValueSpecification\",\"valueRequired\":true,\"valueName\":\"search_term_string\"}}],\"inLanguage\":\"tr-TR\"},{\"@type\":[\"Person\",\"Organization\"],\"@id\":\"https:\/\/www.erdemyorukoglu.com\/en\/#\/schema\/person\/854314645f5beb1ce61d3d55971d52e1\",\"name\":\"Erdem Y\u00f6r\u00fcko\u011flu\",\"image\":{\"@type\":\"ImageObject\",\"inLanguage\":\"tr-TR\",\"@id\":\"https:\/\/www.erdemyorukoglu.com\/en\/#\/schema\/person\/image\/\",\"url\":\"https:\/\/www.erdemyorukoglu.com\/wp-content\/uploads\/2018\/11\/fav-icon-1.png\",\"contentUrl\":\"https:\/\/www.erdemyorukoglu.com\/wp-content\/uploads\/2018\/11\/fav-icon-1.png\",\"width\":512,\"height\":512,\"caption\":\"Erdem Y\u00f6r\u00fcko\u011flu\"},\"logo\":{\"@id\":\"https:\/\/www.erdemyorukoglu.com\/en\/#\/schema\/person\/image\/\"}}]}<\/script>\n<!-- \/ Yoast SEO plugin. -->","yoast_head_json":{"title":"KAYROPRAKT\u0130KKAYROPRAKT\u0130KKAYROPRAKT\u0130K","description":"Kayropraktik; kas, omurga ve iskelet sisteminin biyomekanik bozukluklar\u0131 ve bunun sinir sistemi \u00fczerinde olu\u015fturdu\u011fu sorunlar\u0131 \u00f6nlemesiyle ilgilenen destekleyici bir uygulama alan\u0131d\u0131r. Kayropraksi y\u00f6ntemiyle tedavi, v\u00fccut sa\u011fl\u0131\u011f\u0131n\u0131n do\u011fal yollardan korunmas\u0131n\u0131 ve direncinin geli\u015ftirilmesini ama\u00e7lar.","robots":{"index":"index","follow":"follow","max-snippet":"max-snippet:-1","max-image-preview":"max-image-preview:large","max-video-preview":"max-video-preview:-1"},"canonical":"https:\/\/www.erdemyorukoglu.com\/tr\/uzmanliklar\/kayropraktik\/","og_locale":"tr_TR","og_type":"article","og_title":"[:tr][:tr]KAYROPRAKT\u0130K[:en]CHIROPRACTIC[:de]CH\u0130ROPRAKT\u0130K[:] - Erdem Y\u00f6r\u00fcko\u011flu \/\/ Manuel Terapi, Fizyoterapist, Ankara[:en][:tr]KAYROPRAKT\u0130K[:en]CHIROPRACTIC[:de]CH\u0130ROPRAKT\u0130K[:] - Erdem Y\u00f6r\u00fcko\u011flu \/\/ Manuel Terapi, Fizyoterapist, Ankara[:de]Erdem Y\u00f6r\u00fcko\u011flu \/\/ Manuel Terapi, Fizyoterapist, Ankara - [:tr]KAYROPRAKT\u0130K[:en]CHIROPRACTIC[:de]CH\u0130ROPRAKT\u0130K[:][:]","og_description":"[:tr]Kayropraktik; kas, omurga ve iskelet sisteminin biyomekanik bozukluklar\u0131 ve bunun sinir sistemi \u00fczerinde olu\u015fturdu\u011fu sorunlar\u0131 \u00f6nlemesiyle ilgilenen destekleyici bir uygulama alan\u0131d\u0131r. Kayropraksi y\u00f6ntemiyle tedavi, v\u00fccut sa\u011fl\u0131\u011f\u0131n\u0131n do\u011fal yollardan korunmas\u0131n\u0131 ve direncinin geli\u015ftirilmesini ama\u00e7lar.[:]","og_url":"https:\/\/www.erdemyorukoglu.com\/tr\/uzmanliklar\/kayropraktik\/","og_site_name":"Erdem Y\u00f6r\u00fcko\u011flu \/\/ Manuel Terapi, Fizyoterapist, Ankara","article_modified_time":"2025-08-16T14:02:25+00:00","og_image":[{"width":1140,"height":760,"url":"https:\/\/www.erdemyorukoglu.com\/wp-content\/uploads\/2019\/02\/kayropratik_1.jpg","type":"image\/jpeg"}],"twitter_card":"summary_large_image","twitter_misc":{"Tahmini okuma s\u00fcresi":"2 dakika"},"schema":{"@context":"https:\/\/schema.org","@graph":[{"@type":"WebPage","@id":"https:\/\/www.erdemyorukoglu.com\/tr\/uzmanliklar\/kayropraktik\/","url":"https:\/\/www.erdemyorukoglu.com\/tr\/uzmanliklar\/kayropraktik\/","name":"KAYROPRAKT\u0130KKAYROPRAKT\u0130KKAYROPRAKT\u0130K","isPartOf":{"@id":"https:\/\/www.erdemyorukoglu.com\/en\/#website"},"datePublished":"2019-02-23T11:10:58+00:00","dateModified":"2025-08-16T14:02:25+00:00","description":"Kayropraktik; kas, omurga ve iskelet sisteminin biyomekanik bozukluklar\u0131 ve bunun sinir sistemi \u00fczerinde olu\u015fturdu\u011fu sorunlar\u0131 \u00f6nlemesiyle ilgilenen destekleyici bir uygulama alan\u0131d\u0131r. Kayropraksi y\u00f6ntemiyle tedavi, v\u00fccut sa\u011fl\u0131\u011f\u0131n\u0131n do\u011fal yollardan korunmas\u0131n\u0131 ve direncinin geli\u015ftirilmesini ama\u00e7lar.","breadcrumb":{"@id":"https:\/\/www.erdemyorukoglu.com\/tr\/uzmanliklar\/kayropraktik\/#breadcrumb"},"inLanguage":"tr-TR","potentialAction":[{"@type":"ReadAction","target":["https:\/\/www.erdemyorukoglu.com\/tr\/uzmanliklar\/kayropraktik\/"]}]},{"@type":"BreadcrumbList","@id":"https:\/\/www.erdemyorukoglu.com\/tr\/uzmanliklar\/kayropraktik\/#breadcrumb","itemListElement":[{"@type":"ListItem","position":1,"name":"MANUEL TERAP\u0130 ANKARA %%sep%% %%sitename%%","item":"https:\/\/www.erdemyorukoglu.com\/de\/"},{"@type":"ListItem","position":2,"name":"UZMANLIKLAR","item":"https:\/\/www.erdemyorukoglu.com\/de\/uzmanliklar\/"},{"@type":"ListItem","position":3,"name":"KAYROPRAKT\u0130K"}]},{"@type":"WebSite","@id":"https:\/\/www.erdemyorukoglu.com\/en\/#website","url":"https:\/\/www.erdemyorukoglu.com\/en\/","name":"Erdem Y\u00f6r\u00fcko\u011flu \/\/ Manuel Terapi, Fizyoterapist, Ankara","description":"Manuel Terapi, Kayropraktik, Fizyoterapi, Bel ve Boyun F\u0131t\u0131\u011f\u0131, Lenf\u00f6dem Tedavisi, Gyrotonic, Skolyoz, Ankara","publisher":{"@id":"https:\/\/www.erdemyorukoglu.com\/en\/#\/schema\/person\/854314645f5beb1ce61d3d55971d52e1"},"potentialAction":[{"@type":"SearchAction","target":{"@type":"EntryPoint","urlTemplate":"https:\/\/www.erdemyorukoglu.com\/en\/?s={search_term_string}"},"query-input":{"@type":"PropertyValueSpecification","valueRequired":true,"valueName":"search_term_string"}}],"inLanguage":"tr-TR"},{"@type":["Person","Organization"],"@id":"https:\/\/www.erdemyorukoglu.com\/en\/#\/schema\/person\/854314645f5beb1ce61d3d55971d52e1","name":"Erdem Y\u00f6r\u00fcko\u011flu","image":{"@type":"ImageObject","inLanguage":"tr-TR","@id":"https:\/\/www.erdemyorukoglu.com\/en\/#\/schema\/person\/image\/","url":"https:\/\/www.erdemyorukoglu.com\/wp-content\/uploads\/2018\/11\/fav-icon-1.png","contentUrl":"https:\/\/www.erdemyorukoglu.com\/wp-content\/uploads\/2018\/11\/fav-icon-1.png","width":512,"height":512,"caption":"Erdem Y\u00f6r\u00fcko\u011flu"},"logo":{"@id":"https:\/\/www.erdemyorukoglu.com\/en\/#\/schema\/person\/image\/"}}]}},"_links":{"self":[{"href":"https:\/\/www.erdemyorukoglu.com\/tr\/wp-json\/wp\/v2\/pages\/3763","targetHints":{"allow":["GET"]}}],"collection":[{"href":"https:\/\/www.erdemyorukoglu.com\/tr\/wp-json\/wp\/v2\/pages"}],"about":[{"href":"https:\/\/www.erdemyorukoglu.com\/tr\/wp-json\/wp\/v2\/types\/page"}],"author":[{"embeddable":true,"href":"https:\/\/www.erdemyorukoglu.com\/tr\/wp-json\/wp\/v2\/users\/1"}],"replies":[{"embeddable":true,"href":"https:\/\/www.erdemyorukoglu.com\/tr\/wp-json\/wp\/v2\/comments?post=3763"}],"version-history":[{"count":8,"href":"https:\/\/www.erdemyorukoglu.com\/tr\/wp-json\/wp\/v2\/pages\/3763\/revisions"}],"predecessor-version":[{"id":9382,"href":"https:\/\/www.erdemyorukoglu.com\/tr\/wp-json\/wp\/v2\/pages\/3763\/revisions\/9382"}],"up":[{"embeddable":true,"href":"https:\/\/www.erdemyorukoglu.com\/tr\/wp-json\/wp\/v2\/pages\/9"}],"wp:attachment":[{"href":"https:\/\/www.erdemyorukoglu.com\/tr\/wp-json\/wp\/v2\/media?parent=3763"}],"curies":[{"name":"wp","href":"https:\/\/api.w.org\/{rel}","templated":true}]}}