{"id":9,"date":"2016-03-30T16:45:34","date_gmt":"2016-03-30T13:45:34","guid":{"rendered":"http:\/\/sandbox.curlythemes.com\/pirouette\/?page_id=9"},"modified":"2019-08-30T17:56:22","modified_gmt":"2019-08-30T14:56:22","slug":"uzmanliklar","status":"publish","type":"page","link":"https:\/\/www.erdemyorukoglu.com\/tr\/uzmanliklar\/","title":{"rendered":"UZMANLIKLAR"},"content":{"rendered":"<div class=\"wpb-content-wrapper\">[vc_row full_width=&#8221;stretch_row&#8221; equal_height=&#8221;yes&#8221; content_placement=&#8221;middle&#8221; curly_padding=&#8221;content-padding-lg&#8221; css=&#8221;.vc_custom_1474550710558{border-bottom-width: 1px !important;border-bottom-color: #f4f4f4 !important;border-bottom-style: solid !important;}&#8221;][vc_column width=&#8221;1\/2&#8243;][vc_single_image image=&#8221;2362&#8243; img_size=&#8221;large&#8221; css=&#8221;.vc_custom_1542482178336{margin-bottom: 0px !important;}&#8221; el_class=&#8221;img-frame-large&#8221;][\/vc_column][vc_column width=&#8221;1\/3&#8243; offset=&#8221;vc_col-sm-offset-2&#8243;][vc_column_text curly_padding_side=&#8221;content-side-padding-xxl&#8221;]\n<h2><strong>ORTOPED\u0130K MANUEL TERAP\u0130 (OMT)<\/strong><\/h2>\n<p class=\"text text-40\">Manuel terapi, g\u00fcn\u00fcm\u00fczde modern t\u0131pta yerini alan ve tarihi Hipokrat\u2019a kadar uzanan bilim dal\u0131d\u0131r.\u00a0Manuel terapi teknikleri fizyoterapistler taraf\u0131ndan tamamlay\u0131c\u0131 tedavi y\u00f6ntemi olarak uygulan\u0131r. Fizik tedavi y\u00f6ntem ve teknikleriyle birle\u015ftirildi\u011finde gereksiz ameliyatlar\u0131 \u00f6nler ve ya\u015fam kalitesini artt\u0131r\u0131r.<\/p>\n[\/vc_column_text][vc_empty_space height=&#8221;.5rem&#8221;][vc_column_text]<a class=\"btn btn-primary btn-sm\" href=\"https:\/\/www.erdemyorukoglu.com\/tr\/uzmanliklar\/manuel-terapi\/\"><strong>DETAYLI \u0130NCELE<\/strong><\/a>[\/vc_column_text][\/vc_column][\/vc_row][vc_row full_width=&#8221;stretch_row&#8221; equal_height=&#8221;yes&#8221; content_placement=&#8221;middle&#8221; curly_padding=&#8221;content-padding-lg&#8221; css=&#8221;.vc_custom_1474550710558{border-bottom-width: 1px !important;border-bottom-color: #f4f4f4 !important;border-bottom-style: solid !important;}&#8221;][vc_column width=&#8221;1\/3&#8243;][vc_column_text curly_padding_side=&#8221;content-side-padding-xxl&#8221;]\n<h2><strong>SCHROTH-3D SKOLYOZ TEDAV\u0130S\u0130<\/strong><\/h2>\n<p class=\"text text-40\">Skolyoz i\u00e7in \u00fc\u00e7 boyutlu tedavi y\u00f6ntemi,1921 y\u0131l\u0131ndan beri Almanyada kullan\u0131lmaktad\u0131r. Mrs.Kathrine Schroth, bu y\u00f6ntemi ilk olarak kendisinde 11 y\u0131l kulland\u0131ktan sonra, bir \u00e7ok bilgiyi bir araya getirerek, \u00f6\u011fretilebilinir bir y\u00f6ntem mozai\u011fi olu\u015fturmu\u015ftur.<\/p>\n[\/vc_column_text][vc_empty_space height=&#8221;.5rem&#8221;][vc_column_text]<strong><a class=\"btn btn-primary btn-sm\" href=\"https:\/\/www.erdemyorukoglu.com\/tr\/uzmanliklar\/schroth-3d-skolyoz-tedavisi\/\">DETAYLI \u0130NCELE<\/a><\/strong>[\/vc_column_text][\/vc_column][vc_column width=&#8221;1\/2&#8243; offset=&#8221;vc_col-sm-offset-2&#8243;][vc_single_image image=&#8221;3097&#8243; img_size=&#8221;large&#8221; css=&#8221;.vc_custom_1546636510732{margin-bottom: 0px !important;}&#8221; el_class=&#8221;img-frame-large&#8221;][\/vc_column][\/vc_row][vc_row full_width=&#8221;stretch_row&#8221; equal_height=&#8221;yes&#8221; content_placement=&#8221;middle&#8221; curly_padding=&#8221;content-padding-lg&#8221; css=&#8221;.vc_custom_1474550710558{border-bottom-width: 1px !important;border-bottom-color: #f4f4f4 !important;border-bottom-style: solid !important;}&#8221;][vc_column width=&#8221;1\/2&#8243;][vc_single_image image=&#8221;3205&#8243; img_size=&#8221;large&#8221; css=&#8221;.vc_custom_1546636762484{margin-bottom: 0px !important;}&#8221; el_class=&#8221;img-frame-large&#8221;][\/vc_column][vc_column width=&#8221;1\/3&#8243; offset=&#8221;vc_col-sm-offset-2&#8243;][vc_column_text curly_padding_side=&#8221;content-side-padding-xxl&#8221;]\n<h2><strong>GRASTON<\/strong><\/h2>\n<p class=\"text text-40\">Graston Tekni\u011fi, kas mobilizasyonlar\u0131n\u0131 ger\u00e7ekle\u015ftirmek i\u00e7in paslanmaz \u00e7elik aletler kullanan patentli bir manuel terapi \u015feklidir.<\/p>\n[\/vc_column_text][vc_empty_space height=&#8221;.5rem&#8221;][vc_column_text curly_padding_side=&#8221;content-side-padding-xxl&#8221;]<a class=\"btn btn-primary btn-sm\" href=\"https:\/\/www.erdemyorukoglu.com\/tr\/uzmanliklar\/graston\/\"><strong>DETAYLI \u0130NCELE<\/strong><\/a>[\/vc_column_text][\/vc_column][\/vc_row][vc_row full_width=&#8221;stretch_row&#8221; equal_height=&#8221;yes&#8221; content_placement=&#8221;middle&#8221; curly_padding=&#8221;content-padding-lg&#8221; css=&#8221;.vc_custom_1474550710558{border-bottom-width: 1px !important;border-bottom-color: #f4f4f4 !important;border-bottom-style: solid !important;}&#8221;][vc_column width=&#8221;1\/3&#8243;][vc_column_text curly_padding_side=&#8221;content-side-padding-xxl&#8221;]\n<h2><strong>DER\u0130N DOKU ve TET\u0130K NOKTA MASAJI<\/strong><\/h2>\n<p class=\"text text-40\">Tetik nokta masaj\u0131 kas kramplar\u0131n\u0131n ve spazm olarak bilinen sinir kas\u0131lmalar\u0131n\u0131n sebep oldu\u011fu a\u011fr\u0131lar\u0131 hafifletmek ve hatta tamamen yok etmek i\u00e7in uygulan\u0131r.<\/p>\n[\/vc_column_text][vc_empty_space height=&#8221;.5rem&#8221;][vc_column_text]<strong><a class=\"btn btn-primary btn-sm\" href=\"https:\/\/www.erdemyorukoglu.com\/tr\/uzmanliklar\/derin-doku-tetik-nokta-masaji\/\">DETAYLI \u0130NCELE<\/a><\/strong>[\/vc_column_text][\/vc_column][vc_column width=&#8221;1\/2&#8243; offset=&#8221;vc_col-sm-offset-2&#8243;][vc_single_image image=&#8221;3215&#8243; img_size=&#8221;large&#8221; css=&#8221;.vc_custom_1546636956378{margin-bottom: 0px !important;}&#8221; el_class=&#8221;img-frame-large&#8221;][\/vc_column][\/vc_row][vc_row full_width=&#8221;stretch_row&#8221; equal_height=&#8221;yes&#8221; content_placement=&#8221;middle&#8221; curly_padding=&#8221;content-padding-lg&#8221; css=&#8221;.vc_custom_1474550710558{border-bottom-width: 1px !important;border-bottom-color: #f4f4f4 !important;border-bottom-style: solid !important;}&#8221;][vc_column width=&#8221;1\/2&#8243;][vc_single_image image=&#8221;3235&#8243; img_size=&#8221;large&#8221; css=&#8221;.vc_custom_1546637168407{margin-bottom: 0px !important;}&#8221; el_class=&#8221;img-frame-large&#8221;][\/vc_column][vc_column width=&#8221;1\/3&#8243; offset=&#8221;vc_col-sm-offset-2&#8243;][vc_column_text curly_padding_side=&#8221;content-side-padding-xxl&#8221;]\n<h2><strong>ALEXANDER TEKN\u0130\u011e\u0130<\/strong><\/h2>\n<p class=\"text text-40\">Bu teknik Avustralyal\u0131 akt\u00f6r Frederick Matthias Alexander\u2019\u0131n (1869 -1955) sahnede sesinin k\u0131s\u0131lmas\u0131 ve doktorlar\u0131n buna \u00e7are bulamamas\u0131 sonucunda girdi\u011fi uzun soluklu bir kendini izleme d\u00f6neminden sonra ortaya \u00e7\u0131km\u0131\u015ft\u0131r.<\/p>\n[\/vc_column_text][vc_empty_space height=&#8221;.5rem&#8221;][vc_column_text curly_padding_side=&#8221;content-side-padding-xxl&#8221;]<a class=\"btn btn-primary btn-sm\" href=\"https:\/\/www.erdemyorukoglu.com\/tr\/uzmanliklar\/alexander-teknigi\/\"><strong>DETAYLI \u0130NCELE<\/strong><\/a>[\/vc_column_text][\/vc_column][\/vc_row][vc_row full_width=&#8221;stretch_row&#8221; equal_height=&#8221;yes&#8221; content_placement=&#8221;middle&#8221; curly_padding=&#8221;content-padding-lg&#8221; css=&#8221;.vc_custom_1474550710558{border-bottom-width: 1px !important;border-bottom-color: #f4f4f4 !important;border-bottom-style: solid !important;}&#8221;][vc_column width=&#8221;1\/3&#8243;][vc_column_text curly_padding_side=&#8221;content-side-padding-xxl&#8221;]\n<h2><strong>MYOFASCIAL RELEASE<\/strong><\/h2>\n<p>Myofascial Release, a\u011fr\u0131y\u0131 gidermek ve hareketi geri almak i\u00e7in Myofascial ba\u011f dokusu k\u0131s\u0131tlamalar\u0131na hafif ve s\u00fcrekli bir bas\u0131n\u00e7 uygulamay\u0131 i\u00e7eren g\u00fcvenli ve \u00e7ok etkili bir uygulamal\u0131 tekniktir.[\/vc_column_text][vc_empty_space height=&#8221;.5rem&#8221;][vc_column_text]<a href=\"https:\/\/www.erdemyorukoglu.com\/tr\/uzmanliklar\/myofascial-release\/\"><strong>DETAYLI \u0130NCELE<\/strong><\/a>[\/vc_column_text][\/vc_column][vc_column width=&#8221;1\/2&#8243; offset=&#8221;vc_col-sm-offset-2&#8243;][vc_single_image image=&#8221;3241&#8243; img_size=&#8221;large&#8221; css=&#8221;.vc_custom_1546637270491{margin-bottom: 0px !important;}&#8221; el_class=&#8221;img-frame-large&#8221;][\/vc_column][\/vc_row][vc_row full_width=&#8221;stretch_row&#8221; equal_height=&#8221;yes&#8221; content_placement=&#8221;middle&#8221; curly_padding=&#8221;content-padding-lg&#8221; css=&#8221;.vc_custom_1474550710558{border-bottom-width: 1px !important;border-bottom-color: #f4f4f4 !important;border-bottom-style: solid !important;}&#8221;][vc_column width=&#8221;1\/2&#8243;][vc_single_image image=&#8221;3251&#8243; img_size=&#8221;large&#8221; css=&#8221;.vc_custom_1546637362772{margin-bottom: 0px !important;}&#8221; el_class=&#8221;img-frame-large&#8221;][\/vc_column][vc_column width=&#8221;1\/3&#8243; offset=&#8221;vc_col-sm-offset-2&#8243;][vc_column_text curly_padding_side=&#8221;content-side-padding-xxl&#8221;]\n<h2><strong>FMS (Functional Movement Screen)<\/strong><\/h2>\n<p>FMS, \u00f6nce mobilizasyon, sonra stabilizasyon, sonra do\u011fru hareket ve en son kuvvet y\u00fcklenmenin gerekti\u011fini savunur.<\/p>\n<p>FMS; zay\u0131f n\u00f6rom\u00fcsk\u00fcler kontrol\u00fcn, akut yaralanma riskini artt\u0131rd\u0131\u011f\u0131 d\u00fc\u015f\u00fcn\u00fcld\u00fc\u011f\u00fc i\u00e7in atletlerde hareket paterni kalitesini de\u011ferlendirmek i\u00e7in kullan\u0131lan bir sistemdir.[\/vc_column_text][vc_empty_space height=&#8221;.5rem&#8221;][vc_column_text curly_padding_side=&#8221;content-side-padding-xxl&#8221;]<strong><a class=\"btn btn-primary btn-sm\" href=\"https:\/\/www.erdemyorukoglu.com\/tr\/uzmanliklar\/functional_movement_screen\/\">DETAYLI \u0130NCELE<\/a><\/strong>[\/vc_column_text][\/vc_column][\/vc_row][vc_row full_width=&#8221;stretch_row&#8221; equal_height=&#8221;yes&#8221; content_placement=&#8221;middle&#8221; curly_padding=&#8221;content-padding-lg&#8221; css=&#8221;.vc_custom_1474550710558{border-bottom-width: 1px !important;border-bottom-color: #f4f4f4 !important;border-bottom-style: solid !important;}&#8221;][vc_column width=&#8221;1\/3&#8243;][vc_column_text curly_padding_side=&#8221;content-side-padding-xxl&#8221;]\n<h2><strong>F\u00d6LD\u0130 LENF\u00d6DEM<\/strong><\/h2>\n<p class=\"text text-40\">Lenf\u00f6dem rahats\u0131zl\u0131\u011f\u0131, lenfatik s\u0131v\u0131n\u0131n h\u00fccreler aras\u0131 dokuda birikmesiyle kollarda, bacaklarda ve g\u00f6vdede \u015fi\u015fmeye neden olmas\u0131d\u0131r.<\/p>\n[\/vc_column_text][vc_empty_space height=&#8221;.5rem&#8221;][vc_column_text]<strong><a class=\"btn btn-primary btn-sm\" href=\"https:\/\/www.erdemyorukoglu.com\/tr\/uzmanliklar\/foldi-lenfodem\/\">DETAYLI \u0130NCELE<\/a><\/strong>[\/vc_column_text][\/vc_column][vc_column width=&#8221;1\/2&#8243; offset=&#8221;vc_col-sm-offset-2&#8243;][vc_single_image image=&#8221;2851&#8243; img_size=&#8221;large&#8221; css=&#8221;.vc_custom_1543439287311{margin-bottom: 0px !important;}&#8221; el_class=&#8221;img-frame-large&#8221;][\/vc_column][\/vc_row][vc_row full_width=&#8221;stretch_row&#8221; equal_height=&#8221;yes&#8221; content_placement=&#8221;middle&#8221; curly_padding=&#8221;content-padding-lg&#8221; css=&#8221;.vc_custom_1474550710558{border-bottom-width: 1px !important;border-bottom-color: #f4f4f4 !important;border-bottom-style: solid !important;}&#8221;][vc_column width=&#8221;1\/2&#8243;][vc_single_image image=&#8221;3530&#8243; img_size=&#8221;large&#8221; css=&#8221;.vc_custom_1555961088759{margin-bottom: 0px !important;}&#8221; el_class=&#8221;img-frame-large&#8221;][\/vc_column][vc_column width=&#8221;1\/3&#8243; offset=&#8221;vc_col-sm-offset-2&#8243;][vc_column_text curly_padding_side=&#8221;content-side-padding-xxl&#8221;]\n<h2><strong>McKENZIE TEKN\u0130\u011e\u0130<\/strong><\/h2>\n<p>McKenzie Method, kas g\u00fc\u00e7lendirme ve hastan\u0131n g\u00fc\u00e7lenmesini ve kendi kendine tedaviyi vurgulayan bir biyopsikososyal sistemdir. Yeni Zelanda\u2019da Fizyoterapist Robin McKenzie taraf\u0131ndan geli\u015ftirilen spinal ve ekstremite a\u011fr\u0131lar\u0131 i\u00e7in uluslararas\u0131 olarak kabul edilmi\u015f bir de\u011ferlendirme ve tedavi y\u00f6ntemidir.[\/vc_column_text][vc_empty_space height=&#8221;.5rem&#8221;][vc_column_text curly_padding_side=&#8221;content-side-padding-xxl&#8221;]<strong><a class=\"btn btn-primary btn-sm\" href=\"https:\/\/www.erdemyorukoglu.com\/tr\/uzmanliklar\/mckenzie-teknigi\/\">DETAYLI \u0130NCELE<\/a><\/strong>[\/vc_column_text][\/vc_column][\/vc_row][vc_row full_width=&#8221;stretch_row&#8221; equal_height=&#8221;yes&#8221; content_placement=&#8221;middle&#8221; curly_padding=&#8221;content-padding-lg&#8221; css=&#8221;.vc_custom_1474550710558{border-bottom-width: 1px !important;border-bottom-color: #f4f4f4 !important;border-bottom-style: solid !important;}&#8221;][vc_column width=&#8221;1\/3&#8243;][vc_column_text curly_padding_side=&#8221;content-side-padding-xxl&#8221;]\n<h2><strong>MULLIGAN KONSEPT<\/strong><\/h2>\n<p class=\"text text-40\">Mulligan Konsepti, 1980\u2019lerde Yeni Zelandal\u0131 fizyoterapist Brian Mulligan taraf\u0131ndan geli\u015ftirilmeye ba\u015flanm\u0131\u015ft\u0131r. Konsepte \u00f6zg\u00fc teknikler kas-iskelet-sinir sistemi hastal\u0131klar\u0131nda g\u00fcvenle ve etkin \u015fekilde uygulanmaktad\u0131r. Konsept, bug\u00fcne kadar bilinen Manuel Terapi yakla\u015f\u0131mlar\u0131n\u0131n ortak bilgisi olan biyomekanik, artrokinematik kinezyolojik prensiplere uygun olmakla beraber teknikler ve uygulama prensipleri olarak di\u011fer yakla\u015f\u0131mlarla \u00f6nemli farkl\u0131l\u0131klar g\u00f6stermektedir.<\/p>\n[\/vc_column_text][vc_empty_space height=&#8221;.5rem&#8221;][vc_column_text]<strong><a class=\"btn btn-primary btn-sm\" href=\"https:\/\/www.erdemyorukoglu.com\/tr\/uzmanliklar\/mulligan-konsepti\/\">DETAYLI \u0130NCELE<\/a><\/strong>[\/vc_column_text][\/vc_column][vc_column width=&#8221;1\/2&#8243; offset=&#8221;vc_col-sm-offset-2&#8243;][vc_single_image image=&#8221;3527&#8243; img_size=&#8221;large&#8221; css=&#8221;.vc_custom_1555961191831{margin-bottom: 0px !important;}&#8221; el_class=&#8221;img-frame-large&#8221;][\/vc_column][\/vc_row][vc_row full_width=&#8221;stretch_row&#8221; equal_height=&#8221;yes&#8221; content_placement=&#8221;middle&#8221; curly_padding=&#8221;content-padding-lg&#8221; css=&#8221;.vc_custom_1474550710558{border-bottom-width: 1px !important;border-bottom-color: #f4f4f4 !important;border-bottom-style: solid !important;}&#8221;][vc_column width=&#8221;1\/2&#8243;][vc_single_image image=&#8221;3770&#8243; img_size=&#8221;large&#8221; css=&#8221;.vc_custom_1555961353580{margin-bottom: 0px !important;}&#8221; el_class=&#8221;img-frame-large&#8221;][\/vc_column][vc_column width=&#8221;1\/3&#8243; offset=&#8221;vc_col-sm-offset-2&#8243;][vc_column_text curly_padding_side=&#8221;content-side-padding-xxl&#8221;]\n<h2><strong>KAYROPRAKT\u0130K<\/strong><\/h2>\n<p>Kayropraktik; kas, omurga ve iskelet sisteminin biyomekanik bozukluklar\u0131 ve bunun sinir sistemi \u00fczerinde olu\u015fturdu\u011fu sorunlar\u0131 \u00f6nlemesiyle ilgilenen destekleyici bir uygulama alan\u0131d\u0131r.[\/vc_column_text][vc_empty_space height=&#8221;.5rem&#8221;][vc_column_text curly_padding_side=&#8221;content-side-padding-xxl&#8221;]<strong><a class=\"btn btn-primary btn-sm\" href=\"https:\/\/www.erdemyorukoglu.com\/tr\/uzmanliklar\/kayropraktik\/\">DETAYLI \u0130NCELE<\/a><\/strong>[\/vc_column_text][\/vc_column][\/vc_row]\n<\/div>","protected":false},"excerpt":{"rendered":"<p>[vc_row full_width=&#8221;stretch_row&#8221; equal_height=&#8221;yes&#8221; content_placement=&#8221;middle&#8221; curly_padding=&#8221;content-padding-lg&#8221; css=&#8221;.vc_custom_1474550710558{border-bottom-width: 1px !important;border-bottom-color: #f4f4f4 !important;border-bottom-style: solid !important;}&#8221;][vc_column width=&#8221;1\/2&#8243;][vc_single_image image=&#8221;2362&#8243; img_size=&#8221;large&#8221; css=&#8221;.vc_custom_1542482178336{margin-bottom: 0px !important;}&#8221; el_class=&#8221;img-frame-large&#8221;][\/vc_column][vc_column width=&#8221;1\/3&#8243; offset=&#8221;vc_col-sm-offset-2&#8243;][vc_column_text curly_padding_side=&#8221;content-side-padding-xxl&#8221;] ORTOPED\u0130K MANUEL TERAP\u0130 (OMT) Manuel terapi, g\u00fcn\u00fcm\u00fczde modern t\u0131pta yerini alan ve tarihi Hipokrat\u2019a kadar uzanan bilim dal\u0131d\u0131r.\u00a0Manuel terapi teknikleri fizyoterapistler taraf\u0131ndan tamamlay\u0131c\u0131 tedavi y\u00f6ntemi olarak uygulan\u0131r. Fizik tedavi y\u00f6ntem ve teknikleriyle birle\u015ftirildi\u011finde gereksiz ameliyatlar\u0131 \u00f6nler ve ya\u015fam [&hellip;]<\/p>\n","protected":false},"author":1,"featured_media":0,"parent":0,"menu_order":0,"comment_status":"closed","ping_status":"closed","template":"","meta":{"inline_featured_image":false,"footnotes":""},"class_list":["post-9","page","type-page","status-publish","hentry"],"yoast_head":"<!-- This site is optimized with the Yoast SEO plugin v25.7 - https:\/\/yoast.com\/wordpress\/plugins\/seo\/ -->\n<title>UZMANLIKLAR<\/title>\n<meta name=\"description\" content=\"Manuel Terapi (OMT), Osteopati, Schroth-3D Skolyoz Tedavi, Graston,Derin Doku ve Tetik Nokta Masaj\u0131, Alexander Tekni\u011fi, Myofascial Realese, FMS (Functional Movement Screen), F\u00f6ldi Lenf\u00f6dem\" \/>\n<meta name=\"robots\" content=\"index, follow, max-snippet:-1, max-image-preview:large, max-video-preview:-1\" \/>\n<link rel=\"canonical\" href=\"https:\/\/www.erdemyorukoglu.com\/tr\/uzmanliklar\/\" \/>\n<meta property=\"og:locale\" content=\"tr_TR\" \/>\n<meta property=\"og:locale:alternate\" content=\"en_US\" \/>\n<meta property=\"og:locale:alternate\" content=\"De_GR\" \/>\n<meta property=\"og:type\" content=\"article\" \/>\n<meta property=\"og:title\" content=\"UZMANLIKLAR\" \/>\n<meta property=\"og:description\" content=\"Manuel Terapi (OMT), Osteopati, Schroth-3D Skolyoz Tedavi, Graston,Derin Doku ve Tetik Nokta Masaj\u0131, Alexander Tekni\u011fi, Myofascial Realese, FMS (Functional Movement Screen), F\u00f6ldi Lenf\u00f6dem\" \/>\n<meta property=\"og:url\" content=\"https:\/\/www.erdemyorukoglu.com\/tr\/uzmanliklar\/\" \/>\n<meta property=\"og:site_name\" content=\"Erdem Y\u00f6r\u00fcko\u011flu \/\/ Manuel Terapi, Fizyoterapist, Ankara\" \/>\n<meta property=\"article:modified_time\" content=\"2019-08-30T14:56:22+00:00\" \/>\n<meta name=\"twitter:card\" content=\"summary_large_image\" \/>\n<meta name=\"twitter:label1\" content=\"Tahmini okuma s\u00fcresi\" \/>\n\t<meta name=\"twitter:data1\" content=\"21 dakika\" \/>\n<script type=\"application\/ld+json\" class=\"yoast-schema-graph\">{\"@context\":\"https:\/\/schema.org\",\"@graph\":[{\"@type\":\"WebPage\",\"@id\":\"https:\/\/www.erdemyorukoglu.com\/de\/uzmanliklar\/\",\"url\":\"https:\/\/www.erdemyorukoglu.com\/de\/uzmanliklar\/\",\"name\":\"UZMANLIKLAR\",\"isPartOf\":{\"@id\":\"https:\/\/www.erdemyorukoglu.com\/en\/#website\"},\"datePublished\":\"2016-03-30T13:45:34+00:00\",\"dateModified\":\"2019-08-30T14:56:22+00:00\",\"description\":\"Manuel Terapi (OMT), Osteopati, Schroth-3D Skolyoz Tedavi, Graston,Derin Doku ve Tetik Nokta Masaj\u0131, Alexander Tekni\u011fi, Myofascial Realese, FMS (Functional Movement Screen), F\u00f6ldi Lenf\u00f6dem\",\"breadcrumb\":{\"@id\":\"https:\/\/www.erdemyorukoglu.com\/de\/uzmanliklar\/#breadcrumb\"},\"inLanguage\":\"tr-TR\",\"potentialAction\":[{\"@type\":\"ReadAction\",\"target\":[\"https:\/\/www.erdemyorukoglu.com\/de\/uzmanliklar\/\"]}]},{\"@type\":\"BreadcrumbList\",\"@id\":\"https:\/\/www.erdemyorukoglu.com\/de\/uzmanliklar\/#breadcrumb\",\"itemListElement\":[{\"@type\":\"ListItem\",\"position\":1,\"name\":\"MANUEL TERAP\u0130 ANKARA %%sep%% %%sitename%%\",\"item\":\"https:\/\/www.erdemyorukoglu.com\/de\/\"},{\"@type\":\"ListItem\",\"position\":2,\"name\":\"UZMANLIKLAR\"}]},{\"@type\":\"WebSite\",\"@id\":\"https:\/\/www.erdemyorukoglu.com\/en\/#website\",\"url\":\"https:\/\/www.erdemyorukoglu.com\/en\/\",\"name\":\"Erdem Y\u00f6r\u00fcko\u011flu \/\/ Manuel Terapi, Fizyoterapist, Ankara\",\"description\":\"Manuel Terapi, Kayropraktik, Fizyoterapi, Bel ve Boyun F\u0131t\u0131\u011f\u0131, Lenf\u00f6dem Tedavisi, Gyrotonic, Skolyoz, Ankara\",\"publisher\":{\"@id\":\"https:\/\/www.erdemyorukoglu.com\/en\/#\/schema\/person\/854314645f5beb1ce61d3d55971d52e1\"},\"potentialAction\":[{\"@type\":\"SearchAction\",\"target\":{\"@type\":\"EntryPoint\",\"urlTemplate\":\"https:\/\/www.erdemyorukoglu.com\/en\/?s={search_term_string}\"},\"query-input\":{\"@type\":\"PropertyValueSpecification\",\"valueRequired\":true,\"valueName\":\"search_term_string\"}}],\"inLanguage\":\"tr-TR\"},{\"@type\":[\"Person\",\"Organization\"],\"@id\":\"https:\/\/www.erdemyorukoglu.com\/en\/#\/schema\/person\/854314645f5beb1ce61d3d55971d52e1\",\"name\":\"Erdem Y\u00f6r\u00fcko\u011flu\",\"image\":{\"@type\":\"ImageObject\",\"inLanguage\":\"tr-TR\",\"@id\":\"https:\/\/www.erdemyorukoglu.com\/en\/#\/schema\/person\/image\/\",\"url\":\"https:\/\/www.erdemyorukoglu.com\/wp-content\/uploads\/2018\/11\/fav-icon-1.png\",\"contentUrl\":\"https:\/\/www.erdemyorukoglu.com\/wp-content\/uploads\/2018\/11\/fav-icon-1.png\",\"width\":512,\"height\":512,\"caption\":\"Erdem Y\u00f6r\u00fcko\u011flu\"},\"logo\":{\"@id\":\"https:\/\/www.erdemyorukoglu.com\/en\/#\/schema\/person\/image\/\"}}]}<\/script>\n<!-- \/ Yoast SEO plugin. -->","yoast_head_json":{"title":"UZMANLIKLAR","description":"Manuel Terapi (OMT), Osteopati, Schroth-3D Skolyoz Tedavi, Graston,Derin Doku ve Tetik Nokta Masaj\u0131, Alexander Tekni\u011fi, Myofascial Realese, FMS (Functional Movement Screen), F\u00f6ldi Lenf\u00f6dem","robots":{"index":"index","follow":"follow","max-snippet":"max-snippet:-1","max-image-preview":"max-image-preview:large","max-video-preview":"max-video-preview:-1"},"canonical":"https:\/\/www.erdemyorukoglu.com\/tr\/uzmanliklar\/","og_locale":"tr_TR","og_type":"article","og_title":"Erdem Y\u00f6r\u00fcko\u011flu \/\/ Manuel Terapi, Fizyoterapist, Ankara - [:tr]UZMANLIKLAR[:en]SKILLS[:de]SACHKENNTNIS[:]","og_description":"Manuel Terapi (OMT), Osteopati, Schroth-3D Skolyoz Tedavi, Graston,Derin Doku ve Tetik Nokta Masaj\u0131, Alexander Tekni\u011fi, Myofascial Realese, FMS (Functional Movement Screen), F\u00f6ldi Lenf\u00f6dem","og_url":"https:\/\/www.erdemyorukoglu.com\/tr\/uzmanliklar\/","og_site_name":"Erdem Y\u00f6r\u00fcko\u011flu \/\/ Manuel Terapi, Fizyoterapist, Ankara","article_modified_time":"2019-08-30T14:56:22+00:00","twitter_card":"summary_large_image","twitter_misc":{"Tahmini okuma s\u00fcresi":"21 dakika"},"schema":{"@context":"https:\/\/schema.org","@graph":[{"@type":"WebPage","@id":"https:\/\/www.erdemyorukoglu.com\/de\/uzmanliklar\/","url":"https:\/\/www.erdemyorukoglu.com\/de\/uzmanliklar\/","name":"UZMANLIKLAR","isPartOf":{"@id":"https:\/\/www.erdemyorukoglu.com\/en\/#website"},"datePublished":"2016-03-30T13:45:34+00:00","dateModified":"2019-08-30T14:56:22+00:00","description":"Manuel Terapi (OMT), Osteopati, Schroth-3D Skolyoz Tedavi, Graston,Derin Doku ve Tetik Nokta Masaj\u0131, Alexander Tekni\u011fi, Myofascial Realese, FMS (Functional Movement Screen), F\u00f6ldi Lenf\u00f6dem","breadcrumb":{"@id":"https:\/\/www.erdemyorukoglu.com\/de\/uzmanliklar\/#breadcrumb"},"inLanguage":"tr-TR","potentialAction":[{"@type":"ReadAction","target":["https:\/\/www.erdemyorukoglu.com\/de\/uzmanliklar\/"]}]},{"@type":"BreadcrumbList","@id":"https:\/\/www.erdemyorukoglu.com\/de\/uzmanliklar\/#breadcrumb","itemListElement":[{"@type":"ListItem","position":1,"name":"MANUEL TERAP\u0130 ANKARA %%sep%% %%sitename%%","item":"https:\/\/www.erdemyorukoglu.com\/de\/"},{"@type":"ListItem","position":2,"name":"UZMANLIKLAR"}]},{"@type":"WebSite","@id":"https:\/\/www.erdemyorukoglu.com\/en\/#website","url":"https:\/\/www.erdemyorukoglu.com\/en\/","name":"Erdem Y\u00f6r\u00fcko\u011flu \/\/ Manuel Terapi, Fizyoterapist, Ankara","description":"Manuel Terapi, Kayropraktik, Fizyoterapi, Bel ve Boyun F\u0131t\u0131\u011f\u0131, Lenf\u00f6dem Tedavisi, Gyrotonic, Skolyoz, Ankara","publisher":{"@id":"https:\/\/www.erdemyorukoglu.com\/en\/#\/schema\/person\/854314645f5beb1ce61d3d55971d52e1"},"potentialAction":[{"@type":"SearchAction","target":{"@type":"EntryPoint","urlTemplate":"https:\/\/www.erdemyorukoglu.com\/en\/?s={search_term_string}"},"query-input":{"@type":"PropertyValueSpecification","valueRequired":true,"valueName":"search_term_string"}}],"inLanguage":"tr-TR"},{"@type":["Person","Organization"],"@id":"https:\/\/www.erdemyorukoglu.com\/en\/#\/schema\/person\/854314645f5beb1ce61d3d55971d52e1","name":"Erdem Y\u00f6r\u00fcko\u011flu","image":{"@type":"ImageObject","inLanguage":"tr-TR","@id":"https:\/\/www.erdemyorukoglu.com\/en\/#\/schema\/person\/image\/","url":"https:\/\/www.erdemyorukoglu.com\/wp-content\/uploads\/2018\/11\/fav-icon-1.png","contentUrl":"https:\/\/www.erdemyorukoglu.com\/wp-content\/uploads\/2018\/11\/fav-icon-1.png","width":512,"height":512,"caption":"Erdem Y\u00f6r\u00fcko\u011flu"},"logo":{"@id":"https:\/\/www.erdemyorukoglu.com\/en\/#\/schema\/person\/image\/"}}]}},"_links":{"self":[{"href":"https:\/\/www.erdemyorukoglu.com\/tr\/wp-json\/wp\/v2\/pages\/9","targetHints":{"allow":["GET"]}}],"collection":[{"href":"https:\/\/www.erdemyorukoglu.com\/tr\/wp-json\/wp\/v2\/pages"}],"about":[{"href":"https:\/\/www.erdemyorukoglu.com\/tr\/wp-json\/wp\/v2\/types\/page"}],"author":[{"embeddable":true,"href":"https:\/\/www.erdemyorukoglu.com\/tr\/wp-json\/wp\/v2\/users\/1"}],"replies":[{"embeddable":true,"href":"https:\/\/www.erdemyorukoglu.com\/tr\/wp-json\/wp\/v2\/comments?post=9"}],"version-history":[{"count":42,"href":"https:\/\/www.erdemyorukoglu.com\/tr\/wp-json\/wp\/v2\/pages\/9\/revisions"}],"predecessor-version":[{"id":4166,"href":"https:\/\/www.erdemyorukoglu.com\/tr\/wp-json\/wp\/v2\/pages\/9\/revisions\/4166"}],"wp:attachment":[{"href":"https:\/\/www.erdemyorukoglu.com\/tr\/wp-json\/wp\/v2\/media?parent=9"}],"curies":[{"name":"wp","href":"https:\/\/api.w.org\/{rel}","templated":true}]}}